{"id":499,"date":"2023-03-02T09:25:19","date_gmt":"2023-03-02T09:25:19","guid":{"rendered":"https:\/\/staging.peterjonesilg.co.uk\/fr\/?page_id=499"},"modified":"2025-10-07T12:26:08","modified_gmt":"2025-10-07T11:26:08","slug":"incapacitant-spray-holder","status":"publish","type":"page","link":"https:\/\/www.peterjonesilg.co.uk\/fr\/product-ranges\/incapacitant-spray-holder\/","title":{"rendered":"Porte-spray incapacitant"},"content":{"rendered":"\n<p>Lorsque votre \u00e9quipement est vital, une mise en \u0153uvre rapide et facile est essentielle. Robuste, durable et con\u00e7u pour durer, le Porte-spray incapacitant <strong>Peter Jones<\/strong> prot\u00e8ge le contenant contre les chocs et reste solidement en place, m\u00eame lorsque l\u2019utilisateur court ou entre en contact avec un assaillant. La <strong>dragonne<\/strong> permet de garder le spray attach\u00e9e au corps de l\u2019utilisateur, m\u00eame en cas de chute. Il n\u2019est donc pas surprenant que de nombreux utilisateurs nous disent que c\u2019est l\u2019un des meilleurs \u00e9quipements qu\u2019ils poss\u00e8dent.<\/p>\n\n\n\n<p>La gamme de Porte-spray incapacitant Peter Jones permet un port <strong>mains libres<\/strong> de diff\u00e9rents types de spray, notamment <strong>PAVA<\/strong> et <strong>CS<\/strong>. La plupart des mod\u00e8les sont <strong>rotatifs<\/strong> pour un acc\u00e8s facilit\u00e9 et un meilleur confort, et peuvent \u00eatre mont\u00e9s via un <strong>connecteur Klick Fast<\/strong>, un <strong>passant de ceinture<\/strong> ou une <strong>attache MOLLE<\/strong>.<\/p>\n\n\n<section class=\"gallery-grid even\"\n           aria-label=\"Porte-spray incapacitant image gallery\">\n          <div>\n        <img loading=\"lazy\" decoding=\"async\" width=\"1650\" height=\"1100\" src=\"https:\/\/www.peterjonesilg.co.uk\/app\/uploads\/sites\/2\/2023\/04\/P175-38S_FRONT.jpg\" class=\"attachment-image_4_3_medium size-image_4_3_medium\" alt=\"\" srcset=\"https:\/\/www.peterjonesilg.co.uk\/app\/uploads\/sites\/2\/2023\/04\/P175-38S_FRONT.jpg 1650w, https:\/\/www.peterjonesilg.co.uk\/app\/uploads\/sites\/2\/2023\/04\/P175-38S_FRONT-300x200.jpg 300w, https:\/\/www.peterjonesilg.co.uk\/app\/uploads\/sites\/2\/2023\/04\/P175-38S_FRONT-1024x683.jpg 1024w, https:\/\/www.peterjonesilg.co.uk\/app\/uploads\/sites\/2\/2023\/04\/P175-38S_FRONT-768x512.jpg 768w, https:\/\/www.peterjonesilg.co.uk\/app\/uploads\/sites\/2\/2023\/04\/P175-38S_FRONT-1536x1024.jpg 1536w, https:\/\/www.peterjonesilg.co.uk\/app\/uploads\/sites\/2\/2023\/04\/P175-38S_FRONT-80x53.jpg 80w, https:\/\/www.peterjonesilg.co.uk\/app\/uploads\/sites\/2\/2023\/04\/P175-38S_FRONT-160x107.jpg 160w\" sizes=\"auto, (max-width: 1650px) 100vw, 1650px\" \/>\n      <\/div>\n          <div>\n        <img loading=\"lazy\" decoding=\"async\" width=\"1650\" height=\"1100\" src=\"https:\/\/www.peterjonesilg.co.uk\/app\/uploads\/sites\/2\/2023\/03\/P175-38S_REAR.jpg\" class=\"attachment-image_4_3_medium size-image_4_3_medium\" alt=\"\" \/>\n      <\/div>\n          <div>\n        <img loading=\"lazy\" decoding=\"async\" width=\"1650\" height=\"1100\" src=\"https:\/\/www.peterjonesilg.co.uk\/app\/uploads\/sites\/2\/2023\/03\/P175MV.jpg\" class=\"attachment-image_4_3_medium size-image_4_3_medium\" alt=\"\" \/>\n      <\/div>\n          <div>\n        <img loading=\"lazy\" decoding=\"async\" width=\"1650\" height=\"1100\" src=\"https:\/\/www.peterjonesilg.co.uk\/app\/uploads\/sites\/2\/2023\/04\/P175-38KFNOD_REAR.jpg\" class=\"attachment-image_4_3_medium size-image_4_3_medium\" alt=\"\" srcset=\"https:\/\/www.peterjonesilg.co.uk\/app\/uploads\/sites\/2\/2023\/04\/P175-38KFNOD_REAR.jpg 1650w, https:\/\/www.peterjonesilg.co.uk\/app\/uploads\/sites\/2\/2023\/04\/P175-38KFNOD_REAR-300x200.jpg 300w, https:\/\/www.peterjonesilg.co.uk\/app\/uploads\/sites\/2\/2023\/04\/P175-38KFNOD_REAR-1024x683.jpg 1024w, https:\/\/www.peterjonesilg.co.uk\/app\/uploads\/sites\/2\/2023\/04\/P175-38KFNOD_REAR-768x512.jpg 768w, https:\/\/www.peterjonesilg.co.uk\/app\/uploads\/sites\/2\/2023\/04\/P175-38KFNOD_REAR-1536x1024.jpg 1536w, https:\/\/www.peterjonesilg.co.uk\/app\/uploads\/sites\/2\/2023\/04\/P175-38KFNOD_REAR-80x53.jpg 80w, https:\/\/www.peterjonesilg.co.uk\/app\/uploads\/sites\/2\/2023\/04\/P175-38KFNOD_REAR-160x107.jpg 160w\" sizes=\"auto, (max-width: 1650px) 100vw, 1650px\" \/>\n      <\/div>\n      <\/section>\n\n\n<section class=\"content-panel-block\" aria-label=Product features>\n  <div class=\"content-panel pad bg-mono-800\">\n    \n\n<h2 class=\"wp-block-heading has-text-align-center has-h-4-font-size\"><strong>Caract\u00e9ristiques du produit<\/strong><\/h2>\n\n\n\n<div class=\"wp-block-columns is-layout-flex wp-container-core-columns-is-layout-9d6595d7 wp-block-columns-is-layout-flex\">\n<div class=\"wp-block-column is-layout-flow wp-block-column-is-layout-flow\">\n<ul class=\"wp-block-list\">\n<li>Le mod\u00e8le standard est \u00e9quip\u00e9 d\u2019un passant arri\u00e8re en cuir permettant une fixation sur des ceintures jusqu\u2019\u00e0 50 mm de largeur. Il est \u00e9galement disponible avec un passant adapt\u00e9 aux ceintures jusqu\u2019\u00e0 55 mm.<\/li>\n\n\n\n<li>Des options de montage alternatives incluent une attache syst\u00e8me MOLLE et un <a href=\"https:\/\/www.peterjonesilg.co.uk\/product-ranges\/klick-fast\/\">connecteur Klick Fast <\/a>\u00e0 l\u2019arri\u00e8re.\u00a0 Les mod\u00e8les avec connecteur Klick Fast peuvent aussi \u00eatre fournis avec des <a href=\"https:\/\/www.peterjonesilg.co.uk\/products\/klick-fast-belt-dock\/\">docks Klick Fast <\/a>pour ceinture, compatibles avec des largeurs de ceinture de 32 mm, 38 mm, 50 mm ou 60 mm, offrant ainsi une grande flexibilit\u00e9 pour fixer le porte-spray incapacitant sur diff\u00e9rentes parties du corps ou directement sur la ceinture.<\/li>\n\n\n\n<li>Le porte-spray peut \u00eatre mont\u00e9 de chaque c\u00f4t\u00e9 du corps pour une utilisation droiti\u00e8re ou gauch\u00e8re.<\/li>\n\n\n\n<li>Le positionnement est ajustable gr\u00e2ce \u00e0 un cliquet en nylon durable \u00e0 12 positions, rotatif \u00e0 360\u00ba.<\/li>\n\n\n\n<li>Le mod\u00e8le standard est \u00e9quip\u00e9 d\u2019un r\u00e9cipient con\u00e7u pour accueillir un spray incapacitant de 35 mm de diam\u00e8tre, mais les r\u00e9cipients sont interchangeables, avec d\u2019autres mod\u00e8les disponibles pour diff\u00e9rentes tailles de sprays (par exemple, diam\u00e8tre de 38 mm, longueur de 135 mm).<\/li>\n\n\n\n<li>Une sangle de retenue en cuir s\u00e9curise le r\u00e9cipient et se ferme facilement \u00e0 l\u2019aide d\u2019un bouton-pression robuste.<\/li>\n<\/ul>\n<\/div>\n\n\n\n<div class=\"wp-block-column is-layout-flow wp-block-column-is-layout-flow\">\n<ul class=\"wp-block-list\">\n<li>Le r\u00e9cipient moul\u00e9 en nylon pr\u00e9sente une surface textur\u00e9e pour une prise en main s\u00fbre.<\/li>\n\n\n\n<li>Le porte-spray est \u00e9quip\u00e9 d\u2019un cordon spiral\u00e9 pour maintenir le r\u00e9cipient pr\u00e8s du corps en cas de chute accidentelle.<\/li>\n\n\n\n<li>Pour le rangement, le r\u00e9cipient et le spray peuvent \u00eatre facilement s\u00e9par\u00e9s du support en d\u00e9tachant le crochet plat \u00e0 ressort du cordon.<\/li>\n\n\n\n<li>Permet un d\u00e9ploiement rapide en situation critique.<\/li>\n\n\n\n<li>Les variantes du mod\u00e8le incluent des porte-sprays droitiers ou gauchers, fixes (non rotatifs), ainsi qu\u2019un mod\u00e8le sans cuir pour ceux qui souhaitent \u00e9viter les produits d\u2019origine animale.<\/li>\n\n\n\n<li>Couleur : noir<\/li>\n<\/ul>\n<\/div>\n<\/div>\n\n\n  <\/div>\n<\/section>\n\n\n<div class=\"content-banner\" aria-label=\"Contactez-nous pour plus d&#039;informations\">\n  <div class=\"inner bg-green-400 text-white\">\n    <p class=\"h2\">Contactez-nous pour plus d&#039;informations<\/p>\n          <a href=\"http:\/\/www.peterjonesilg.co.uk\/fr\/contact\/\" class=\"button green\">Contactez-nous<\/a>\n      <\/div>\n<\/div>\n","protected":false},"excerpt":{"rendered":"<p>Lorsque votre \u00e9quipement est vital, une mise en \u0153uvre rapide et facile est essentielle. Robuste, durable et con\u00e7u pour durer, le Porte-spray incapacitant Peter Jones prot\u00e8ge le contenant contre les chocs et reste solidement en place, m\u00eame lorsque l\u2019utilisateur court ou entre en contact avec un assaillant. La dragonne permet de garder le spray attach\u00e9e &hellip; <a href=\"https:\/\/www.peterjonesilg.co.uk\/fr\/product-ranges\/incapacitant-spray-holder\/\">A continu\u00e9<\/a><\/p>\n","protected":false},"author":1,"featured_media":845,"parent":22,"menu_order":0,"comment_status":"closed","ping_status":"closed","template":"","meta":{"_acf_changed":false,"footnotes":""},"class_list":["post-499","page","type-page","status-publish","has-post-thumbnail","hentry"],"acf":[],"yoast_head":"<!-- This site is optimized with the Yoast SEO plugin v27.2 - https:\/\/yoast.com\/product\/yoast-seo-wordpress\/ -->\n<title>Porte-spray incapacitant - Peter Jones (ILG)<\/title>\n<meta name=\"robots\" content=\"index, follow, max-snippet:-1, max-image-preview:large, max-video-preview:-1\" \/>\n<link rel=\"canonical\" href=\"https:\/\/www.peterjonesilg.co.uk\/fr\/product-ranges\/incapacitant-spray-holder\/\" \/>\n<meta property=\"og:locale\" content=\"fr_FR\" \/>\n<meta property=\"og:type\" content=\"article\" \/>\n<meta property=\"og:title\" content=\"Porte-spray incapacitant - Peter Jones (ILG)\" \/>\n<meta property=\"og:description\" content=\"Lorsque votre \u00e9quipement est vital, une mise en \u0153uvre rapide et facile est essentielle. Robuste, durable et con\u00e7u pour durer, le Porte-spray incapacitant Peter Jones prot\u00e8ge le contenant contre les chocs et reste solidement en place, m\u00eame lorsque l\u2019utilisateur court ou entre en contact avec un assaillant. La dragonne permet de garder le spray attach\u00e9e &hellip; A continu\u00e9\" \/>\n<meta property=\"og:url\" content=\"https:\/\/www.peterjonesilg.co.uk\/fr\/product-ranges\/incapacitant-spray-holder\/\" \/>\n<meta property=\"og:site_name\" content=\"Peter Jones (ILG)\" \/>\n<meta property=\"article:modified_time\" content=\"2025-10-07T11:26:08+00:00\" \/>\n<meta property=\"og:image\" content=\"https:\/\/www.peterjonesilg.co.uk\/app\/uploads\/sites\/2\/2023\/03\/incapcitant-spray@2x.jpg\" \/>\n\t<meta property=\"og:image:width\" content=\"2320\" \/>\n\t<meta property=\"og:image:height\" content=\"1032\" \/>\n\t<meta property=\"og:image:type\" content=\"image\/jpeg\" \/>\n<meta name=\"twitter:card\" content=\"summary_large_image\" \/>\n<meta name=\"twitter:label1\" content=\"Est. reading time\" \/>\n\t<meta name=\"twitter:data1\" content=\"3 minutes\" \/>\n<script type=\"application\/ld+json\" class=\"yoast-schema-graph\">{\"@context\":\"https:\/\/schema.org\",\"@graph\":[{\"@type\":\"WebPage\",\"@id\":\"https:\/\/www.peterjonesilg.co.uk\/fr\/product-ranges\/incapacitant-spray-holder\/\",\"url\":\"https:\/\/www.peterjonesilg.co.uk\/fr\/product-ranges\/incapacitant-spray-holder\/\",\"name\":\"Porte-spray incapacitant - Peter Jones (ILG)\",\"isPartOf\":{\"@id\":\"https:\/\/www.peterjonesilg.co.uk\/fr\/#website\"},\"primaryImageOfPage\":{\"@id\":\"https:\/\/www.peterjonesilg.co.uk\/fr\/product-ranges\/incapacitant-spray-holder\/#primaryimage\"},\"image\":{\"@id\":\"https:\/\/www.peterjonesilg.co.uk\/fr\/product-ranges\/incapacitant-spray-holder\/#primaryimage\"},\"thumbnailUrl\":\"https:\/\/www.peterjonesilg.co.uk\/app\/uploads\/sites\/2\/2023\/03\/incapcitant-spray@2x.jpg\",\"datePublished\":\"2023-03-02T09:25:19+00:00\",\"dateModified\":\"2025-10-07T11:26:08+00:00\",\"breadcrumb\":{\"@id\":\"https:\/\/www.peterjonesilg.co.uk\/fr\/product-ranges\/incapacitant-spray-holder\/#breadcrumb\"},\"inLanguage\":\"fr-FR\",\"potentialAction\":[{\"@type\":\"ReadAction\",\"target\":[\"https:\/\/www.peterjonesilg.co.uk\/fr\/product-ranges\/incapacitant-spray-holder\/\"]}]},{\"@type\":\"ImageObject\",\"inLanguage\":\"fr-FR\",\"@id\":\"https:\/\/www.peterjonesilg.co.uk\/fr\/product-ranges\/incapacitant-spray-holder\/#primaryimage\",\"url\":\"https:\/\/www.peterjonesilg.co.uk\/app\/uploads\/sites\/2\/2023\/03\/incapcitant-spray@2x.jpg\",\"contentUrl\":\"https:\/\/www.peterjonesilg.co.uk\/app\/uploads\/sites\/2\/2023\/03\/incapcitant-spray@2x.jpg\",\"width\":2320,\"height\":1032},{\"@type\":\"BreadcrumbList\",\"@id\":\"https:\/\/www.peterjonesilg.co.uk\/fr\/product-ranges\/incapacitant-spray-holder\/#breadcrumb\",\"itemListElement\":[{\"@type\":\"ListItem\",\"position\":1,\"name\":\"Accueil\",\"item\":\"https:\/\/www.peterjonesilg.co.uk\/fr\/\"},{\"@type\":\"ListItem\",\"position\":2,\"name\":\"Nos produits\",\"item\":\"https:\/\/www.peterjonesilg.co.uk\/fr\/product-ranges\/\"},{\"@type\":\"ListItem\",\"position\":3,\"name\":\"Porte-spray incapacitant\"}]},{\"@type\":\"WebSite\",\"@id\":\"https:\/\/www.peterjonesilg.co.uk\/fr\/#website\",\"url\":\"https:\/\/www.peterjonesilg.co.uk\/fr\/\",\"name\":\"Peter Jones (ILG)\",\"description\":\"\",\"potentialAction\":[{\"@type\":\"SearchAction\",\"target\":{\"@type\":\"EntryPoint\",\"urlTemplate\":\"https:\/\/www.peterjonesilg.co.uk\/fr\/?s={search_term_string}\"},\"query-input\":{\"@type\":\"PropertyValueSpecification\",\"valueRequired\":true,\"valueName\":\"search_term_string\"}}],\"inLanguage\":\"fr-FR\"}]}<\/script>\n<!-- \/ Yoast SEO plugin. -->","yoast_head_json":{"title":"Porte-spray incapacitant - Peter Jones (ILG)","robots":{"index":"index","follow":"follow","max-snippet":"max-snippet:-1","max-image-preview":"max-image-preview:large","max-video-preview":"max-video-preview:-1"},"canonical":"https:\/\/www.peterjonesilg.co.uk\/fr\/product-ranges\/incapacitant-spray-holder\/","og_locale":"fr_FR","og_type":"article","og_title":"Porte-spray incapacitant - Peter Jones (ILG)","og_description":"Lorsque votre \u00e9quipement est vital, une mise en \u0153uvre rapide et facile est essentielle. Robuste, durable et con\u00e7u pour durer, le Porte-spray incapacitant Peter Jones prot\u00e8ge le contenant contre les chocs et reste solidement en place, m\u00eame lorsque l\u2019utilisateur court ou entre en contact avec un assaillant. La dragonne permet de garder le spray attach\u00e9e &hellip; A continu\u00e9","og_url":"https:\/\/www.peterjonesilg.co.uk\/fr\/product-ranges\/incapacitant-spray-holder\/","og_site_name":"Peter Jones (ILG)","article_modified_time":"2025-10-07T11:26:08+00:00","og_image":[{"width":2320,"height":1032,"url":"https:\/\/www.peterjonesilg.co.uk\/app\/uploads\/sites\/2\/2023\/03\/incapcitant-spray@2x.jpg","type":"image\/jpeg"}],"twitter_card":"summary_large_image","twitter_misc":{"Est. reading time":"3 minutes"},"schema":{"@context":"https:\/\/schema.org","@graph":[{"@type":"WebPage","@id":"https:\/\/www.peterjonesilg.co.uk\/fr\/product-ranges\/incapacitant-spray-holder\/","url":"https:\/\/www.peterjonesilg.co.uk\/fr\/product-ranges\/incapacitant-spray-holder\/","name":"Porte-spray incapacitant - Peter Jones (ILG)","isPartOf":{"@id":"https:\/\/www.peterjonesilg.co.uk\/fr\/#website"},"primaryImageOfPage":{"@id":"https:\/\/www.peterjonesilg.co.uk\/fr\/product-ranges\/incapacitant-spray-holder\/#primaryimage"},"image":{"@id":"https:\/\/www.peterjonesilg.co.uk\/fr\/product-ranges\/incapacitant-spray-holder\/#primaryimage"},"thumbnailUrl":"https:\/\/www.peterjonesilg.co.uk\/app\/uploads\/sites\/2\/2023\/03\/incapcitant-spray@2x.jpg","datePublished":"2023-03-02T09:25:19+00:00","dateModified":"2025-10-07T11:26:08+00:00","breadcrumb":{"@id":"https:\/\/www.peterjonesilg.co.uk\/fr\/product-ranges\/incapacitant-spray-holder\/#breadcrumb"},"inLanguage":"fr-FR","potentialAction":[{"@type":"ReadAction","target":["https:\/\/www.peterjonesilg.co.uk\/fr\/product-ranges\/incapacitant-spray-holder\/"]}]},{"@type":"ImageObject","inLanguage":"fr-FR","@id":"https:\/\/www.peterjonesilg.co.uk\/fr\/product-ranges\/incapacitant-spray-holder\/#primaryimage","url":"https:\/\/www.peterjonesilg.co.uk\/app\/uploads\/sites\/2\/2023\/03\/incapcitant-spray@2x.jpg","contentUrl":"https:\/\/www.peterjonesilg.co.uk\/app\/uploads\/sites\/2\/2023\/03\/incapcitant-spray@2x.jpg","width":2320,"height":1032},{"@type":"BreadcrumbList","@id":"https:\/\/www.peterjonesilg.co.uk\/fr\/product-ranges\/incapacitant-spray-holder\/#breadcrumb","itemListElement":[{"@type":"ListItem","position":1,"name":"Accueil","item":"https:\/\/www.peterjonesilg.co.uk\/fr\/"},{"@type":"ListItem","position":2,"name":"Nos produits","item":"https:\/\/www.peterjonesilg.co.uk\/fr\/product-ranges\/"},{"@type":"ListItem","position":3,"name":"Porte-spray incapacitant"}]},{"@type":"WebSite","@id":"https:\/\/www.peterjonesilg.co.uk\/fr\/#website","url":"https:\/\/www.peterjonesilg.co.uk\/fr\/","name":"Peter Jones (ILG)","description":"","potentialAction":[{"@type":"SearchAction","target":{"@type":"EntryPoint","urlTemplate":"https:\/\/www.peterjonesilg.co.uk\/fr\/?s={search_term_string}"},"query-input":{"@type":"PropertyValueSpecification","valueRequired":true,"valueName":"search_term_string"}}],"inLanguage":"fr-FR"}]}},"_links":{"self":[{"href":"https:\/\/www.peterjonesilg.co.uk\/fr\/wp-json\/wp\/v2\/pages\/499","targetHints":{"allow":["GET"]}}],"collection":[{"href":"https:\/\/www.peterjonesilg.co.uk\/fr\/wp-json\/wp\/v2\/pages"}],"about":[{"href":"https:\/\/www.peterjonesilg.co.uk\/fr\/wp-json\/wp\/v2\/types\/page"}],"author":[{"embeddable":true,"href":"https:\/\/www.peterjonesilg.co.uk\/fr\/wp-json\/wp\/v2\/users\/1"}],"replies":[{"embeddable":true,"href":"https:\/\/www.peterjonesilg.co.uk\/fr\/wp-json\/wp\/v2\/comments?post=499"}],"version-history":[{"count":19,"href":"https:\/\/www.peterjonesilg.co.uk\/fr\/wp-json\/wp\/v2\/pages\/499\/revisions"}],"predecessor-version":[{"id":1947,"href":"https:\/\/www.peterjonesilg.co.uk\/fr\/wp-json\/wp\/v2\/pages\/499\/revisions\/1947"}],"up":[{"embeddable":true,"href":"https:\/\/www.peterjonesilg.co.uk\/fr\/wp-json\/wp\/v2\/pages\/22"}],"wp:featuredmedia":[{"embeddable":true,"href":"https:\/\/www.peterjonesilg.co.uk\/fr\/wp-json\/wp\/v2\/media\/845"}],"wp:attachment":[{"href":"https:\/\/www.peterjonesilg.co.uk\/fr\/wp-json\/wp\/v2\/media?parent=499"}],"curies":[{"name":"wp","href":"https:\/\/api.w.org\/{rel}","templated":true}]}}