{"id":496,"date":"2023-03-02T09:24:25","date_gmt":"2023-03-02T09:24:25","guid":{"rendered":"https:\/\/staging.peterjonesilg.co.uk\/fr\/?page_id=496"},"modified":"2025-12-02T09:55:14","modified_gmt":"2025-12-02T09:55:14","slug":"duty-and-utility-belts","status":"publish","type":"page","link":"https:\/\/www.peterjonesilg.co.uk\/fr\/product-ranges\/duty-and-utility-belts\/","title":{"rendered":"Ceintures d\u2019intervention et de services"},"content":{"rendered":"\n<p><strong>Le cuir fait partie de notre ADN. <\/strong>Depuis nos d\u00e9buts modestes en tant que selliers et artisans, jusqu\u2019\u00e0 devenir aujourd\u2019hui des <strong>concepteurs et fabricants de r\u00e9f\u00e9rence dans le secteur<\/strong>, notre savoir-faire en <strong>travail du cuir<\/strong> reste in\u00e9gal\u00e9.<\/p>\n\n\n\n<p>Nos <strong>ceintures d\u2019intervention et de services <\/strong>sont fabriqu\u00e9es au Royaume-Uni, dans notre propre usine situ\u00e9e \u00e0 <strong>Abergavenny, au Pays de Galles<\/strong>.Con\u00e7ues pour durer, elles sont fabriqu\u00e9es \u00e0 partir de <strong>cuir de qualit\u00e9 sup\u00e9rieure<\/strong> et de <strong>composants robustes<\/strong>, elles sont aussi disponibles dans plusieurs largeurs et tailles, pour garantir un ajustement confortable et une r\u00e9sistance optimale.<\/p>\n\n\n\n<p>Gamme de ceintures d\u2019intervention fabriqu\u00e9es en cro\u00fbte de cuir, en cuir de premi\u00e8re qualit\u00e9 ou en sangle en nylon.<\/p>\n\n\n<section class=\"gallery-grid odd\"\n           aria-label=\"Ceintures d\u2019intervention et de services image gallery\">\n          <div>\n        <img loading=\"lazy\" decoding=\"async\" width=\"1650\" height=\"1100\" src=\"https:\/\/www.peterjonesilg.co.uk\/app\/uploads\/sites\/2\/2023\/03\/LTBLT11.jpg\" class=\"attachment-image_4_3_medium size-image_4_3_medium\" alt=\"\" \/>\n      <\/div>\n          <div>\n        <img loading=\"lazy\" decoding=\"async\" width=\"1650\" height=\"1100\" src=\"https:\/\/www.peterjonesilg.co.uk\/app\/uploads\/sites\/2\/2023\/03\/LTBLT8M.jpg\" class=\"attachment-image_4_3_medium size-image_4_3_medium\" alt=\"\" \/>\n      <\/div>\n          <div>\n        <img loading=\"lazy\" decoding=\"async\" width=\"1650\" height=\"1100\" src=\"https:\/\/www.peterjonesilg.co.uk\/app\/uploads\/sites\/2\/2023\/03\/NYSTR33.jpg\" class=\"attachment-image_4_3_medium size-image_4_3_medium\" alt=\"\" \/>\n      <\/div>\n      <\/section>\n\n\n<section class=\"content-panel-block\" aria-label=Product features>\n  <div class=\"content-panel pad bg-mono-800\">\n    \n\n<h2 class=\"wp-block-heading has-text-align-center has-h-4-font-size\"><strong>Caract\u00e9ristiques des produits<\/strong><\/h2>\n\n\n\n<div class=\"wp-block-columns is-layout-flex wp-container-core-columns-is-layout-9d6595d7 wp-block-columns-is-layout-flex\">\n<div class=\"wp-block-column is-layout-flow wp-block-column-is-layout-flow\">\n<ul class=\"wp-block-list\">\n<li><strong>Les ceintures en cuir<\/strong> sont disponibles en plusieurs largeurs : 25 mm (1\u2033), 30 mm (1,25\u2033) et 40 mm (1,5\u2033), ainsi qu\u2019en diff\u00e9rentes tailles de tour de taille.<\/li>\n\n\n\n<li><strong>Les ceintures de service en cuir<\/strong> sont \u00e9quip\u00e9es d\u2019une boucle \u00e0 ardillon unique, nickel\u00e9e, tandis que <strong>les ceintures d\u2019intervention en cuir<\/strong> disposent d\u2019une boucle \u00e0 double ardillon, \u00e9galement nickel\u00e9e, accompagn\u00e9e de passants en cuir. Des boucles en laiton sont \u00e9galement disponibles pour une utilisation conforme aux normes ATEX et \u00ab s\u00e9curit\u00e9 intrins\u00e8que\u00bb.<\/li>\n<\/ul>\n<\/div>\n\n\n\n<div class=\"wp-block-column is-layout-flow wp-block-column-is-layout-flow\">\n<ul class=\"wp-block-list\">\n<li><strong>Les ceintures en sangle nylon<\/strong> sont propos\u00e9es en deux largeurs : 40 mm (1,5\u2033) et 50 mm (2\u2033), et sont ajustables en longueur. Elles sont dot\u00e9es d\u2019une boucle \u00e0 d\u00e9gagement rapide en nylon. Certaines ceintures en nylon comportent \u00e9galement une ouverture Velcro \u00e0 une extr\u00e9mit\u00e9, permettant de faire glisser des accessoires sur la ceinture.<\/li>\n<\/ul>\n<\/div>\n<\/div>\n\n\n\n<figure class=\"wp-block-table\"><table><tbody><tr><td><strong>Type de ceinture<\/strong><\/td><td><strong><strong>Largeur<\/strong><\/strong><\/td><td><strong><strong>Type de boucle<\/strong><\/strong><\/td><td><strong><strong>Boucle en laiton (ATEX \/ S\u00e9curit\u00e9 intrins\u00e8que)<\/strong><\/strong><\/td><td><strong><strong>Passant de ceinture<\/strong><\/strong><\/td><td><strong><strong>Ouverture Velcro<\/strong><\/strong><\/td><td><strong><strong>Tailles disponibles<\/strong><\/strong><\/td><\/tr><tr><td>Cuir<\/td><td>25mm (1\u201d)<\/td><td>Ardillon simple, nickel\u00e9<\/td><td>Non<\/td><td>Non<\/td><td>N\/A<\/td><td>630 \u2013 820mm (25 \u2013 32\u201d)<br>860 \u2013 1000mm (34\u201d)<br>1000 \u2013 1160mm (40 \u2013 46\u201d)<\/td><\/tr><tr><td>Cuir<\/td><td>30mm (1.25\u201d)<\/td><td>Ardillon simple, nickel\u00e9<\/td><td>Oui<\/td><td>Non<\/td><td>N\/A<\/td><td>800 \u2013 960mm (32 \u2013 38\u201d)<br>1000 \u2013 1160mm (40 \u2013 46\u201d)<br>1120 \u2013 1270mm (44 \u2013 50\u201d)<\/td><\/tr><tr><td>Cuir<\/td><td>40mm (1.5\u201d)<\/td><td>Ardillon simple, nickel\u00e9<\/td><td>Oui<\/td><td>Non<\/td><td>N\/A<\/td><td>820 \u2013 960mm (32 \u2013 38\u201d)<br>1000 \u2013 1160mm (40 \u2013 46\u201d)<\/td><\/tr><tr><td>Cuir<\/td><td>50mm (2\u201d)<\/td><td>Ardillon simple, nickel\u00e9<\/td><td>Non<\/td><td>Oui<\/td><td>N\/A<\/td><td>690 \u2013 990mm (27 \u2013 39\u201d)<br>840 \u2013 1145mm (33 \u2013 45\u201d)<br>990 \u2013 1300mm (39 \u2013 51\u201d)<\/td><\/tr><tr><td>Cuir avec doublure Velcro<\/td><td>50mm (2\u201d)<\/td><td>Boucle \u00e0 d\u00e9gagement rapide en nylon<\/td><td>N\/A<\/td><td>Oui<\/td><td>Oui<\/td><td>Jusqu\u2019\u00e0 820mm (32\u201d)<br>Jusqu\u2019\u00e0 1120mm (44\u201d)<br>Jusqu\u2019\u00e0 1370mm (54\u201d)<\/td><\/tr><tr><td>Sangle nylon<\/td><td>40mm (1.5\u201d)<\/td><td>Boucle \u00e0 d\u00e9gagement rapide en nylon<\/td><td>N\/A<\/td><td>Non<\/td><td>Oui<\/td><td>Adjustable<\/td><\/tr><tr><td>Sangle nylon<\/td><td>50mm (2\u201d)<\/td><td>Boucle \u00e0 d\u00e9gagement rapide en nylon<\/td><td>N\/A<\/td><td>Non<\/td><td>Oui<\/td><td>Adjustable<\/td><\/tr><\/tbody><\/table><\/figure>\n\n\n  <\/div>\n<\/section>\n\n\n<div class=\"content-banner\" aria-label=\"Contactez-nous pour plus d&#039;informations\">\n  <div class=\"inner bg-green-400 text-white\">\n    <p class=\"h2\">Contactez-nous pour plus d&#039;informations<\/p>\n          <a href=\"http:\/\/www.peterjonesilg.co.uk\/fr\/contact\/\" class=\"button green\">Contactez-nous<\/a>\n      <\/div>\n<\/div>\n","protected":false},"excerpt":{"rendered":"<p>Le cuir fait partie de notre ADN. Depuis nos d\u00e9buts modestes en tant que selliers et artisans, jusqu\u2019\u00e0 devenir aujourd\u2019hui des concepteurs et fabricants de r\u00e9f\u00e9rence dans le secteur, notre savoir-faire en travail du cuir reste in\u00e9gal\u00e9. Nos ceintures d\u2019intervention et de services sont fabriqu\u00e9es au Royaume-Uni, dans notre propre usine situ\u00e9e \u00e0 Abergavenny, au &hellip; <a href=\"https:\/\/www.peterjonesilg.co.uk\/fr\/product-ranges\/duty-and-utility-belts\/\">A continu\u00e9<\/a><\/p>\n","protected":false},"author":1,"featured_media":802,"parent":22,"menu_order":0,"comment_status":"closed","ping_status":"closed","template":"","meta":{"_acf_changed":false,"footnotes":""},"class_list":["post-496","page","type-page","status-publish","has-post-thumbnail","hentry"],"acf":[],"yoast_head":"<!-- This site is optimized with the Yoast SEO plugin v27.2 - https:\/\/yoast.com\/product\/yoast-seo-wordpress\/ -->\n<title>Ceintures d\u2019intervention et de services - Peter Jones (ILG)<\/title>\n<meta name=\"robots\" content=\"index, follow, max-snippet:-1, max-image-preview:large, max-video-preview:-1\" \/>\n<link rel=\"canonical\" href=\"https:\/\/www.peterjonesilg.co.uk\/fr\/product-ranges\/duty-and-utility-belts\/\" \/>\n<meta property=\"og:locale\" content=\"fr_FR\" \/>\n<meta property=\"og:type\" content=\"article\" \/>\n<meta property=\"og:title\" content=\"Ceintures d\u2019intervention et de services - Peter Jones (ILG)\" \/>\n<meta property=\"og:description\" content=\"Le cuir fait partie de notre ADN. Depuis nos d\u00e9buts modestes en tant que selliers et artisans, jusqu\u2019\u00e0 devenir aujourd\u2019hui des concepteurs et fabricants de r\u00e9f\u00e9rence dans le secteur, notre savoir-faire en travail du cuir reste in\u00e9gal\u00e9. Nos ceintures d\u2019intervention et de services sont fabriqu\u00e9es au Royaume-Uni, dans notre propre usine situ\u00e9e \u00e0 Abergavenny, au &hellip; A continu\u00e9\" \/>\n<meta property=\"og:url\" content=\"https:\/\/www.peterjonesilg.co.uk\/fr\/product-ranges\/duty-and-utility-belts\/\" \/>\n<meta property=\"og:site_name\" content=\"Peter Jones (ILG)\" \/>\n<meta property=\"article:modified_time\" content=\"2025-12-02T09:55:14+00:00\" \/>\n<meta property=\"og:image\" content=\"https:\/\/www.peterjonesilg.co.uk\/app\/uploads\/sites\/2\/2023\/03\/FG-33-000021.jpg\" \/>\n\t<meta property=\"og:image:width\" content=\"1160\" \/>\n\t<meta property=\"og:image:height\" content=\"516\" \/>\n\t<meta property=\"og:image:type\" content=\"image\/jpeg\" \/>\n<meta name=\"twitter:card\" content=\"summary_large_image\" \/>\n<meta name=\"twitter:label1\" content=\"Est. reading time\" \/>\n\t<meta name=\"twitter:data1\" content=\"5 minutes\" \/>\n<script type=\"application\/ld+json\" class=\"yoast-schema-graph\">{\"@context\":\"https:\/\/schema.org\",\"@graph\":[{\"@type\":\"WebPage\",\"@id\":\"https:\/\/www.peterjonesilg.co.uk\/fr\/product-ranges\/duty-and-utility-belts\/\",\"url\":\"https:\/\/www.peterjonesilg.co.uk\/fr\/product-ranges\/duty-and-utility-belts\/\",\"name\":\"Ceintures d\u2019intervention et de services - Peter Jones (ILG)\",\"isPartOf\":{\"@id\":\"https:\/\/www.peterjonesilg.co.uk\/fr\/#website\"},\"primaryImageOfPage\":{\"@id\":\"https:\/\/www.peterjonesilg.co.uk\/fr\/product-ranges\/duty-and-utility-belts\/#primaryimage\"},\"image\":{\"@id\":\"https:\/\/www.peterjonesilg.co.uk\/fr\/product-ranges\/duty-and-utility-belts\/#primaryimage\"},\"thumbnailUrl\":\"https:\/\/www.peterjonesilg.co.uk\/app\/uploads\/sites\/2\/2023\/03\/FG-33-000021.jpg\",\"datePublished\":\"2023-03-02T09:24:25+00:00\",\"dateModified\":\"2025-12-02T09:55:14+00:00\",\"breadcrumb\":{\"@id\":\"https:\/\/www.peterjonesilg.co.uk\/fr\/product-ranges\/duty-and-utility-belts\/#breadcrumb\"},\"inLanguage\":\"fr-FR\",\"potentialAction\":[{\"@type\":\"ReadAction\",\"target\":[\"https:\/\/www.peterjonesilg.co.uk\/fr\/product-ranges\/duty-and-utility-belts\/\"]}]},{\"@type\":\"ImageObject\",\"inLanguage\":\"fr-FR\",\"@id\":\"https:\/\/www.peterjonesilg.co.uk\/fr\/product-ranges\/duty-and-utility-belts\/#primaryimage\",\"url\":\"https:\/\/www.peterjonesilg.co.uk\/app\/uploads\/sites\/2\/2023\/03\/FG-33-000021.jpg\",\"contentUrl\":\"https:\/\/www.peterjonesilg.co.uk\/app\/uploads\/sites\/2\/2023\/03\/FG-33-000021.jpg\",\"width\":1160,\"height\":516},{\"@type\":\"BreadcrumbList\",\"@id\":\"https:\/\/www.peterjonesilg.co.uk\/fr\/product-ranges\/duty-and-utility-belts\/#breadcrumb\",\"itemListElement\":[{\"@type\":\"ListItem\",\"position\":1,\"name\":\"Accueil\",\"item\":\"https:\/\/www.peterjonesilg.co.uk\/fr\/\"},{\"@type\":\"ListItem\",\"position\":2,\"name\":\"Nos produits\",\"item\":\"https:\/\/www.peterjonesilg.co.uk\/fr\/product-ranges\/\"},{\"@type\":\"ListItem\",\"position\":3,\"name\":\"Ceintures d\u2019intervention et de services\"}]},{\"@type\":\"WebSite\",\"@id\":\"https:\/\/www.peterjonesilg.co.uk\/fr\/#website\",\"url\":\"https:\/\/www.peterjonesilg.co.uk\/fr\/\",\"name\":\"Peter Jones (ILG)\",\"description\":\"\",\"potentialAction\":[{\"@type\":\"SearchAction\",\"target\":{\"@type\":\"EntryPoint\",\"urlTemplate\":\"https:\/\/www.peterjonesilg.co.uk\/fr\/?s={search_term_string}\"},\"query-input\":{\"@type\":\"PropertyValueSpecification\",\"valueRequired\":true,\"valueName\":\"search_term_string\"}}],\"inLanguage\":\"fr-FR\"}]}<\/script>\n<!-- \/ Yoast SEO plugin. -->","yoast_head_json":{"title":"Ceintures d\u2019intervention et de services - Peter Jones (ILG)","robots":{"index":"index","follow":"follow","max-snippet":"max-snippet:-1","max-image-preview":"max-image-preview:large","max-video-preview":"max-video-preview:-1"},"canonical":"https:\/\/www.peterjonesilg.co.uk\/fr\/product-ranges\/duty-and-utility-belts\/","og_locale":"fr_FR","og_type":"article","og_title":"Ceintures d\u2019intervention et de services - Peter Jones (ILG)","og_description":"Le cuir fait partie de notre ADN. Depuis nos d\u00e9buts modestes en tant que selliers et artisans, jusqu\u2019\u00e0 devenir aujourd\u2019hui des concepteurs et fabricants de r\u00e9f\u00e9rence dans le secteur, notre savoir-faire en travail du cuir reste in\u00e9gal\u00e9. Nos ceintures d\u2019intervention et de services sont fabriqu\u00e9es au Royaume-Uni, dans notre propre usine situ\u00e9e \u00e0 Abergavenny, au &hellip; A continu\u00e9","og_url":"https:\/\/www.peterjonesilg.co.uk\/fr\/product-ranges\/duty-and-utility-belts\/","og_site_name":"Peter Jones (ILG)","article_modified_time":"2025-12-02T09:55:14+00:00","og_image":[{"width":1160,"height":516,"url":"https:\/\/www.peterjonesilg.co.uk\/app\/uploads\/sites\/2\/2023\/03\/FG-33-000021.jpg","type":"image\/jpeg"}],"twitter_card":"summary_large_image","twitter_misc":{"Est. reading time":"5 minutes"},"schema":{"@context":"https:\/\/schema.org","@graph":[{"@type":"WebPage","@id":"https:\/\/www.peterjonesilg.co.uk\/fr\/product-ranges\/duty-and-utility-belts\/","url":"https:\/\/www.peterjonesilg.co.uk\/fr\/product-ranges\/duty-and-utility-belts\/","name":"Ceintures d\u2019intervention et de services - Peter Jones (ILG)","isPartOf":{"@id":"https:\/\/www.peterjonesilg.co.uk\/fr\/#website"},"primaryImageOfPage":{"@id":"https:\/\/www.peterjonesilg.co.uk\/fr\/product-ranges\/duty-and-utility-belts\/#primaryimage"},"image":{"@id":"https:\/\/www.peterjonesilg.co.uk\/fr\/product-ranges\/duty-and-utility-belts\/#primaryimage"},"thumbnailUrl":"https:\/\/www.peterjonesilg.co.uk\/app\/uploads\/sites\/2\/2023\/03\/FG-33-000021.jpg","datePublished":"2023-03-02T09:24:25+00:00","dateModified":"2025-12-02T09:55:14+00:00","breadcrumb":{"@id":"https:\/\/www.peterjonesilg.co.uk\/fr\/product-ranges\/duty-and-utility-belts\/#breadcrumb"},"inLanguage":"fr-FR","potentialAction":[{"@type":"ReadAction","target":["https:\/\/www.peterjonesilg.co.uk\/fr\/product-ranges\/duty-and-utility-belts\/"]}]},{"@type":"ImageObject","inLanguage":"fr-FR","@id":"https:\/\/www.peterjonesilg.co.uk\/fr\/product-ranges\/duty-and-utility-belts\/#primaryimage","url":"https:\/\/www.peterjonesilg.co.uk\/app\/uploads\/sites\/2\/2023\/03\/FG-33-000021.jpg","contentUrl":"https:\/\/www.peterjonesilg.co.uk\/app\/uploads\/sites\/2\/2023\/03\/FG-33-000021.jpg","width":1160,"height":516},{"@type":"BreadcrumbList","@id":"https:\/\/www.peterjonesilg.co.uk\/fr\/product-ranges\/duty-and-utility-belts\/#breadcrumb","itemListElement":[{"@type":"ListItem","position":1,"name":"Accueil","item":"https:\/\/www.peterjonesilg.co.uk\/fr\/"},{"@type":"ListItem","position":2,"name":"Nos produits","item":"https:\/\/www.peterjonesilg.co.uk\/fr\/product-ranges\/"},{"@type":"ListItem","position":3,"name":"Ceintures d\u2019intervention et de services"}]},{"@type":"WebSite","@id":"https:\/\/www.peterjonesilg.co.uk\/fr\/#website","url":"https:\/\/www.peterjonesilg.co.uk\/fr\/","name":"Peter Jones (ILG)","description":"","potentialAction":[{"@type":"SearchAction","target":{"@type":"EntryPoint","urlTemplate":"https:\/\/www.peterjonesilg.co.uk\/fr\/?s={search_term_string}"},"query-input":{"@type":"PropertyValueSpecification","valueRequired":true,"valueName":"search_term_string"}}],"inLanguage":"fr-FR"}]}},"_links":{"self":[{"href":"https:\/\/www.peterjonesilg.co.uk\/fr\/wp-json\/wp\/v2\/pages\/496","targetHints":{"allow":["GET"]}}],"collection":[{"href":"https:\/\/www.peterjonesilg.co.uk\/fr\/wp-json\/wp\/v2\/pages"}],"about":[{"href":"https:\/\/www.peterjonesilg.co.uk\/fr\/wp-json\/wp\/v2\/types\/page"}],"author":[{"embeddable":true,"href":"https:\/\/www.peterjonesilg.co.uk\/fr\/wp-json\/wp\/v2\/users\/1"}],"replies":[{"embeddable":true,"href":"https:\/\/www.peterjonesilg.co.uk\/fr\/wp-json\/wp\/v2\/comments?post=496"}],"version-history":[{"count":26,"href":"https:\/\/www.peterjonesilg.co.uk\/fr\/wp-json\/wp\/v2\/pages\/496\/revisions"}],"predecessor-version":[{"id":2282,"href":"https:\/\/www.peterjonesilg.co.uk\/fr\/wp-json\/wp\/v2\/pages\/496\/revisions\/2282"}],"up":[{"embeddable":true,"href":"https:\/\/www.peterjonesilg.co.uk\/fr\/wp-json\/wp\/v2\/pages\/22"}],"wp:featuredmedia":[{"embeddable":true,"href":"https:\/\/www.peterjonesilg.co.uk\/fr\/wp-json\/wp\/v2\/media\/802"}],"wp:attachment":[{"href":"https:\/\/www.peterjonesilg.co.uk\/fr\/wp-json\/wp\/v2\/media?parent=496"}],"curies":[{"name":"wp","href":"https:\/\/api.w.org\/{rel}","templated":true}]}}