{"id":431,"date":"2023-03-01T10:40:27","date_gmt":"2023-03-01T10:40:27","guid":{"rendered":"https:\/\/staging.peterjonesilg.co.uk\/fr\/cookie-policy\/"},"modified":"2025-10-08T10:39:57","modified_gmt":"2025-10-08T09:39:57","slug":"cookie-policy","status":"publish","type":"page","link":"https:\/\/www.peterjonesilg.co.uk\/fr\/cookie-policy\/","title":{"rendered":"Politique relative aux cookies"},"content":{"rendered":"\n<p>Les <strong>cookies<\/strong> sont de petits fichiers texte plac\u00e9s sur votre navigateur ou sur le disque dur de votre ordinateur par les sites web que vous visitez.<br>Ils sont largement utilis\u00e9s pour permettre aux sites web de <strong>fonctionner correctement ou plus efficacement<\/strong>, ainsi que pour fournir des informations aux propri\u00e9taires du site afin d\u2019en am\u00e9liorer le contenu et les services.<\/p>\n\n\n\n<p>Si vous continuez \u00e0 naviguer sur ce site <strong>sans modifier vos pr\u00e9f\u00e9rences en mati\u00e8re de cookies<\/strong>, vous acceptez <strong>l\u2019utilisation de cookies<\/strong> telle que d\u00e9crite dans cette politique.<\/p>\n\n\n\n<p><strong>Cookies que nous utilisons<\/strong><\/p>\n\n\n\n<p><strong>Cookies strictement n\u00e9cessaires<\/strong><\/p>\n\n\n\n<p>Ces cookies sont <strong>indispensables au bon fonctionnement du site web<\/strong> et ne peuvent pas \u00eatre d\u00e9sactiv\u00e9s dans nos syst\u00e8mes.<br>Ils sont g\u00e9n\u00e9ralement d\u00e9finis en r\u00e9ponse \u00e0 des actions que vous effectuez, telles que :<\/p>\n\n\n\n<ul class=\"wp-block-list\">\n<li>la d\u00e9finition de vos <strong>pr\u00e9f\u00e9rences de confidentialit\u00e9<\/strong>,<\/li>\n\n\n\n<li>la <strong>connexion<\/strong> \u00e0 votre compte,<\/li>\n\n\n\n<li>ou le <strong>remplissage de formulaires<\/strong>.<\/li>\n<\/ul>\n\n\n\n<p>Vous pouvez configurer votre navigateur pour <strong>bloquer ces cookies<\/strong> ou vous <strong>alerter<\/strong> lorsqu\u2019ils sont utilis\u00e9s, mais certaines parties du site <strong>ne fonctionneront alors plus correctement<\/strong>.<br>Ces cookies <strong>ne stockent aucune information permettant de vous identifier personnellement<\/strong>.<\/p>\n\n\n\n<figure class=\"wp-block-table\"><table><tbody><tr><td><strong><strong>Nom du cookie<\/strong><\/strong><\/td><td><strong><strong>H\u00f4te<\/strong><\/strong><\/td><td><strong>Source<\/strong><\/td><td><strong>Description<\/strong><\/td><\/tr><tr><td>CookieControl&nbsp;<\/td><td>peterjonesilg.co.uk &amp; klickfast.com(first party)<\/td><td>Civic Cookie Compliance Solution<\/td><td>Ce cookie enregistre des informations sur les <strong>cat\u00e9gories de cookies utilis\u00e9es<\/strong> par notre site et sur le fait que les visiteurs ont <strong>donn\u00e9 ou retir\u00e9 leur consentement<\/strong> pour l\u2019utilisation de chaque cat\u00e9gorie.  Cela nous permet d\u2019<strong>emp\u00eacher l\u2019installation des cookies<\/strong> dans chaque cat\u00e9gorie sur votre navigateur <strong>lorsque le consentement n\u2019a pas \u00e9t\u00e9 donn\u00e9<\/strong>.ach category. This enables us to prevent cookies in each category from being set in your browser, when consent is not given.<br><\/td><\/tr><\/tbody><\/table><\/figure>\n\n\n\n<p><strong><strong>Cookies analytiques<\/strong><\/strong><\/p>\n\n\n\n<p>Ces cookies nous permettent de <strong>compter les visites<\/strong> et les <strong>sources de trafic<\/strong>, afin de <strong>mesurer et am\u00e9liorer les performances<\/strong> de notre site.<br>Ils nous aident \u00e0 savoir <strong>quelles pages sont les plus ou les moins populaires<\/strong> et \u00e0 comprendre <strong>comment les visiteurs naviguent sur le site<\/strong>.<\/p>\n\n\n\n<p>Toutes les informations collect\u00e9es par ces cookies sont <strong>agr\u00e9g\u00e9es<\/strong> et donc <strong>anonymes<\/strong>.<\/p>\n\n\n\n<p>Si vous <strong>n\u2019autorisez pas ces cookies<\/strong>, nous ne saurons pas que vous avez visit\u00e9 notre site et nous ne pourrons pas <strong>suivre ni am\u00e9liorer ses performances<\/strong>.<\/p>\n\n\n\n<figure class=\"wp-block-table\"><table><tbody><tr><td><strong>Cookie Name<\/strong><\/td><td><strong>Host<\/strong><\/td><td><strong>Source<\/strong><\/td><td><strong>Description<\/strong><\/td><\/tr><tr><td>__utmc&nbsp;<\/td><td>peterjonesilg.co.uk &amp; klickfast.com(first party)<br><\/td><td>Google Analytics<\/td><td>This cookie registers a timestamp with the exact time of when you leave the website. It is used by Google Analytics to calculate the duration of a website visit.<\/td><\/tr><tr><td>__utmv&nbsp;<\/td><td>peterjonesilg.co.uk &amp; klickfast.com(first party)<br><\/td><td>Google Analytics<\/td><td>This cookie is used when we create custom visitor-level variables for customising what can be measured.<\/td><\/tr><tr><td>__utmb<\/td><td>peterjonesilg.co.uk &amp; klickfast.com(first party)<br><\/td><td>Google Analytics<\/td><td>This cookie registers a timestamp with the exact time of when you accessed the website. It is used by Google Analytics to calculate the duration of a website visit.<\/td><\/tr><tr><td>__utmz&nbsp;<\/td><td>peterjonesilg.co.uk &amp; klickfast.com(first party)<br><\/td><td>Google Analytics<\/td><td>This cookie collects data on where you came from, what search engine you used, what link you clicked and what search term you used.&nbsp;<\/td><\/tr><tr><td>__utmt&nbsp;<\/td><td>peterjonesilg.co.uk &amp; klickfast.com(first party)<br><\/td><td>Google Analytics<\/td><td>This cookie is used to throttle the request rate for the service &#8211; limiting the collection of data on high traffic sites.<\/td><\/tr><tr><td>__utma&nbsp;<\/td><td>peterjonesilg.co.uk &amp; klickfast.com(first party)<br><\/td><td>Google Analytics<\/td><td>This cookie collects data on the number of times you have visited the website as well as dates for your first and most recent visit.<\/td><\/tr><\/tbody><\/table><\/figure>\n\n\n\n<p><a href=\"https:\/\/support.google.com\/analytics\/answer\/6004245\">Read Google&rsquo;s overview of privacy and safeguarding data.<\/a><\/p>\n\n\n\n<p><strong> <strong>Cookies marketing<\/strong><\/strong><\/p>\n\n\n\n<p>Ces cookies peuvent \u00eatre install\u00e9s sur notre site par nos <strong>partenaires publicitaires<\/strong>.<br>Ils peuvent \u00eatre utilis\u00e9s par ces entreprises pour <strong>\u00e9tablir un profil de vos centres d\u2019int\u00e9r\u00eat<\/strong> et vous proposer des <strong>publicit\u00e9s pertinentes<\/strong> sur d\u2019autres sites.<\/p>\n\n\n\n<p>Nous <strong>n\u2019avons aucun contr\u00f4le<\/strong> sur les cookies utilis\u00e9s par ces partenaires publicitaires tiers.<br>Ces cookies <strong>ne stockent pas directement d\u2019informations personnelles<\/strong>, mais reposent sur l\u2019identification unique de votre <strong>navigateur<\/strong> et de votre <strong>appareil<\/strong> connect\u00e9 \u00e0 Internet.<\/p>\n\n\n\n<p>Si vous <strong>n\u2019autorisez pas ces cookies<\/strong>, vous recevrez des publicit\u00e9s <strong>moins cibl\u00e9es<\/strong>. Nous int\u00e9grons des vid\u00e9os depuis notre <strong>cha\u00eene YouTube officielle<\/strong> en utilisant le <strong>mode de confidentialit\u00e9 renforc\u00e9e<\/strong> de YouTube.<\/p>\n\n\n\n<p>Ce mode peut <strong>installer des cookies<\/strong> sur votre ordinateur <strong>lorsque vous cliquez<\/strong> sur le lecteur vid\u00e9o YouTube, mais YouTube <strong>ne stockera pas d\u2019informations personnelles identifiables<\/strong> lors de la lecture de vid\u00e9os int\u00e9gr\u00e9es via ce mode.\u00a0<a href=\"https:\/\/support.google.com\/youtube\/answer\/171780?hl=en-GB\">Pour en savoir plus, consultez la page d\u2019information de YouTube sur l\u2019int\u00e9gration des vid\u00e9os.<\/a>.<\/p>\n\n\n\n<figure class=\"wp-block-table\"><table><tbody><tr><td><strong>Cookie Name<\/strong><\/td><td><strong>Host<\/strong><\/td><td><strong>Description<\/strong><\/td><\/tr><tr><td>demographics<\/td><td>youtube.com(third party)<\/td><td>YouTube is a Google owned platform for hosting and sharing videos. YouTube collects user data through videos embedded in websites, which is aggregated with profile data from other Google services to display targeted advertising to web visitors across a broad range of their own and other websites. This cookie is most likely used for demographic profiling and targeting for advertising.<br><\/td><\/tr><tr><td>VISITOR_INFO1_LIVE<\/td><td>youtube.com(third party)<\/td><td>This cookie is used as a unique identifier to track your preferences and viewing of videos. It can also determine whether you are using the new or old version of the YouTube interface.<br><\/td><\/tr><tr><td>GPS&nbsp;<\/td><td>youtube.com(third party)<br><\/td><td>This cookie registers a unique ID on devices to enable tracking based on geographical GPS location.<\/td><\/tr><tr><td>LOGIN_INFO<\/td><td>youtube.com(third party)<br><\/td><td>There is no specific information about this cookie from youtube.com.<\/td><\/tr><tr><td>YSC&nbsp;<\/td><td>youtube.com(third party)<br><\/td><td>This cookie registers a unique ID to keep statistics of what videos from YouTube you have seen.<\/td><\/tr><tr><td>APISID<\/td><td>youtube.com &amp; google.com(third party)<\/td><td>This cookie is used by both Google and Google-owned YouTube. Although Google is primarily known as a search engine, the company provides a diverse range of products and services (e.g. YouTube). Its main source of revenue however is advertising. Google tracks users extensively both through its own products and sites, and the numerous technologies embedded into many millions of websites worldwide. This cookie works by uniquely identifying your browser and device to build a profile of your interests and show relevant ads on other sites.<br><\/td><\/tr><tr><td>SSID<\/td><td>youtube.com &amp; google.com(third party)<br><\/td><td>There is no specific information about this cookie from Google and YouTube, but it is most likely to be used for storing your preferences and for showing you relevant ads on other sites.<\/td><\/tr><tr><td>PREF<\/td><td>youtube.com &amp; google.com(third party)<\/td><td>This is a common Google cookie, used across several of their services including YouTube. It stores user preference and can be used to personalise ads on google searches. It works by uniquely identifying your browser and device.<\/td><\/tr><tr><td>SID<\/td><td>youtube.com &amp; google.com(third party)<br><\/td><td>This cookie is used by Google and Google-owned YouTube in combination with the HSID cookie to verify a Google or YouTube user account and most recent login time.<\/td><\/tr><tr><td>SAPISID<\/td><td>youtube.com &amp; google.com(third party)<br><\/td><td>This cookie is used by Google and Google-owned YouTube to build a profile of your interests and to show relevant ads on other sites. This cookie works by uniquely identifying your browser and device.<\/td><\/tr><tr><td>HSID<\/td><td>youtube.com &amp; google.com(third party)<br><\/td><td>This cookie is used by Google and Google-owned YouTube in combination with the SID cookie to verify a Google or YouTube user account and most recent login time.<\/td><\/tr><tr><td>id<\/td><td>doubleclick.net(third party)<\/td><td>DoubleClick is owned by Google and makes its money from online advertisers and publishers. Google uses DoubleClick across its own sites including YouTube. This cookie is normally used to profile your interests and browsing habits so that DoubleClick (Google) may display ads that will be of interest to you across the web.<br><\/td><\/tr><\/tbody><\/table><\/figure>\n\n\n\n<p><strong>Comment modifier vos param\u00e8tres de cookies<\/strong> Notre outil de gestion des cookies vous permet de <strong>modifier vos pr\u00e9f\u00e9rences<\/strong> lorsque l\u2019avis d\u2019information sur les cookies appara\u00eet <strong>lors de votre premi\u00e8re visite<\/strong> sur notre site web.<br>Vous pouvez <strong>changer les param\u00e8tres<\/strong> pour chaque <strong>cat\u00e9gorie de cookies<\/strong> (\u00e0 l\u2019exception des cookies strictement n\u00e9cessaires) \u00e0 tout moment en cliquant sur le bouton ci-dessous :<\/p>\n\n\n\n<p><a class=\"cookie-control\" href=\"void(0);\"><strong>Param\u00e8tres des cookies<\/strong><\/a><\/p>\n\n\n\n<p>La plupart des navigateurs web permettent \u00e9galement de <strong>contr\u00f4ler les cookies<\/strong> via leurs param\u00e8tres.  Cependant, si vous configurez votre navigateur pour <strong>bloquer tous les cookies<\/strong> (y compris les cookies strictement n\u00e9cessaires), il se peut que vous ne puissiez <strong>pas acc\u00e9der \u00e0 tout ou partie du site<\/strong>.<\/p>\n\n\n\n<p>Pour en savoir plus sur les cookies, y compris comment voir ceux qui ont \u00e9t\u00e9 install\u00e9s, consultez :\u00a0<a href=\"https:\/\/www.aboutcookies.org\/\">https:\/\/www.aboutcookies.org\/<\/a>\u00a0or\u00a0<a href=\"http:\/\/www.allaboutcookies.org\/\">http:\/\/www.allaboutcookies.org\/<\/a>.<\/p>\n\n\n\n<p><strong>D\u00e9sactiver\/activer ou supprimer les cookies dans les navigateurs populaires :<\/strong><\/p>\n\n\n\n<p><a><\/a><a href=\"https:\/\/support.google.com\/chrome\/answer\/95647\">Google Chrome<\/a><\/p>\n\n\n\n<p><a href=\"https:\/\/privacy.microsoft.com\/en-us\/windows-10-microsoft-edge-and-privacy\">Microsoft Edge<\/a><\/p>\n\n\n\n<p><a href=\"https:\/\/support.mozilla.org\/en-US\/products\/firefox\/protect-your-privacy\/cookies\">Mozilla Firefox<\/a><\/p>\n\n\n\n<p><a href=\"https:\/\/support.microsoft.com\/en-gb\/help\/17442\/windows-internet-explorer-delete-manage-cookies\">Microsoft Internet Explorer<\/a><\/p>\n\n\n\n<p><a href=\"https:\/\/www.opera.com\/help\/tutorials\/security\/privacy\/\">Opera<\/a><\/p>\n\n\n\n<p><a href=\"https:\/\/support.apple.com\/en-gb\/guide\/safari\/sfri11471\/mac\">Apple Safari<\/a><\/p>\n\n\n\n<p>Pour obtenir des informations concernant d\u2019autres navigateurs, consultez le <strong>site web du d\u00e9veloppeur<\/strong> du navigateur concern\u00e9.<\/p>\n\n\n\n<p>Pour <strong>d\u00e9sactiver le suivi par Google Analytics<\/strong> sur tous les sites web, visitez :\u00a0<a href=\"http:\/\/tools.google.com\/dlpage\/gaoptout\">http:\/\/tools.google.com\/dlpage\/gaoptout<\/a>.<\/p>\n","protected":false},"excerpt":{"rendered":"<p>Les cookies sont de petits fichiers texte plac\u00e9s sur votre navigateur ou sur le disque dur de votre ordinateur par les sites web que vous visitez.Ils sont largement utilis\u00e9s pour permettre aux sites web de fonctionner correctement ou plus efficacement, ainsi que pour fournir des informations aux propri\u00e9taires du site afin d\u2019en am\u00e9liorer le contenu &hellip; <a href=\"https:\/\/www.peterjonesilg.co.uk\/fr\/cookie-policy\/\">A continu\u00e9<\/a><\/p>\n","protected":false},"author":1,"featured_media":0,"parent":0,"menu_order":0,"comment_status":"closed","ping_status":"closed","template":"","meta":{"_acf_changed":false,"footnotes":""},"class_list":["post-431","page","type-page","status-publish","hentry"],"acf":[],"yoast_head":"<!-- This site is optimized with the Yoast SEO plugin v27.2 - https:\/\/yoast.com\/product\/yoast-seo-wordpress\/ -->\n<title>Politique relative aux cookies - Peter Jones (ILG)<\/title>\n<meta name=\"robots\" content=\"index, follow, max-snippet:-1, max-image-preview:large, max-video-preview:-1\" \/>\n<link rel=\"canonical\" href=\"https:\/\/www.peterjonesilg.co.uk\/fr\/cookie-policy\/\" \/>\n<meta property=\"og:locale\" content=\"fr_FR\" \/>\n<meta property=\"og:type\" content=\"article\" \/>\n<meta property=\"og:title\" content=\"Politique relative aux cookies - Peter Jones (ILG)\" \/>\n<meta property=\"og:description\" content=\"Les cookies sont de petits fichiers texte plac\u00e9s sur votre navigateur ou sur le disque dur de votre ordinateur par les sites web que vous visitez.Ils sont largement utilis\u00e9s pour permettre aux sites web de fonctionner correctement ou plus efficacement, ainsi que pour fournir des informations aux propri\u00e9taires du site afin d\u2019en am\u00e9liorer le contenu &hellip; A continu\u00e9\" \/>\n<meta property=\"og:url\" content=\"https:\/\/www.peterjonesilg.co.uk\/fr\/cookie-policy\/\" \/>\n<meta property=\"og:site_name\" content=\"Peter Jones (ILG)\" \/>\n<meta property=\"article:modified_time\" content=\"2025-10-08T09:39:57+00:00\" \/>\n<meta name=\"twitter:card\" content=\"summary_large_image\" \/>\n<meta name=\"twitter:label1\" content=\"Est. reading time\" \/>\n\t<meta name=\"twitter:data1\" content=\"7 minutes\" \/>\n<script type=\"application\/ld+json\" class=\"yoast-schema-graph\">{\"@context\":\"https:\/\/schema.org\",\"@graph\":[{\"@type\":\"WebPage\",\"@id\":\"https:\/\/www.peterjonesilg.co.uk\/fr\/cookie-policy\/\",\"url\":\"https:\/\/www.peterjonesilg.co.uk\/fr\/cookie-policy\/\",\"name\":\"Politique relative aux cookies - Peter Jones (ILG)\",\"isPartOf\":{\"@id\":\"https:\/\/www.peterjonesilg.co.uk\/fr\/#website\"},\"datePublished\":\"2023-03-01T10:40:27+00:00\",\"dateModified\":\"2025-10-08T09:39:57+00:00\",\"breadcrumb\":{\"@id\":\"https:\/\/www.peterjonesilg.co.uk\/fr\/cookie-policy\/#breadcrumb\"},\"inLanguage\":\"fr-FR\",\"potentialAction\":[{\"@type\":\"ReadAction\",\"target\":[\"https:\/\/www.peterjonesilg.co.uk\/fr\/cookie-policy\/\"]}]},{\"@type\":\"BreadcrumbList\",\"@id\":\"https:\/\/www.peterjonesilg.co.uk\/fr\/cookie-policy\/#breadcrumb\",\"itemListElement\":[{\"@type\":\"ListItem\",\"position\":1,\"name\":\"Accueil\",\"item\":\"https:\/\/www.peterjonesilg.co.uk\/fr\/\"},{\"@type\":\"ListItem\",\"position\":2,\"name\":\"Politique relative aux cookies\"}]},{\"@type\":\"WebSite\",\"@id\":\"https:\/\/www.peterjonesilg.co.uk\/fr\/#website\",\"url\":\"https:\/\/www.peterjonesilg.co.uk\/fr\/\",\"name\":\"Peter Jones (ILG)\",\"description\":\"\",\"potentialAction\":[{\"@type\":\"SearchAction\",\"target\":{\"@type\":\"EntryPoint\",\"urlTemplate\":\"https:\/\/www.peterjonesilg.co.uk\/fr\/?s={search_term_string}\"},\"query-input\":{\"@type\":\"PropertyValueSpecification\",\"valueRequired\":true,\"valueName\":\"search_term_string\"}}],\"inLanguage\":\"fr-FR\"}]}<\/script>\n<!-- \/ Yoast SEO plugin. -->","yoast_head_json":{"title":"Politique relative aux cookies - Peter Jones (ILG)","robots":{"index":"index","follow":"follow","max-snippet":"max-snippet:-1","max-image-preview":"max-image-preview:large","max-video-preview":"max-video-preview:-1"},"canonical":"https:\/\/www.peterjonesilg.co.uk\/fr\/cookie-policy\/","og_locale":"fr_FR","og_type":"article","og_title":"Politique relative aux cookies - Peter Jones (ILG)","og_description":"Les cookies sont de petits fichiers texte plac\u00e9s sur votre navigateur ou sur le disque dur de votre ordinateur par les sites web que vous visitez.Ils sont largement utilis\u00e9s pour permettre aux sites web de fonctionner correctement ou plus efficacement, ainsi que pour fournir des informations aux propri\u00e9taires du site afin d\u2019en am\u00e9liorer le contenu &hellip; A continu\u00e9","og_url":"https:\/\/www.peterjonesilg.co.uk\/fr\/cookie-policy\/","og_site_name":"Peter Jones (ILG)","article_modified_time":"2025-10-08T09:39:57+00:00","twitter_card":"summary_large_image","twitter_misc":{"Est. reading time":"7 minutes"},"schema":{"@context":"https:\/\/schema.org","@graph":[{"@type":"WebPage","@id":"https:\/\/www.peterjonesilg.co.uk\/fr\/cookie-policy\/","url":"https:\/\/www.peterjonesilg.co.uk\/fr\/cookie-policy\/","name":"Politique relative aux cookies - Peter Jones (ILG)","isPartOf":{"@id":"https:\/\/www.peterjonesilg.co.uk\/fr\/#website"},"datePublished":"2023-03-01T10:40:27+00:00","dateModified":"2025-10-08T09:39:57+00:00","breadcrumb":{"@id":"https:\/\/www.peterjonesilg.co.uk\/fr\/cookie-policy\/#breadcrumb"},"inLanguage":"fr-FR","potentialAction":[{"@type":"ReadAction","target":["https:\/\/www.peterjonesilg.co.uk\/fr\/cookie-policy\/"]}]},{"@type":"BreadcrumbList","@id":"https:\/\/www.peterjonesilg.co.uk\/fr\/cookie-policy\/#breadcrumb","itemListElement":[{"@type":"ListItem","position":1,"name":"Accueil","item":"https:\/\/www.peterjonesilg.co.uk\/fr\/"},{"@type":"ListItem","position":2,"name":"Politique relative aux cookies"}]},{"@type":"WebSite","@id":"https:\/\/www.peterjonesilg.co.uk\/fr\/#website","url":"https:\/\/www.peterjonesilg.co.uk\/fr\/","name":"Peter Jones (ILG)","description":"","potentialAction":[{"@type":"SearchAction","target":{"@type":"EntryPoint","urlTemplate":"https:\/\/www.peterjonesilg.co.uk\/fr\/?s={search_term_string}"},"query-input":{"@type":"PropertyValueSpecification","valueRequired":true,"valueName":"search_term_string"}}],"inLanguage":"fr-FR"}]}},"_links":{"self":[{"href":"https:\/\/www.peterjonesilg.co.uk\/fr\/wp-json\/wp\/v2\/pages\/431","targetHints":{"allow":["GET"]}}],"collection":[{"href":"https:\/\/www.peterjonesilg.co.uk\/fr\/wp-json\/wp\/v2\/pages"}],"about":[{"href":"https:\/\/www.peterjonesilg.co.uk\/fr\/wp-json\/wp\/v2\/types\/page"}],"author":[{"embeddable":true,"href":"https:\/\/www.peterjonesilg.co.uk\/fr\/wp-json\/wp\/v2\/users\/1"}],"replies":[{"embeddable":true,"href":"https:\/\/www.peterjonesilg.co.uk\/fr\/wp-json\/wp\/v2\/comments?post=431"}],"version-history":[{"count":7,"href":"https:\/\/www.peterjonesilg.co.uk\/fr\/wp-json\/wp\/v2\/pages\/431\/revisions"}],"predecessor-version":[{"id":1981,"href":"https:\/\/www.peterjonesilg.co.uk\/fr\/wp-json\/wp\/v2\/pages\/431\/revisions\/1981"}],"wp:attachment":[{"href":"https:\/\/www.peterjonesilg.co.uk\/fr\/wp-json\/wp\/v2\/media?parent=431"}],"curies":[{"name":"wp","href":"https:\/\/api.w.org\/{rel}","templated":true}]}}