{"id":385,"date":"2023-02-28T11:55:34","date_gmt":"2023-02-28T11:55:34","guid":{"rendered":"https:\/\/staging.peterjonesilg.co.uk\/fr\/?page_id=385"},"modified":"2025-10-07T11:35:42","modified_gmt":"2025-10-07T10:35:42","slug":"fortis","status":"publish","type":"page","link":"https:\/\/www.peterjonesilg.co.uk\/fr\/product-ranges\/fortis\/","title":{"rendered":"FORTiS"},"content":{"rendered":"\n<p>FORTiS propose une solution de transport pratique pour les appareils mobiles, garantissant que l\u2019appareil reste toujours \u00e0 port\u00e9e de main pour un acc\u00e8s imm\u00e9diat.<br>La gamme a \u00e9t\u00e9 con\u00e7ue pour permettre aux utilisateurs de transporter les derni\u00e8res technologies l\u00e0 o\u00f9 ils en ont besoin, avec la qualit\u00e9 sup\u00e9rieure et la durabilit\u00e9 reconnues de <strong>Peter Jones<\/strong>.<\/p>\n\n\n\n<p>Les supports FORTiS offrent une <strong>protection suppl\u00e9mentaire<\/strong> et une <strong>portabilit\u00e9 mains libres<\/strong> pour les appareils mobiles, y compris les <strong>smartphones<\/strong>.\u00a0 Ils peuvent \u00eatre port\u00e9s <strong>face visible<\/strong> pour une consultation rapide de l\u2019\u00e9cran ou <strong>repli\u00e9s<\/strong> pour plus de discr\u00e9tion, et s\u2019adaptent aussi bien aux <strong>ceintures<\/strong> qu\u2019aux <strong>v\u00eatements<\/strong>.\u00a0 Fabriqu\u00e9s avec l\u2019un des plus robuste mat\u00e9riel appel\u00e9 ABS, les supports FORTiS sont \u00e9quip\u00e9s \u00e0 l\u2019arri\u00e8re d\u2019un <strong><a href=\"https:\/\/www.peterjonesilg.co.uk\/product-category\/klick-fast\/\">connecteur Klick Fast<\/a><\/strong> permettant une fixation sur tous les <strong><a href=\"https:\/\/www.peterjonesilg.co.uk\/product-ranges\/klick-fast\/\">docks Klick Fast Peter Jones<\/a><\/strong>.\u00a0 Les appareils sont maintenus en toute s\u00e9curit\u00e9 dans le support FORTiS gr\u00e2ce \u00e0 une <strong>\u201cgriffe\u201d \u00e0 chaque coin<\/strong>, assurant une fixation fiable m\u00eame en mouvement, y compris en courant.<\/p>\n\n\n<section class=\"gallery-grid odd\"\n           aria-label=\"FORTiS image gallery\">\n          <div>\n        <img loading=\"lazy\" decoding=\"async\" width=\"1650\" height=\"1100\" src=\"https:\/\/www.peterjonesilg.co.uk\/app\/uploads\/sites\/2\/2023\/03\/P20FORTiS_FRONT.jpg\" class=\"attachment-image_4_3_medium size-image_4_3_medium\" alt=\"\" \/>\n      <\/div>\n          <div>\n        <img loading=\"lazy\" decoding=\"async\" width=\"1650\" height=\"1100\" src=\"https:\/\/www.peterjonesilg.co.uk\/app\/uploads\/sites\/2\/2023\/03\/P20FORTiS_REAR.jpg\" class=\"attachment-image_4_3_medium size-image_4_3_medium\" alt=\"\" \/>\n      <\/div>\n          <div>\n        <img loading=\"lazy\" decoding=\"async\" width=\"1650\" height=\"1100\" src=\"https:\/\/www.peterjonesilg.co.uk\/app\/uploads\/sites\/2\/2023\/03\/P20FORTiS_FOLDDOWN.jpg\" class=\"attachment-image_4_3_medium size-image_4_3_medium\" alt=\"\" \/>\n      <\/div>\n      <\/section>\n\n\n<section class=\"content-panel-block\" aria-label=Product Features>\n  <div class=\"content-panel pad bg-mono-800\">\n    \n\n<h2 class=\"wp-block-heading has-text-align-center has-h-4-font-size\"><strong>Caract\u00e9ristiques du produit<\/strong><\/h2>\n\n\n\n<div class=\"wp-block-columns is-layout-flex wp-container-core-columns-is-layout-9d6595d7 wp-block-columns-is-layout-flex\">\n<div class=\"wp-block-column is-layout-flow wp-block-column-is-layout-flow\">\n<ul class=\"wp-block-list\">\n<li>Les supports FORTiS sont con\u00e7us et d\u00e9velopp\u00e9s selon les sp\u00e9cifications de chaque appareil mobile, afin que les \u00e9l\u00e9ments tels que l\u2019\u00e9cran, les boutons, les commandes, les ports USB, les haut-parleurs, les microphones, les lecteurs d\u2019empreintes digitales et les objectifs de cam\u00e9ra soient <strong>enti\u00e8rement accessibles et non obstru\u00e9s<\/strong>.\u00a0<\/li>\n\n\n\n<li>Des <strong>ouvertures moul\u00e9es<\/strong> et des <strong>protections<\/strong> sont int\u00e9gr\u00e9es dans le design FORTiS pour \u00e9viter l\u2019activation accidentelle des boutons et commandes, tout en <strong>guidant l\u2019utilisateur<\/strong> dans leur localisation.\u00a0 Ces \u00e9l\u00e9ments permettent \u00e9galement aux utilisateurs <strong>portant des gants<\/strong> d\u2019utiliser tous les boutons et commandes.<\/li>\n\n\n\n<li>La <strong>r\u00e9tention et le guidage des c\u00e2bles jack et USB<\/strong> peuvent \u00eatre int\u00e9gr\u00e9s au support FORTiS pour s\u00e9curiser le c\u00e2blage, si n\u00e9cessaire.<\/li>\n<\/ul>\n<\/div>\n\n\n\n<div class=\"wp-block-column is-layout-flow wp-block-column-is-layout-flow\">\n<ul class=\"wp-block-list\">\n<li>Les <strong>\u00e9tuis rabattables FORTiS<\/strong> sont disponibles pour offrir une protection suppl\u00e9mentaire gr\u00e2ce \u00e0 un <strong>\u00e9tui int\u00e9gral<\/strong> fix\u00e9 au support moul\u00e9 en ABS.  L\u2019\u00e9tui rabattable FORTiS s\u2019ouvre et se ferme \u00e0 l\u2019aide de <strong>deux boutons-pression robustes<\/strong>, tout en permettant un <strong>acc\u00e8s complet<\/strong> \u00e0 toutes les fonctionnalit\u00e9s et commandes de l\u2019appareil, tout en <strong>pr\u00e9servant la confidentialit\u00e9 de l\u2019\u00e9cran<\/strong>.\u00a0 Un <strong><a href=\"https:\/\/www.peterjonesilg.co.uk\/product-ranges\/klick-fast\/\">connecteur Klick Fast<\/a><\/strong> \u00e0 l\u2019arri\u00e8re de l\u2019\u00e9tui permet une fixation sur tous les <a href=\"https:\/\/www.peterjonesilg.co.uk\/product-category\/klick-fast\/\"><strong>docks Klick Fast Peter Jones<\/strong>.<\/a><\/li>\n\n\n\n<li>Nous pouvons fabriquer des supports FORTiS pour la plupart des marques d\u2019appareils mobiles, y compris <strong>Samsung<\/strong>, <strong>Motorola<\/strong> et <strong>Zebra<\/strong>.<\/li>\n\n\n\n<li><strong>Couleurs disponibles<\/strong> : noir, jaune haute visibilit\u00e9 et orange haute visibilit\u00e9.<\/li>\n<\/ul>\n<\/div>\n<\/div>\n\n\n  <\/div>\n<\/section>\n\n\n<div class=\"content-banner\" aria-label=\"Contactez-nous pour plus d&#039;informations\">\n  <div class=\"inner bg-green-400 text-white\">\n    <p class=\"h2\">Contactez-nous pour plus d&#039;informations<\/p>\n          <a href=\"http:\/\/www.peterjonesilg.co.uk\/fr\/contact\/\" class=\"button green\">Contactez-nous<\/a>\n      <\/div>\n<\/div>\n","protected":false},"excerpt":{"rendered":"<p>FORTiS propose une solution de transport pratique pour les appareils mobiles, garantissant que l\u2019appareil reste toujours \u00e0 port\u00e9e de main pour un acc\u00e8s imm\u00e9diat.La gamme a \u00e9t\u00e9 con\u00e7ue pour permettre aux utilisateurs de transporter les derni\u00e8res technologies l\u00e0 o\u00f9 ils en ont besoin, avec la qualit\u00e9 sup\u00e9rieure et la durabilit\u00e9 reconnues de Peter Jones. Les &hellip; <a href=\"https:\/\/www.peterjonesilg.co.uk\/fr\/product-ranges\/fortis\/\">A continu\u00e9<\/a><\/p>\n","protected":false},"author":1,"featured_media":844,"parent":22,"menu_order":0,"comment_status":"closed","ping_status":"closed","template":"","meta":{"_acf_changed":false,"footnotes":""},"class_list":["post-385","page","type-page","status-publish","has-post-thumbnail","hentry"],"acf":[],"yoast_head":"<!-- This site is optimized with the Yoast SEO plugin v27.2 - https:\/\/yoast.com\/product\/yoast-seo-wordpress\/ -->\n<title>FORTiS - Peter Jones (ILG)<\/title>\n<meta name=\"robots\" content=\"index, follow, max-snippet:-1, max-image-preview:large, max-video-preview:-1\" \/>\n<link rel=\"canonical\" href=\"https:\/\/www.peterjonesilg.co.uk\/fr\/product-ranges\/fortis\/\" \/>\n<meta property=\"og:locale\" content=\"fr_FR\" \/>\n<meta property=\"og:type\" content=\"article\" \/>\n<meta property=\"og:title\" content=\"FORTiS - Peter Jones (ILG)\" \/>\n<meta property=\"og:description\" content=\"FORTiS propose une solution de transport pratique pour les appareils mobiles, garantissant que l\u2019appareil reste toujours \u00e0 port\u00e9e de main pour un acc\u00e8s imm\u00e9diat.La gamme a \u00e9t\u00e9 con\u00e7ue pour permettre aux utilisateurs de transporter les derni\u00e8res technologies l\u00e0 o\u00f9 ils en ont besoin, avec la qualit\u00e9 sup\u00e9rieure et la durabilit\u00e9 reconnues de Peter Jones. Les &hellip; A continu\u00e9\" \/>\n<meta property=\"og:url\" content=\"https:\/\/www.peterjonesilg.co.uk\/fr\/product-ranges\/fortis\/\" \/>\n<meta property=\"og:site_name\" content=\"Peter Jones (ILG)\" \/>\n<meta property=\"article:modified_time\" content=\"2025-10-07T10:35:42+00:00\" \/>\n<meta property=\"og:image\" content=\"https:\/\/www.peterjonesilg.co.uk\/app\/uploads\/sites\/2\/2023\/03\/Fortis@2x.jpg\" \/>\n\t<meta property=\"og:image:width\" content=\"2320\" \/>\n\t<meta property=\"og:image:height\" content=\"1032\" \/>\n\t<meta property=\"og:image:type\" content=\"image\/jpeg\" \/>\n<meta name=\"twitter:card\" content=\"summary_large_image\" \/>\n<meta name=\"twitter:label1\" content=\"Est. reading time\" \/>\n\t<meta name=\"twitter:data1\" content=\"3 minutes\" \/>\n<script type=\"application\/ld+json\" class=\"yoast-schema-graph\">{\"@context\":\"https:\/\/schema.org\",\"@graph\":[{\"@type\":\"WebPage\",\"@id\":\"https:\/\/www.peterjonesilg.co.uk\/fr\/product-ranges\/fortis\/\",\"url\":\"https:\/\/www.peterjonesilg.co.uk\/fr\/product-ranges\/fortis\/\",\"name\":\"FORTiS - Peter Jones (ILG)\",\"isPartOf\":{\"@id\":\"https:\/\/www.peterjonesilg.co.uk\/fr\/#website\"},\"primaryImageOfPage\":{\"@id\":\"https:\/\/www.peterjonesilg.co.uk\/fr\/product-ranges\/fortis\/#primaryimage\"},\"image\":{\"@id\":\"https:\/\/www.peterjonesilg.co.uk\/fr\/product-ranges\/fortis\/#primaryimage\"},\"thumbnailUrl\":\"https:\/\/www.peterjonesilg.co.uk\/app\/uploads\/sites\/2\/2023\/03\/Fortis@2x.jpg\",\"datePublished\":\"2023-02-28T11:55:34+00:00\",\"dateModified\":\"2025-10-07T10:35:42+00:00\",\"breadcrumb\":{\"@id\":\"https:\/\/www.peterjonesilg.co.uk\/fr\/product-ranges\/fortis\/#breadcrumb\"},\"inLanguage\":\"fr-FR\",\"potentialAction\":[{\"@type\":\"ReadAction\",\"target\":[\"https:\/\/www.peterjonesilg.co.uk\/fr\/product-ranges\/fortis\/\"]}]},{\"@type\":\"ImageObject\",\"inLanguage\":\"fr-FR\",\"@id\":\"https:\/\/www.peterjonesilg.co.uk\/fr\/product-ranges\/fortis\/#primaryimage\",\"url\":\"https:\/\/www.peterjonesilg.co.uk\/app\/uploads\/sites\/2\/2023\/03\/Fortis@2x.jpg\",\"contentUrl\":\"https:\/\/www.peterjonesilg.co.uk\/app\/uploads\/sites\/2\/2023\/03\/Fortis@2x.jpg\",\"width\":2320,\"height\":1032},{\"@type\":\"BreadcrumbList\",\"@id\":\"https:\/\/www.peterjonesilg.co.uk\/fr\/product-ranges\/fortis\/#breadcrumb\",\"itemListElement\":[{\"@type\":\"ListItem\",\"position\":1,\"name\":\"Accueil\",\"item\":\"https:\/\/www.peterjonesilg.co.uk\/fr\/\"},{\"@type\":\"ListItem\",\"position\":2,\"name\":\"Nos produits\",\"item\":\"https:\/\/www.peterjonesilg.co.uk\/fr\/product-ranges\/\"},{\"@type\":\"ListItem\",\"position\":3,\"name\":\"FORTiS\"}]},{\"@type\":\"WebSite\",\"@id\":\"https:\/\/www.peterjonesilg.co.uk\/fr\/#website\",\"url\":\"https:\/\/www.peterjonesilg.co.uk\/fr\/\",\"name\":\"Peter Jones (ILG)\",\"description\":\"\",\"potentialAction\":[{\"@type\":\"SearchAction\",\"target\":{\"@type\":\"EntryPoint\",\"urlTemplate\":\"https:\/\/www.peterjonesilg.co.uk\/fr\/?s={search_term_string}\"},\"query-input\":{\"@type\":\"PropertyValueSpecification\",\"valueRequired\":true,\"valueName\":\"search_term_string\"}}],\"inLanguage\":\"fr-FR\"}]}<\/script>\n<!-- \/ Yoast SEO plugin. -->","yoast_head_json":{"title":"FORTiS - Peter Jones (ILG)","robots":{"index":"index","follow":"follow","max-snippet":"max-snippet:-1","max-image-preview":"max-image-preview:large","max-video-preview":"max-video-preview:-1"},"canonical":"https:\/\/www.peterjonesilg.co.uk\/fr\/product-ranges\/fortis\/","og_locale":"fr_FR","og_type":"article","og_title":"FORTiS - Peter Jones (ILG)","og_description":"FORTiS propose une solution de transport pratique pour les appareils mobiles, garantissant que l\u2019appareil reste toujours \u00e0 port\u00e9e de main pour un acc\u00e8s imm\u00e9diat.La gamme a \u00e9t\u00e9 con\u00e7ue pour permettre aux utilisateurs de transporter les derni\u00e8res technologies l\u00e0 o\u00f9 ils en ont besoin, avec la qualit\u00e9 sup\u00e9rieure et la durabilit\u00e9 reconnues de Peter Jones. Les &hellip; A continu\u00e9","og_url":"https:\/\/www.peterjonesilg.co.uk\/fr\/product-ranges\/fortis\/","og_site_name":"Peter Jones (ILG)","article_modified_time":"2025-10-07T10:35:42+00:00","og_image":[{"width":2320,"height":1032,"url":"https:\/\/www.peterjonesilg.co.uk\/app\/uploads\/sites\/2\/2023\/03\/Fortis@2x.jpg","type":"image\/jpeg"}],"twitter_card":"summary_large_image","twitter_misc":{"Est. reading time":"3 minutes"},"schema":{"@context":"https:\/\/schema.org","@graph":[{"@type":"WebPage","@id":"https:\/\/www.peterjonesilg.co.uk\/fr\/product-ranges\/fortis\/","url":"https:\/\/www.peterjonesilg.co.uk\/fr\/product-ranges\/fortis\/","name":"FORTiS - Peter Jones (ILG)","isPartOf":{"@id":"https:\/\/www.peterjonesilg.co.uk\/fr\/#website"},"primaryImageOfPage":{"@id":"https:\/\/www.peterjonesilg.co.uk\/fr\/product-ranges\/fortis\/#primaryimage"},"image":{"@id":"https:\/\/www.peterjonesilg.co.uk\/fr\/product-ranges\/fortis\/#primaryimage"},"thumbnailUrl":"https:\/\/www.peterjonesilg.co.uk\/app\/uploads\/sites\/2\/2023\/03\/Fortis@2x.jpg","datePublished":"2023-02-28T11:55:34+00:00","dateModified":"2025-10-07T10:35:42+00:00","breadcrumb":{"@id":"https:\/\/www.peterjonesilg.co.uk\/fr\/product-ranges\/fortis\/#breadcrumb"},"inLanguage":"fr-FR","potentialAction":[{"@type":"ReadAction","target":["https:\/\/www.peterjonesilg.co.uk\/fr\/product-ranges\/fortis\/"]}]},{"@type":"ImageObject","inLanguage":"fr-FR","@id":"https:\/\/www.peterjonesilg.co.uk\/fr\/product-ranges\/fortis\/#primaryimage","url":"https:\/\/www.peterjonesilg.co.uk\/app\/uploads\/sites\/2\/2023\/03\/Fortis@2x.jpg","contentUrl":"https:\/\/www.peterjonesilg.co.uk\/app\/uploads\/sites\/2\/2023\/03\/Fortis@2x.jpg","width":2320,"height":1032},{"@type":"BreadcrumbList","@id":"https:\/\/www.peterjonesilg.co.uk\/fr\/product-ranges\/fortis\/#breadcrumb","itemListElement":[{"@type":"ListItem","position":1,"name":"Accueil","item":"https:\/\/www.peterjonesilg.co.uk\/fr\/"},{"@type":"ListItem","position":2,"name":"Nos produits","item":"https:\/\/www.peterjonesilg.co.uk\/fr\/product-ranges\/"},{"@type":"ListItem","position":3,"name":"FORTiS"}]},{"@type":"WebSite","@id":"https:\/\/www.peterjonesilg.co.uk\/fr\/#website","url":"https:\/\/www.peterjonesilg.co.uk\/fr\/","name":"Peter Jones (ILG)","description":"","potentialAction":[{"@type":"SearchAction","target":{"@type":"EntryPoint","urlTemplate":"https:\/\/www.peterjonesilg.co.uk\/fr\/?s={search_term_string}"},"query-input":{"@type":"PropertyValueSpecification","valueRequired":true,"valueName":"search_term_string"}}],"inLanguage":"fr-FR"}]}},"_links":{"self":[{"href":"https:\/\/www.peterjonesilg.co.uk\/fr\/wp-json\/wp\/v2\/pages\/385","targetHints":{"allow":["GET"]}}],"collection":[{"href":"https:\/\/www.peterjonesilg.co.uk\/fr\/wp-json\/wp\/v2\/pages"}],"about":[{"href":"https:\/\/www.peterjonesilg.co.uk\/fr\/wp-json\/wp\/v2\/types\/page"}],"author":[{"embeddable":true,"href":"https:\/\/www.peterjonesilg.co.uk\/fr\/wp-json\/wp\/v2\/users\/1"}],"replies":[{"embeddable":true,"href":"https:\/\/www.peterjonesilg.co.uk\/fr\/wp-json\/wp\/v2\/comments?post=385"}],"version-history":[{"count":18,"href":"https:\/\/www.peterjonesilg.co.uk\/fr\/wp-json\/wp\/v2\/pages\/385\/revisions"}],"predecessor-version":[{"id":1933,"href":"https:\/\/www.peterjonesilg.co.uk\/fr\/wp-json\/wp\/v2\/pages\/385\/revisions\/1933"}],"up":[{"embeddable":true,"href":"https:\/\/www.peterjonesilg.co.uk\/fr\/wp-json\/wp\/v2\/pages\/22"}],"wp:featuredmedia":[{"embeddable":true,"href":"https:\/\/www.peterjonesilg.co.uk\/fr\/wp-json\/wp\/v2\/media\/844"}],"wp:attachment":[{"href":"https:\/\/www.peterjonesilg.co.uk\/fr\/wp-json\/wp\/v2\/media?parent=385"}],"curies":[{"name":"wp","href":"https:\/\/api.w.org\/{rel}","templated":true}]}}