{"id":24,"date":"2023-02-14T11:52:18","date_gmt":"2023-02-14T11:52:18","guid":{"rendered":"https:\/\/staging.peterjonesilg.co.uk\/fr\/?page_id=24"},"modified":"2025-11-12T10:23:50","modified_gmt":"2025-11-12T10:23:50","slug":"sectors","status":"publish","type":"page","link":"https:\/\/www.peterjonesilg.co.uk\/fr\/sectors\/","title":{"rendered":"Secteurs"},"content":{"rendered":"<section class=\"block page-intro\"\n         aria-label=\"Introduction\">\n      <p class=\"breadcrumbs\" id=\"breadcrumbs\"><span><span><a href=\"https:\/\/www.peterjonesilg.co.uk\/fr\/\">Accueil<\/a><\/span><\/span><\/p>\n  \n  <div class=\"content\">\n    \n\n<h2 class=\"wp-block-heading\"><strong>Con\u00e7u pour \u00eatre port\u00e9. Fait pour durer<\/strong>.<\/h2>\n\n\n\n<p>La s\u00e9curit\u00e9 est au c\u0153ur de tout ce que nous faisons. Nous sommes fiers de produire des produits qui permettent aux gens de rester connect\u00e9s et en s\u00e9curit\u00e9.&nbsp;<\/p>\n\n\n\n  <\/div>\n<\/section>\n\n\n<div class=\"feature-block-2x2 block \">\n  <div class=\"image\">\n          <img loading=\"lazy\" decoding=\"async\" width=\"1160\" height=\"1154\" src=\"https:\/\/www.peterjonesilg.co.uk\/app\/uploads\/sites\/2\/2023\/03\/king-s-church-international-3mjspmQDM_M-unsplash@2x.jpg\" class=\"attachment-square_large size-square_large\" alt=\"\" srcset=\"https:\/\/www.peterjonesilg.co.uk\/app\/uploads\/sites\/2\/2023\/03\/king-s-church-international-3mjspmQDM_M-unsplash@2x.jpg 1160w, https:\/\/www.peterjonesilg.co.uk\/app\/uploads\/sites\/2\/2023\/03\/king-s-church-international-3mjspmQDM_M-unsplash@2x-200x200.jpg 200w\" sizes=\"auto, (max-width: 1160px) 100vw, 1160px\" \/>\n      <\/div>\n  <div class=\"content-panel pad align-middle bg-green-400\">\n    <div class=\"inner\">\n      \n\n<h2 class=\"wp-block-heading\"><strong>Force de l\u2019ordre<\/strong><\/h2>\n\n\n\n<p>Pour les intervenants d&rsquo;urgence, la communication et le maintien de la s\u00e9curit\u00e9 publique sont essentiels. Premiers sur les lieux, leur \u00e9quipement doit \u00eatre performant jour apr\u00e8s jour. Une d\u00e9faillance pourrait \u00eatre fatale. Savoir que leurs radios et \u00e9quipements tactiques sont prot\u00e9g\u00e9s, s\u00e9curis\u00e9s et facilement accessibles leur permet de se concentrer sur leur mission critique.<\/p>\n\n\n    <\/div>\n  <\/div>\n  <div class=\"image\">\n          <img loading=\"lazy\" decoding=\"async\" width=\"1160\" height=\"1154\" src=\"https:\/\/www.peterjonesilg.co.uk\/app\/uploads\/sites\/2\/2023\/03\/krzysztof-hepner-LzksRzQFIuo-unsplash@2x.jpg\" class=\"attachment-square_large size-square_large\" alt=\"\" srcset=\"https:\/\/www.peterjonesilg.co.uk\/app\/uploads\/sites\/2\/2023\/03\/krzysztof-hepner-LzksRzQFIuo-unsplash@2x.jpg 1160w, https:\/\/www.peterjonesilg.co.uk\/app\/uploads\/sites\/2\/2023\/03\/krzysztof-hepner-LzksRzQFIuo-unsplash@2x-200x200.jpg 200w\" sizes=\"auto, (max-width: 1160px) 100vw, 1160px\" \/>\n      <\/div>\n  <div class=\"image\">\n          <img loading=\"lazy\" decoding=\"async\" width=\"1160\" height=\"1154\" src=\"https:\/\/www.peterjonesilg.co.uk\/app\/uploads\/sites\/2\/2023\/03\/matt-c-newCTAG6kPE-unsplash@2x.jpg\" class=\"attachment-square_large size-square_large\" alt=\"\" srcset=\"https:\/\/www.peterjonesilg.co.uk\/app\/uploads\/sites\/2\/2023\/03\/matt-c-newCTAG6kPE-unsplash@2x.jpg 1160w, https:\/\/www.peterjonesilg.co.uk\/app\/uploads\/sites\/2\/2023\/03\/matt-c-newCTAG6kPE-unsplash@2x-200x200.jpg 200w\" sizes=\"auto, (max-width: 1160px) 100vw, 1160px\" \/>\n      <\/div>\n<\/div>\n\n\n<div\n     class=\"two-column-image-content  block-large  \">\n  <div class=\"inner pad reverse \">\n\n\n\n\n          <figure class=\"image size-image_square_medium vertical-caption full-width\">\n        \n        <img loading=\"lazy\" decoding=\"async\" width=\"1024\" height=\"1024\" src=\"https:\/\/www.peterjonesilg.co.uk\/app\/uploads\/sites\/2\/2025\/11\/shutterstock_1117571417-1024x1024.jpg\" class=\"main-image\" alt=\"\" srcset=\"https:\/\/www.peterjonesilg.co.uk\/app\/uploads\/sites\/2\/2025\/11\/shutterstock_1117571417-1024x1024.jpg 1024w, https:\/\/www.peterjonesilg.co.uk\/app\/uploads\/sites\/2\/2025\/11\/shutterstock_1117571417-200x200.jpg 200w, https:\/\/www.peterjonesilg.co.uk\/app\/uploads\/sites\/2\/2025\/11\/shutterstock_1117571417-640x640.jpg 640w, https:\/\/www.peterjonesilg.co.uk\/app\/uploads\/sites\/2\/2025\/11\/shutterstock_1117571417-80x80.jpg 80w, https:\/\/www.peterjonesilg.co.uk\/app\/uploads\/sites\/2\/2025\/11\/shutterstock_1117571417-160x160.jpg 160w, https:\/\/www.peterjonesilg.co.uk\/app\/uploads\/sites\/2\/2025\/11\/shutterstock_1117571417-300x300.jpg 300w, https:\/\/www.peterjonesilg.co.uk\/app\/uploads\/sites\/2\/2025\/11\/shutterstock_1117571417-400x400.jpg 400w, https:\/\/www.peterjonesilg.co.uk\/app\/uploads\/sites\/2\/2025\/11\/shutterstock_1117571417-600x600.jpg 600w\" sizes=\"auto, (max-width: 1024px) 100vw, 1024px\" \/>\n              <\/figure>\n    \n    <div class=\"content-panel pad bg-mono-800 align-middle \">\n            \n\n<h2 class=\"wp-block-heading\"><strong><strong>S\u00e9curit\u00e9 priv\u00e9e<\/strong><\/strong><\/h2>\n\n\n\n<p>Qu\u2019il s\u2019agisse d\u2019un \u00e9v\u00e9nement dans un stade ou d\u2019un supermarch\u00e9 de quartier, quelle que soit la taille de la foule, le personnel doit se sentir en s\u00e9curit\u00e9 et connect\u00e9 \u00e0 ses coll\u00e8gues, surtout lorsqu\u2019il travaille seul. Un appareil \u2014 radio, cam\u00e9ra corporelle ou autre \u2014 solidement fix\u00e9 et prot\u00e9g\u00e9 permet de garder les mains libres et de se concentrer sur la t\u00e2che essentielle : assurer leur propre s\u00e9curit\u00e9 et celle du public.<\/p>\n\n\n    <\/div>\n\n  <\/div>\n\n\n\n<\/div>\n\n\n<div\n     class=\"two-column-image-content  block-large  \">\n  <div class=\"inner pad \">\n\n\n\n\n          <figure class=\"image size-image_square_medium \">\n        \n        <img loading=\"lazy\" decoding=\"async\" width=\"1024\" height=\"1024\" src=\"https:\/\/www.peterjonesilg.co.uk\/app\/uploads\/sites\/2\/2025\/11\/B55MGP-1024x1024.jpg\" class=\"main-image\" alt=\"\" srcset=\"https:\/\/www.peterjonesilg.co.uk\/app\/uploads\/sites\/2\/2025\/11\/B55MGP-1024x1024.jpg 1024w, https:\/\/www.peterjonesilg.co.uk\/app\/uploads\/sites\/2\/2025\/11\/B55MGP-200x200.jpg 200w, https:\/\/www.peterjonesilg.co.uk\/app\/uploads\/sites\/2\/2025\/11\/B55MGP-640x640.jpg 640w, https:\/\/www.peterjonesilg.co.uk\/app\/uploads\/sites\/2\/2025\/11\/B55MGP-80x80.jpg 80w, https:\/\/www.peterjonesilg.co.uk\/app\/uploads\/sites\/2\/2025\/11\/B55MGP-160x160.jpg 160w, https:\/\/www.peterjonesilg.co.uk\/app\/uploads\/sites\/2\/2025\/11\/B55MGP-300x300.jpg 300w, https:\/\/www.peterjonesilg.co.uk\/app\/uploads\/sites\/2\/2025\/11\/B55MGP-400x400.jpg 400w, https:\/\/www.peterjonesilg.co.uk\/app\/uploads\/sites\/2\/2025\/11\/B55MGP-600x600.jpg 600w\" sizes=\"auto, (max-width: 1024px) 100vw, 1024px\" \/>\n              <\/figure>\n    \n    <div class=\"content-panel pad bg-white align-middle \">\n            \n\n<h2 class=\"wp-block-heading\"><strong><strong><strong>Prisons et unit\u00e9s s\u00e9curis\u00e9es<\/strong><\/strong><\/strong><\/h2>\n\n\n\n<p>La s\u00e9curit\u00e9 du personnel et des r\u00e9sidents est primordiale dans tout \u00e9tablissement s\u00e9curis\u00e9 et p\u00e9nitentiaire, tout comme une communication efficace entre les agents et la salle de contr\u00f4le. Le personnel doit avoir confiance dans le port s\u00e9curis\u00e9 de son \u00e9quipement, et \u00eatre assur\u00e9 qu\u2019il ne le laissera pas tomber, m\u00eame dans les situations les plus critiques.<\/p>\n\n\n    <\/div>\n\n  <\/div>\n\n\n\n<\/div>\n\n\n<div\n     class=\"two-column-image-content  block-large  \">\n  <div class=\"inner pad reverse \">\n\n\n\n\n          <figure class=\"image size-image_square_medium vertical-caption full-width\">\n        \n        <img loading=\"lazy\" decoding=\"async\" width=\"1024\" height=\"1019\" src=\"https:\/\/www.peterjonesilg.co.uk\/app\/uploads\/sites\/2\/2023\/03\/dean-bennett-aBV8pVODWiM-unsplash@2x.jpg\" class=\"main-image\" alt=\"\" srcset=\"https:\/\/www.peterjonesilg.co.uk\/app\/uploads\/sites\/2\/2023\/03\/dean-bennett-aBV8pVODWiM-unsplash@2x.jpg 1160w, https:\/\/www.peterjonesilg.co.uk\/app\/uploads\/sites\/2\/2023\/03\/dean-bennett-aBV8pVODWiM-unsplash@2x-200x200.jpg 200w\" sizes=\"auto, (max-width: 1024px) 100vw, 1024px\" \/>\n              <\/figure>\n    \n    <div class=\"content-panel pad bg-green-400 align-middle \">\n            \n\n<h2 class=\"wp-block-heading\"><strong><strong><strong><strong>S\u00e9curit\u00e9 des travailleurs<\/strong><\/strong><\/strong><\/strong><\/h2>\n\n\n\n<p>Assurer la s\u00e9curit\u00e9 et la connectivit\u00e9 du personnel est essentiel. Que ce soit dans la construction, l\u2019industrie, l\u2019ing\u00e9nierie ou les services publics, une bonne communication et une surveillance efficace de la s\u00e9curit\u00e9 sont les fondements du bien-\u00eatre des employ\u00e9s et de la logistique sur site, qu\u2019ils travaillent seuls ou en \u00e9quipe. La capacit\u00e9 \u00e0 transporter et prot\u00e9ger les syst\u00e8mes de s\u00e9curit\u00e9 embarqu\u00e9s gr\u00e2ce \u00e0 des \u00e9tuis, supports et fixations est indispensable dans des environnements <strong>exigeants<\/strong> et <strong>contraignants<\/strong>.<\/p>\n\n\n    <\/div>\n\n  <\/div>\n\n\n\n<\/div>\n\n\n<div\n     class=\"two-column-image-content  block-large  \">\n  <div class=\"inner pad \">\n\n\n\n\n          <figure class=\"image size-image_square_medium \">\n        \n        <img loading=\"lazy\" decoding=\"async\" width=\"1024\" height=\"1019\" src=\"https:\/\/www.peterjonesilg.co.uk\/app\/uploads\/sites\/2\/2023\/03\/heamosoo-kim-0mj0F86aKfs-unsplash@2x.jpg\" class=\"main-image\" alt=\"\" srcset=\"https:\/\/www.peterjonesilg.co.uk\/app\/uploads\/sites\/2\/2023\/03\/heamosoo-kim-0mj0F86aKfs-unsplash@2x.jpg 1160w, https:\/\/www.peterjonesilg.co.uk\/app\/uploads\/sites\/2\/2023\/03\/heamosoo-kim-0mj0F86aKfs-unsplash@2x-200x200.jpg 200w\" sizes=\"auto, (max-width: 1024px) 100vw, 1024px\" \/>\n              <\/figure>\n    \n    <div class=\"content-panel pad bg-mono-800 align-middle \">\n            \n\n<h2 class=\"wp-block-heading\"><strong><strong><strong><strong><strong>Commerce de d\u00e9tail<\/strong><\/strong><\/strong><\/strong><\/strong><\/h2>\n\n\n\n<p>Un service client optimis\u00e9, une efficacit\u00e9 sur le point de vente et la s\u00e9curit\u00e9 du personnel sont des priorit\u00e9s pour les enseignes physiques d\u2019aujourd\u2019hui. Une connectivit\u00e9 s\u00e9curis\u00e9e et une surveillance discr\u00e8te, int\u00e9gr\u00e9es dans des \u00e9tuis et syst\u00e8mes de fixation \u00e0 la fois r\u00e9sistants et \u00e9l\u00e9gants, garantissent une communication fluide et un enregistrement vid\u00e9o port\u00e9 sur le corps sans g\u00eane pour le client.<\/p>\n\n\n    <\/div>\n\n  <\/div>\n\n\n\n<\/div>\n","protected":false},"excerpt":{"rendered":"","protected":false},"author":1,"featured_media":1188,"parent":0,"menu_order":0,"comment_status":"closed","ping_status":"closed","template":"","meta":{"_acf_changed":false,"footnotes":""},"class_list":["post-24","page","type-page","status-publish","has-post-thumbnail","hentry"],"acf":[],"yoast_head":"<!-- This site is optimized with the Yoast SEO plugin v27.2 - https:\/\/yoast.com\/product\/yoast-seo-wordpress\/ -->\n<title>Secteurs - Peter Jones (ILG)<\/title>\n<meta name=\"robots\" content=\"index, follow, max-snippet:-1, max-image-preview:large, max-video-preview:-1\" \/>\n<link rel=\"canonical\" href=\"https:\/\/www.peterjonesilg.co.uk\/fr\/sectors\/\" \/>\n<meta property=\"og:locale\" content=\"fr_FR\" \/>\n<meta property=\"og:type\" content=\"article\" \/>\n<meta property=\"og:title\" content=\"Secteurs - Peter Jones (ILG)\" \/>\n<meta property=\"og:url\" content=\"https:\/\/www.peterjonesilg.co.uk\/fr\/sectors\/\" \/>\n<meta property=\"og:site_name\" content=\"Peter Jones (ILG)\" \/>\n<meta property=\"article:modified_time\" content=\"2025-11-12T10:23:50+00:00\" \/>\n<meta property=\"og:image\" content=\"https:\/\/www.peterjonesilg.co.uk\/app\/uploads\/sites\/2\/2023\/03\/john-cameron-wx0Qo0MhSOo-unsplash.png\" \/>\n\t<meta property=\"og:image:width\" content=\"2560\" \/>\n\t<meta property=\"og:image:height\" content=\"711\" \/>\n\t<meta property=\"og:image:type\" content=\"image\/png\" \/>\n<meta name=\"twitter:card\" content=\"summary_large_image\" \/>\n<meta name=\"twitter:label1\" content=\"Est. reading time\" \/>\n\t<meta name=\"twitter:data1\" content=\"3 minutes\" \/>\n<script type=\"application\/ld+json\" class=\"yoast-schema-graph\">{\"@context\":\"https:\/\/schema.org\",\"@graph\":[{\"@type\":\"WebPage\",\"@id\":\"https:\/\/www.peterjonesilg.co.uk\/fr\/sectors\/\",\"url\":\"https:\/\/www.peterjonesilg.co.uk\/fr\/sectors\/\",\"name\":\"Secteurs - Peter Jones (ILG)\",\"isPartOf\":{\"@id\":\"https:\/\/www.peterjonesilg.co.uk\/fr\/#website\"},\"primaryImageOfPage\":{\"@id\":\"https:\/\/www.peterjonesilg.co.uk\/fr\/sectors\/#primaryimage\"},\"image\":{\"@id\":\"https:\/\/www.peterjonesilg.co.uk\/fr\/sectors\/#primaryimage\"},\"thumbnailUrl\":\"https:\/\/www.peterjonesilg.co.uk\/app\/uploads\/sites\/2\/2023\/03\/john-cameron-wx0Qo0MhSOo-unsplash.png\",\"datePublished\":\"2023-02-14T11:52:18+00:00\",\"dateModified\":\"2025-11-12T10:23:50+00:00\",\"breadcrumb\":{\"@id\":\"https:\/\/www.peterjonesilg.co.uk\/fr\/sectors\/#breadcrumb\"},\"inLanguage\":\"fr-FR\",\"potentialAction\":[{\"@type\":\"ReadAction\",\"target\":[\"https:\/\/www.peterjonesilg.co.uk\/fr\/sectors\/\"]}]},{\"@type\":\"ImageObject\",\"inLanguage\":\"fr-FR\",\"@id\":\"https:\/\/www.peterjonesilg.co.uk\/fr\/sectors\/#primaryimage\",\"url\":\"https:\/\/www.peterjonesilg.co.uk\/app\/uploads\/sites\/2\/2023\/03\/john-cameron-wx0Qo0MhSOo-unsplash.png\",\"contentUrl\":\"https:\/\/www.peterjonesilg.co.uk\/app\/uploads\/sites\/2\/2023\/03\/john-cameron-wx0Qo0MhSOo-unsplash.png\",\"width\":2560,\"height\":711},{\"@type\":\"BreadcrumbList\",\"@id\":\"https:\/\/www.peterjonesilg.co.uk\/fr\/sectors\/#breadcrumb\",\"itemListElement\":[{\"@type\":\"ListItem\",\"position\":1,\"name\":\"Accueil\",\"item\":\"https:\/\/www.peterjonesilg.co.uk\/fr\/\"},{\"@type\":\"ListItem\",\"position\":2,\"name\":\"Secteurs\"}]},{\"@type\":\"WebSite\",\"@id\":\"https:\/\/www.peterjonesilg.co.uk\/fr\/#website\",\"url\":\"https:\/\/www.peterjonesilg.co.uk\/fr\/\",\"name\":\"Peter Jones (ILG)\",\"description\":\"\",\"potentialAction\":[{\"@type\":\"SearchAction\",\"target\":{\"@type\":\"EntryPoint\",\"urlTemplate\":\"https:\/\/www.peterjonesilg.co.uk\/fr\/?s={search_term_string}\"},\"query-input\":{\"@type\":\"PropertyValueSpecification\",\"valueRequired\":true,\"valueName\":\"search_term_string\"}}],\"inLanguage\":\"fr-FR\"}]}<\/script>\n<!-- \/ Yoast SEO plugin. -->","yoast_head_json":{"title":"Secteurs - Peter Jones (ILG)","robots":{"index":"index","follow":"follow","max-snippet":"max-snippet:-1","max-image-preview":"max-image-preview:large","max-video-preview":"max-video-preview:-1"},"canonical":"https:\/\/www.peterjonesilg.co.uk\/fr\/sectors\/","og_locale":"fr_FR","og_type":"article","og_title":"Secteurs - Peter Jones (ILG)","og_url":"https:\/\/www.peterjonesilg.co.uk\/fr\/sectors\/","og_site_name":"Peter Jones (ILG)","article_modified_time":"2025-11-12T10:23:50+00:00","og_image":[{"width":2560,"height":711,"url":"https:\/\/www.peterjonesilg.co.uk\/app\/uploads\/sites\/2\/2023\/03\/john-cameron-wx0Qo0MhSOo-unsplash.png","type":"image\/png"}],"twitter_card":"summary_large_image","twitter_misc":{"Est. reading time":"3 minutes"},"schema":{"@context":"https:\/\/schema.org","@graph":[{"@type":"WebPage","@id":"https:\/\/www.peterjonesilg.co.uk\/fr\/sectors\/","url":"https:\/\/www.peterjonesilg.co.uk\/fr\/sectors\/","name":"Secteurs - Peter Jones (ILG)","isPartOf":{"@id":"https:\/\/www.peterjonesilg.co.uk\/fr\/#website"},"primaryImageOfPage":{"@id":"https:\/\/www.peterjonesilg.co.uk\/fr\/sectors\/#primaryimage"},"image":{"@id":"https:\/\/www.peterjonesilg.co.uk\/fr\/sectors\/#primaryimage"},"thumbnailUrl":"https:\/\/www.peterjonesilg.co.uk\/app\/uploads\/sites\/2\/2023\/03\/john-cameron-wx0Qo0MhSOo-unsplash.png","datePublished":"2023-02-14T11:52:18+00:00","dateModified":"2025-11-12T10:23:50+00:00","breadcrumb":{"@id":"https:\/\/www.peterjonesilg.co.uk\/fr\/sectors\/#breadcrumb"},"inLanguage":"fr-FR","potentialAction":[{"@type":"ReadAction","target":["https:\/\/www.peterjonesilg.co.uk\/fr\/sectors\/"]}]},{"@type":"ImageObject","inLanguage":"fr-FR","@id":"https:\/\/www.peterjonesilg.co.uk\/fr\/sectors\/#primaryimage","url":"https:\/\/www.peterjonesilg.co.uk\/app\/uploads\/sites\/2\/2023\/03\/john-cameron-wx0Qo0MhSOo-unsplash.png","contentUrl":"https:\/\/www.peterjonesilg.co.uk\/app\/uploads\/sites\/2\/2023\/03\/john-cameron-wx0Qo0MhSOo-unsplash.png","width":2560,"height":711},{"@type":"BreadcrumbList","@id":"https:\/\/www.peterjonesilg.co.uk\/fr\/sectors\/#breadcrumb","itemListElement":[{"@type":"ListItem","position":1,"name":"Accueil","item":"https:\/\/www.peterjonesilg.co.uk\/fr\/"},{"@type":"ListItem","position":2,"name":"Secteurs"}]},{"@type":"WebSite","@id":"https:\/\/www.peterjonesilg.co.uk\/fr\/#website","url":"https:\/\/www.peterjonesilg.co.uk\/fr\/","name":"Peter Jones (ILG)","description":"","potentialAction":[{"@type":"SearchAction","target":{"@type":"EntryPoint","urlTemplate":"https:\/\/www.peterjonesilg.co.uk\/fr\/?s={search_term_string}"},"query-input":{"@type":"PropertyValueSpecification","valueRequired":true,"valueName":"search_term_string"}}],"inLanguage":"fr-FR"}]}},"_links":{"self":[{"href":"https:\/\/www.peterjonesilg.co.uk\/fr\/wp-json\/wp\/v2\/pages\/24","targetHints":{"allow":["GET"]}}],"collection":[{"href":"https:\/\/www.peterjonesilg.co.uk\/fr\/wp-json\/wp\/v2\/pages"}],"about":[{"href":"https:\/\/www.peterjonesilg.co.uk\/fr\/wp-json\/wp\/v2\/types\/page"}],"author":[{"embeddable":true,"href":"https:\/\/www.peterjonesilg.co.uk\/fr\/wp-json\/wp\/v2\/users\/1"}],"replies":[{"embeddable":true,"href":"https:\/\/www.peterjonesilg.co.uk\/fr\/wp-json\/wp\/v2\/comments?post=24"}],"version-history":[{"count":33,"href":"https:\/\/www.peterjonesilg.co.uk\/fr\/wp-json\/wp\/v2\/pages\/24\/revisions"}],"predecessor-version":[{"id":2232,"href":"https:\/\/www.peterjonesilg.co.uk\/fr\/wp-json\/wp\/v2\/pages\/24\/revisions\/2232"}],"wp:featuredmedia":[{"embeddable":true,"href":"https:\/\/www.peterjonesilg.co.uk\/fr\/wp-json\/wp\/v2\/media\/1188"}],"wp:attachment":[{"href":"https:\/\/www.peterjonesilg.co.uk\/fr\/wp-json\/wp\/v2\/media?parent=24"}],"curies":[{"name":"wp","href":"https:\/\/api.w.org\/{rel}","templated":true}]}}