{"id":2246,"date":"2025-11-12T14:30:41","date_gmt":"2025-11-12T14:30:41","guid":{"rendered":"https:\/\/www.peterjonesilg.co.uk\/fr\/?page_id=2246"},"modified":"2025-11-12T14:31:32","modified_gmt":"2025-11-12T14:31:32","slug":"harnais","status":"publish","type":"page","link":"https:\/\/www.peterjonesilg.co.uk\/fr\/product-ranges\/harnais\/","title":{"rendered":"Harnais"},"content":{"rendered":"\n<p>Les harnais Peter Jones sont id\u00e9aux pour le port de cam\u00e9ras embarqu\u00e9es, de radios bidirectionnelles, de dispositifs mobiles et de technologies de s\u00e9curit\u00e9 pour les travailleurs.<\/p>\n\n\n\n<p>Tous nos harnais sont \u00e9quip\u00e9s d\u2019un <a href=\"https:\/\/www.peterjonesilg.co.uk\/fr\/product-ranges\/klick-fast\/\">Dock Klick Fast<\/a>, permettant de fixer solidement les appareils et \u00e9quipements munis d\u2019un connecteur Klick Fast sur le haut du corps.<\/p>\n\n\n\n<p>Notre gamme de harnais comprend des harnais de poitrine \u00e0 trois ou quatre points, ainsi que des harnais d\u2019\u00e9paule, fabriqu\u00e9s en sangles \u00e9lastiques ou en nylon tiss\u00e9, ou une combinaison des deux. De nombreux mod\u00e8les int\u00e8grent un cuir robuste et de haute qualit\u00e9, mais nous proposons \u00e9galement des alternatives sans cuir, comme le nouveau Harnais Delta.<\/p>\n\n\n\n<p>Les harnais Peter Jones offrent la flexibilit\u00e9 d\u2019utiliser notre syst\u00e8me Klick Fast, reconnu comme la r\u00e9f\u00e9rence du secteur, quel que soit le changement de tenue, et sans avoir \u00e0 modifier les v\u00eatements.<\/p>\n","protected":false},"excerpt":{"rendered":"<p>Les harnais Peter Jones sont id\u00e9aux pour le port de cam\u00e9ras embarqu\u00e9es, de radios bidirectionnelles, de dispositifs mobiles et de technologies de s\u00e9curit\u00e9 pour les travailleurs. Tous nos harnais sont \u00e9quip\u00e9s d\u2019un Dock Klick Fast, permettant de fixer solidement les appareils et \u00e9quipements munis d\u2019un connecteur Klick Fast sur le haut du corps. Notre gamme &hellip; <a href=\"https:\/\/www.peterjonesilg.co.uk\/fr\/product-ranges\/harnais\/\">A continu\u00e9<\/a><\/p>\n","protected":false},"author":8,"featured_media":2249,"parent":22,"menu_order":0,"comment_status":"closed","ping_status":"closed","template":"","meta":{"_acf_changed":false,"footnotes":""},"class_list":["post-2246","page","type-page","status-publish","has-post-thumbnail","hentry"],"acf":[],"yoast_head":"<!-- This site is optimized with the Yoast SEO plugin v27.2 - https:\/\/yoast.com\/product\/yoast-seo-wordpress\/ -->\n<title>Harnais - Peter Jones (ILG)<\/title>\n<meta name=\"robots\" content=\"index, follow, max-snippet:-1, max-image-preview:large, max-video-preview:-1\" \/>\n<link rel=\"canonical\" href=\"https:\/\/www.peterjonesilg.co.uk\/fr\/product-ranges\/harnais\/\" \/>\n<meta property=\"og:locale\" content=\"fr_FR\" \/>\n<meta property=\"og:type\" content=\"article\" \/>\n<meta property=\"og:title\" content=\"Harnais - Peter Jones (ILG)\" \/>\n<meta property=\"og:description\" content=\"Les harnais Peter Jones sont id\u00e9aux pour le port de cam\u00e9ras embarqu\u00e9es, de radios bidirectionnelles, de dispositifs mobiles et de technologies de s\u00e9curit\u00e9 pour les travailleurs. Tous nos harnais sont \u00e9quip\u00e9s d\u2019un Dock Klick Fast, permettant de fixer solidement les appareils et \u00e9quipements munis d\u2019un connecteur Klick Fast sur le haut du corps. Notre gamme &hellip; A continu\u00e9\" \/>\n<meta property=\"og:url\" content=\"https:\/\/www.peterjonesilg.co.uk\/fr\/product-ranges\/harnais\/\" \/>\n<meta property=\"og:site_name\" content=\"Peter Jones (ILG)\" \/>\n<meta property=\"article:modified_time\" content=\"2025-11-12T14:31:32+00:00\" \/>\n<meta property=\"og:image\" content=\"https:\/\/www.peterjonesilg.co.uk\/app\/uploads\/sites\/2\/2025\/11\/Klick-Fast-Harnesses-1900x570-1.jpg\" \/>\n\t<meta property=\"og:image:width\" content=\"1900\" \/>\n\t<meta property=\"og:image:height\" content=\"570\" \/>\n\t<meta property=\"og:image:type\" content=\"image\/jpeg\" \/>\n<meta name=\"twitter:card\" content=\"summary_large_image\" \/>\n<meta name=\"twitter:label1\" content=\"Est. reading time\" \/>\n\t<meta name=\"twitter:data1\" content=\"1 minute\" \/>\n<script type=\"application\/ld+json\" class=\"yoast-schema-graph\">{\"@context\":\"https:\/\/schema.org\",\"@graph\":[{\"@type\":\"WebPage\",\"@id\":\"https:\/\/www.peterjonesilg.co.uk\/fr\/product-ranges\/harnais\/\",\"url\":\"https:\/\/www.peterjonesilg.co.uk\/fr\/product-ranges\/harnais\/\",\"name\":\"Harnais - Peter Jones (ILG)\",\"isPartOf\":{\"@id\":\"https:\/\/www.peterjonesilg.co.uk\/fr\/#website\"},\"primaryImageOfPage\":{\"@id\":\"https:\/\/www.peterjonesilg.co.uk\/fr\/product-ranges\/harnais\/#primaryimage\"},\"image\":{\"@id\":\"https:\/\/www.peterjonesilg.co.uk\/fr\/product-ranges\/harnais\/#primaryimage\"},\"thumbnailUrl\":\"https:\/\/www.peterjonesilg.co.uk\/app\/uploads\/sites\/2\/2025\/11\/Klick-Fast-Harnesses-1900x570-1.jpg\",\"datePublished\":\"2025-11-12T14:30:41+00:00\",\"dateModified\":\"2025-11-12T14:31:32+00:00\",\"breadcrumb\":{\"@id\":\"https:\/\/www.peterjonesilg.co.uk\/fr\/product-ranges\/harnais\/#breadcrumb\"},\"inLanguage\":\"fr-FR\",\"potentialAction\":[{\"@type\":\"ReadAction\",\"target\":[\"https:\/\/www.peterjonesilg.co.uk\/fr\/product-ranges\/harnais\/\"]}]},{\"@type\":\"ImageObject\",\"inLanguage\":\"fr-FR\",\"@id\":\"https:\/\/www.peterjonesilg.co.uk\/fr\/product-ranges\/harnais\/#primaryimage\",\"url\":\"https:\/\/www.peterjonesilg.co.uk\/app\/uploads\/sites\/2\/2025\/11\/Klick-Fast-Harnesses-1900x570-1.jpg\",\"contentUrl\":\"https:\/\/www.peterjonesilg.co.uk\/app\/uploads\/sites\/2\/2025\/11\/Klick-Fast-Harnesses-1900x570-1.jpg\",\"width\":1900,\"height\":570},{\"@type\":\"BreadcrumbList\",\"@id\":\"https:\/\/www.peterjonesilg.co.uk\/fr\/product-ranges\/harnais\/#breadcrumb\",\"itemListElement\":[{\"@type\":\"ListItem\",\"position\":1,\"name\":\"Accueil\",\"item\":\"https:\/\/www.peterjonesilg.co.uk\/fr\/\"},{\"@type\":\"ListItem\",\"position\":2,\"name\":\"Nos produits\",\"item\":\"https:\/\/www.peterjonesilg.co.uk\/fr\/product-ranges\/\"},{\"@type\":\"ListItem\",\"position\":3,\"name\":\"Harnais\"}]},{\"@type\":\"WebSite\",\"@id\":\"https:\/\/www.peterjonesilg.co.uk\/fr\/#website\",\"url\":\"https:\/\/www.peterjonesilg.co.uk\/fr\/\",\"name\":\"Peter Jones (ILG)\",\"description\":\"\",\"potentialAction\":[{\"@type\":\"SearchAction\",\"target\":{\"@type\":\"EntryPoint\",\"urlTemplate\":\"https:\/\/www.peterjonesilg.co.uk\/fr\/?s={search_term_string}\"},\"query-input\":{\"@type\":\"PropertyValueSpecification\",\"valueRequired\":true,\"valueName\":\"search_term_string\"}}],\"inLanguage\":\"fr-FR\"}]}<\/script>\n<!-- \/ Yoast SEO plugin. -->","yoast_head_json":{"title":"Harnais - Peter Jones (ILG)","robots":{"index":"index","follow":"follow","max-snippet":"max-snippet:-1","max-image-preview":"max-image-preview:large","max-video-preview":"max-video-preview:-1"},"canonical":"https:\/\/www.peterjonesilg.co.uk\/fr\/product-ranges\/harnais\/","og_locale":"fr_FR","og_type":"article","og_title":"Harnais - Peter Jones (ILG)","og_description":"Les harnais Peter Jones sont id\u00e9aux pour le port de cam\u00e9ras embarqu\u00e9es, de radios bidirectionnelles, de dispositifs mobiles et de technologies de s\u00e9curit\u00e9 pour les travailleurs. Tous nos harnais sont \u00e9quip\u00e9s d\u2019un Dock Klick Fast, permettant de fixer solidement les appareils et \u00e9quipements munis d\u2019un connecteur Klick Fast sur le haut du corps. Notre gamme &hellip; A continu\u00e9","og_url":"https:\/\/www.peterjonesilg.co.uk\/fr\/product-ranges\/harnais\/","og_site_name":"Peter Jones (ILG)","article_modified_time":"2025-11-12T14:31:32+00:00","og_image":[{"width":1900,"height":570,"url":"https:\/\/www.peterjonesilg.co.uk\/app\/uploads\/sites\/2\/2025\/11\/Klick-Fast-Harnesses-1900x570-1.jpg","type":"image\/jpeg"}],"twitter_card":"summary_large_image","twitter_misc":{"Est. reading time":"1 minute"},"schema":{"@context":"https:\/\/schema.org","@graph":[{"@type":"WebPage","@id":"https:\/\/www.peterjonesilg.co.uk\/fr\/product-ranges\/harnais\/","url":"https:\/\/www.peterjonesilg.co.uk\/fr\/product-ranges\/harnais\/","name":"Harnais - Peter Jones (ILG)","isPartOf":{"@id":"https:\/\/www.peterjonesilg.co.uk\/fr\/#website"},"primaryImageOfPage":{"@id":"https:\/\/www.peterjonesilg.co.uk\/fr\/product-ranges\/harnais\/#primaryimage"},"image":{"@id":"https:\/\/www.peterjonesilg.co.uk\/fr\/product-ranges\/harnais\/#primaryimage"},"thumbnailUrl":"https:\/\/www.peterjonesilg.co.uk\/app\/uploads\/sites\/2\/2025\/11\/Klick-Fast-Harnesses-1900x570-1.jpg","datePublished":"2025-11-12T14:30:41+00:00","dateModified":"2025-11-12T14:31:32+00:00","breadcrumb":{"@id":"https:\/\/www.peterjonesilg.co.uk\/fr\/product-ranges\/harnais\/#breadcrumb"},"inLanguage":"fr-FR","potentialAction":[{"@type":"ReadAction","target":["https:\/\/www.peterjonesilg.co.uk\/fr\/product-ranges\/harnais\/"]}]},{"@type":"ImageObject","inLanguage":"fr-FR","@id":"https:\/\/www.peterjonesilg.co.uk\/fr\/product-ranges\/harnais\/#primaryimage","url":"https:\/\/www.peterjonesilg.co.uk\/app\/uploads\/sites\/2\/2025\/11\/Klick-Fast-Harnesses-1900x570-1.jpg","contentUrl":"https:\/\/www.peterjonesilg.co.uk\/app\/uploads\/sites\/2\/2025\/11\/Klick-Fast-Harnesses-1900x570-1.jpg","width":1900,"height":570},{"@type":"BreadcrumbList","@id":"https:\/\/www.peterjonesilg.co.uk\/fr\/product-ranges\/harnais\/#breadcrumb","itemListElement":[{"@type":"ListItem","position":1,"name":"Accueil","item":"https:\/\/www.peterjonesilg.co.uk\/fr\/"},{"@type":"ListItem","position":2,"name":"Nos produits","item":"https:\/\/www.peterjonesilg.co.uk\/fr\/product-ranges\/"},{"@type":"ListItem","position":3,"name":"Harnais"}]},{"@type":"WebSite","@id":"https:\/\/www.peterjonesilg.co.uk\/fr\/#website","url":"https:\/\/www.peterjonesilg.co.uk\/fr\/","name":"Peter Jones (ILG)","description":"","potentialAction":[{"@type":"SearchAction","target":{"@type":"EntryPoint","urlTemplate":"https:\/\/www.peterjonesilg.co.uk\/fr\/?s={search_term_string}"},"query-input":{"@type":"PropertyValueSpecification","valueRequired":true,"valueName":"search_term_string"}}],"inLanguage":"fr-FR"}]}},"_links":{"self":[{"href":"https:\/\/www.peterjonesilg.co.uk\/fr\/wp-json\/wp\/v2\/pages\/2246","targetHints":{"allow":["GET"]}}],"collection":[{"href":"https:\/\/www.peterjonesilg.co.uk\/fr\/wp-json\/wp\/v2\/pages"}],"about":[{"href":"https:\/\/www.peterjonesilg.co.uk\/fr\/wp-json\/wp\/v2\/types\/page"}],"author":[{"embeddable":true,"href":"https:\/\/www.peterjonesilg.co.uk\/fr\/wp-json\/wp\/v2\/users\/8"}],"replies":[{"embeddable":true,"href":"https:\/\/www.peterjonesilg.co.uk\/fr\/wp-json\/wp\/v2\/comments?post=2246"}],"version-history":[{"count":1,"href":"https:\/\/www.peterjonesilg.co.uk\/fr\/wp-json\/wp\/v2\/pages\/2246\/revisions"}],"predecessor-version":[{"id":2250,"href":"https:\/\/www.peterjonesilg.co.uk\/fr\/wp-json\/wp\/v2\/pages\/2246\/revisions\/2250"}],"up":[{"embeddable":true,"href":"https:\/\/www.peterjonesilg.co.uk\/fr\/wp-json\/wp\/v2\/pages\/22"}],"wp:featuredmedia":[{"embeddable":true,"href":"https:\/\/www.peterjonesilg.co.uk\/fr\/wp-json\/wp\/v2\/media\/2249"}],"wp:attachment":[{"href":"https:\/\/www.peterjonesilg.co.uk\/fr\/wp-json\/wp\/v2\/media?parent=2246"}],"curies":[{"name":"wp","href":"https:\/\/api.w.org\/{rel}","templated":true}]}}