{"id":1970,"date":"2025-10-07T15:23:08","date_gmt":"2025-10-07T14:23:08","guid":{"rendered":"https:\/\/www.peterjonesilg.co.uk\/fr\/?page_id=1970"},"modified":"2025-11-12T13:49:48","modified_gmt":"2025-11-12T13:49:48","slug":"techready","status":"publish","type":"page","link":"https:\/\/www.peterjonesilg.co.uk\/fr\/product-ranges\/techready\/","title":{"rendered":"TechReady"},"content":{"rendered":"\n<p>La solution innovante <strong>TechReady<\/strong> contribue \u00e0 moderniser la mani\u00e8re dont les agents utilisent la technologie pour travailler de mani\u00e8re plus s\u00fbre et plus efficace. Elle soutient les agents en leur permettant de se concentrer sur la gestion des situations d\u2019ordre public, tout en garantissant que les preuves essentielles soient captur\u00e9es automatiquement.<\/p>\n\n\n\n<p><strong>Efficacit\u00e9 op\u00e9rationnelle<\/strong><\/p>\n\n\n\n<p>Lors du d\u00e9ploiement de la matraque, du spray PAVA ou des menottes, la <strong>cam\u00e9ra embarqu\u00e9e<\/strong> peut \u00eatre <strong>activ\u00e9e automatiquement<\/strong>.<\/p>\n\n\n\n<p><strong>Avantages de TechReady<\/strong><\/p>\n\n\n\n<p>Les agents peuvent se concentrer sur la gestion des situations d\u2019ordre public <strong>sans \u00eatre distraits par l\u2019activation manuelle des cam\u00e9ras<\/strong>.<br>Cela garantit la <strong>capture automatique des preuves essentielles<\/strong> lors des interventions critiques.<\/p>\n\n\n\n<p><strong>Compatibilit\u00e9<\/strong><\/p>\n\n\n\n<p>La gamme <strong>TechReady<\/strong> propose des options compatibles avec <strong>tous les principaux fabricants de cam\u00e9ras embarqu\u00e9es<\/strong>, notamment : <strong>Motorola, Reveal, Axon et Axis.<\/strong><\/p>\n\n\n\n<figure class=\"wp-block-image size-large\"><img loading=\"lazy\" decoding=\"async\" width=\"1024\" height=\"589\" src=\"https:\/\/www.peterjonesilg.co.uk\/app\/uploads\/sites\/2\/2025\/10\/Two-together-1024x589.jpg\" alt=\"\" class=\"wp-image-1972\" srcset=\"https:\/\/www.peterjonesilg.co.uk\/app\/uploads\/sites\/2\/2025\/10\/Two-together-1024x589.jpg 1024w, https:\/\/www.peterjonesilg.co.uk\/app\/uploads\/sites\/2\/2025\/10\/Two-together-300x173.jpg 300w, https:\/\/www.peterjonesilg.co.uk\/app\/uploads\/sites\/2\/2025\/10\/Two-together-768x442.jpg 768w, https:\/\/www.peterjonesilg.co.uk\/app\/uploads\/sites\/2\/2025\/10\/Two-together-80x46.jpg 80w, https:\/\/www.peterjonesilg.co.uk\/app\/uploads\/sites\/2\/2025\/10\/Two-together-160x92.jpg 160w, https:\/\/www.peterjonesilg.co.uk\/app\/uploads\/sites\/2\/2025\/10\/Two-together.jpg 1160w\" sizes=\"auto, (max-width: 1024px) 100vw, 1024px\" \/><\/figure>\n\n\n\n<p>Les syst\u00e8mes de port <strong>TechReady<\/strong> de Peter Jones permettent d\u2019utiliser des technologies tierces de <strong>d\u00e9clenchement automatique<\/strong> avec le <strong>spray PAVA<\/strong>, les <strong>matraques<\/strong> et les <strong>menottes<\/strong>.  Ces syst\u00e8mes peuvent \u00e9galement <strong>alerter automatiquement les salles de contr\u00f4le<\/strong> lors du d\u00e9ploiement d\u2019un \u00e9quipement, et <strong>pr\u00e9-remplir partiellement les rapports d\u2019intervention<\/strong>.  Cela permet aux agents de b\u00e9n\u00e9ficier <strong>concr\u00e8tement des avantages de la technologie<\/strong>, pour travailler <strong>plus en s\u00e9curit\u00e9<\/strong> et <strong>plus efficacement<\/strong>.<\/p>\n\n\n\n\n<div class=\"content-banner\" aria-label=\"Contactez-nous pour plus d&#039;informations\">\n  <div class=\"inner bg-green-400 text-white\">\n    <p class=\"h2\">Contactez-nous pour plus d&#039;informations<\/p>\n          <a href=\"http:\/\/www.peterjonesilg.co.uk\/fr\/contact\/\" class=\"button green\">Contactez-nous<\/a>\n      <\/div>\n<\/div>\n","protected":false},"excerpt":{"rendered":"<p>La solution innovante TechReady contribue \u00e0 moderniser la mani\u00e8re dont les agents utilisent la technologie pour travailler de mani\u00e8re plus s\u00fbre et plus efficace. Elle soutient les agents en leur permettant de se concentrer sur la gestion des situations d\u2019ordre public, tout en garantissant que les preuves essentielles soient captur\u00e9es automatiquement. Efficacit\u00e9 op\u00e9rationnelle Lors du &hellip; <a href=\"https:\/\/www.peterjonesilg.co.uk\/fr\/product-ranges\/techready\/\">A continu\u00e9<\/a><\/p>\n","protected":false},"author":8,"featured_media":0,"parent":22,"menu_order":0,"comment_status":"closed","ping_status":"closed","template":"","meta":{"_acf_changed":false,"footnotes":""},"class_list":["post-1970","page","type-page","status-publish","hentry"],"acf":[],"yoast_head":"<!-- This site is optimized with the Yoast SEO plugin v27.2 - https:\/\/yoast.com\/product\/yoast-seo-wordpress\/ -->\n<title>TechReady - Peter Jones (ILG)<\/title>\n<meta name=\"robots\" content=\"index, follow, max-snippet:-1, max-image-preview:large, max-video-preview:-1\" \/>\n<link rel=\"canonical\" href=\"https:\/\/www.peterjonesilg.co.uk\/fr\/product-ranges\/techready\/\" \/>\n<meta property=\"og:locale\" content=\"fr_FR\" \/>\n<meta property=\"og:type\" content=\"article\" \/>\n<meta property=\"og:title\" content=\"TechReady - Peter Jones (ILG)\" \/>\n<meta property=\"og:description\" content=\"La solution innovante TechReady contribue \u00e0 moderniser la mani\u00e8re dont les agents utilisent la technologie pour travailler de mani\u00e8re plus s\u00fbre et plus efficace. Elle soutient les agents en leur permettant de se concentrer sur la gestion des situations d\u2019ordre public, tout en garantissant que les preuves essentielles soient captur\u00e9es automatiquement. Efficacit\u00e9 op\u00e9rationnelle Lors du &hellip; A continu\u00e9\" \/>\n<meta property=\"og:url\" content=\"https:\/\/www.peterjonesilg.co.uk\/fr\/product-ranges\/techready\/\" \/>\n<meta property=\"og:site_name\" content=\"Peter Jones (ILG)\" \/>\n<meta property=\"article:modified_time\" content=\"2025-11-12T13:49:48+00:00\" \/>\n<meta property=\"og:image\" content=\"https:\/\/www.peterjonesilg.co.uk\/app\/uploads\/sites\/2\/2025\/10\/Two-together.jpg\" \/>\n\t<meta property=\"og:image:width\" content=\"1160\" \/>\n\t<meta property=\"og:image:height\" content=\"667\" \/>\n\t<meta property=\"og:image:type\" content=\"image\/jpeg\" \/>\n<meta name=\"twitter:card\" content=\"summary_large_image\" \/>\n<meta name=\"twitter:label1\" content=\"Est. reading time\" \/>\n\t<meta name=\"twitter:data1\" content=\"2 minutes\" \/>\n<script type=\"application\/ld+json\" class=\"yoast-schema-graph\">{\"@context\":\"https:\/\/schema.org\",\"@graph\":[{\"@type\":\"WebPage\",\"@id\":\"https:\/\/www.peterjonesilg.co.uk\/fr\/product-ranges\/techready\/\",\"url\":\"https:\/\/www.peterjonesilg.co.uk\/fr\/product-ranges\/techready\/\",\"name\":\"TechReady - Peter Jones (ILG)\",\"isPartOf\":{\"@id\":\"https:\/\/www.peterjonesilg.co.uk\/fr\/#website\"},\"primaryImageOfPage\":{\"@id\":\"https:\/\/www.peterjonesilg.co.uk\/fr\/product-ranges\/techready\/#primaryimage\"},\"image\":{\"@id\":\"https:\/\/www.peterjonesilg.co.uk\/fr\/product-ranges\/techready\/#primaryimage\"},\"thumbnailUrl\":\"https:\/\/www.peterjonesilg.co.uk\/app\/uploads\/sites\/2\/2025\/10\/Two-together-1024x589.jpg\",\"datePublished\":\"2025-10-07T14:23:08+00:00\",\"dateModified\":\"2025-11-12T13:49:48+00:00\",\"breadcrumb\":{\"@id\":\"https:\/\/www.peterjonesilg.co.uk\/fr\/product-ranges\/techready\/#breadcrumb\"},\"inLanguage\":\"fr-FR\",\"potentialAction\":[{\"@type\":\"ReadAction\",\"target\":[\"https:\/\/www.peterjonesilg.co.uk\/fr\/product-ranges\/techready\/\"]}]},{\"@type\":\"ImageObject\",\"inLanguage\":\"fr-FR\",\"@id\":\"https:\/\/www.peterjonesilg.co.uk\/fr\/product-ranges\/techready\/#primaryimage\",\"url\":\"https:\/\/www.peterjonesilg.co.uk\/app\/uploads\/sites\/2\/2025\/10\/Two-together-1024x589.jpg\",\"contentUrl\":\"https:\/\/www.peterjonesilg.co.uk\/app\/uploads\/sites\/2\/2025\/10\/Two-together-1024x589.jpg\"},{\"@type\":\"BreadcrumbList\",\"@id\":\"https:\/\/www.peterjonesilg.co.uk\/fr\/product-ranges\/techready\/#breadcrumb\",\"itemListElement\":[{\"@type\":\"ListItem\",\"position\":1,\"name\":\"Accueil\",\"item\":\"https:\/\/www.peterjonesilg.co.uk\/fr\/\"},{\"@type\":\"ListItem\",\"position\":2,\"name\":\"Nos produits\",\"item\":\"https:\/\/www.peterjonesilg.co.uk\/fr\/product-ranges\/\"},{\"@type\":\"ListItem\",\"position\":3,\"name\":\"TechReady\"}]},{\"@type\":\"WebSite\",\"@id\":\"https:\/\/www.peterjonesilg.co.uk\/fr\/#website\",\"url\":\"https:\/\/www.peterjonesilg.co.uk\/fr\/\",\"name\":\"Peter Jones (ILG)\",\"description\":\"\",\"potentialAction\":[{\"@type\":\"SearchAction\",\"target\":{\"@type\":\"EntryPoint\",\"urlTemplate\":\"https:\/\/www.peterjonesilg.co.uk\/fr\/?s={search_term_string}\"},\"query-input\":{\"@type\":\"PropertyValueSpecification\",\"valueRequired\":true,\"valueName\":\"search_term_string\"}}],\"inLanguage\":\"fr-FR\"}]}<\/script>\n<!-- \/ Yoast SEO plugin. -->","yoast_head_json":{"title":"TechReady - Peter Jones (ILG)","robots":{"index":"index","follow":"follow","max-snippet":"max-snippet:-1","max-image-preview":"max-image-preview:large","max-video-preview":"max-video-preview:-1"},"canonical":"https:\/\/www.peterjonesilg.co.uk\/fr\/product-ranges\/techready\/","og_locale":"fr_FR","og_type":"article","og_title":"TechReady - Peter Jones (ILG)","og_description":"La solution innovante TechReady contribue \u00e0 moderniser la mani\u00e8re dont les agents utilisent la technologie pour travailler de mani\u00e8re plus s\u00fbre et plus efficace. Elle soutient les agents en leur permettant de se concentrer sur la gestion des situations d\u2019ordre public, tout en garantissant que les preuves essentielles soient captur\u00e9es automatiquement. Efficacit\u00e9 op\u00e9rationnelle Lors du &hellip; A continu\u00e9","og_url":"https:\/\/www.peterjonesilg.co.uk\/fr\/product-ranges\/techready\/","og_site_name":"Peter Jones (ILG)","article_modified_time":"2025-11-12T13:49:48+00:00","og_image":[{"width":1160,"height":667,"url":"https:\/\/www.peterjonesilg.co.uk\/app\/uploads\/sites\/2\/2025\/10\/Two-together.jpg","type":"image\/jpeg"}],"twitter_card":"summary_large_image","twitter_misc":{"Est. reading time":"2 minutes"},"schema":{"@context":"https:\/\/schema.org","@graph":[{"@type":"WebPage","@id":"https:\/\/www.peterjonesilg.co.uk\/fr\/product-ranges\/techready\/","url":"https:\/\/www.peterjonesilg.co.uk\/fr\/product-ranges\/techready\/","name":"TechReady - Peter Jones (ILG)","isPartOf":{"@id":"https:\/\/www.peterjonesilg.co.uk\/fr\/#website"},"primaryImageOfPage":{"@id":"https:\/\/www.peterjonesilg.co.uk\/fr\/product-ranges\/techready\/#primaryimage"},"image":{"@id":"https:\/\/www.peterjonesilg.co.uk\/fr\/product-ranges\/techready\/#primaryimage"},"thumbnailUrl":"https:\/\/www.peterjonesilg.co.uk\/app\/uploads\/sites\/2\/2025\/10\/Two-together-1024x589.jpg","datePublished":"2025-10-07T14:23:08+00:00","dateModified":"2025-11-12T13:49:48+00:00","breadcrumb":{"@id":"https:\/\/www.peterjonesilg.co.uk\/fr\/product-ranges\/techready\/#breadcrumb"},"inLanguage":"fr-FR","potentialAction":[{"@type":"ReadAction","target":["https:\/\/www.peterjonesilg.co.uk\/fr\/product-ranges\/techready\/"]}]},{"@type":"ImageObject","inLanguage":"fr-FR","@id":"https:\/\/www.peterjonesilg.co.uk\/fr\/product-ranges\/techready\/#primaryimage","url":"https:\/\/www.peterjonesilg.co.uk\/app\/uploads\/sites\/2\/2025\/10\/Two-together-1024x589.jpg","contentUrl":"https:\/\/www.peterjonesilg.co.uk\/app\/uploads\/sites\/2\/2025\/10\/Two-together-1024x589.jpg"},{"@type":"BreadcrumbList","@id":"https:\/\/www.peterjonesilg.co.uk\/fr\/product-ranges\/techready\/#breadcrumb","itemListElement":[{"@type":"ListItem","position":1,"name":"Accueil","item":"https:\/\/www.peterjonesilg.co.uk\/fr\/"},{"@type":"ListItem","position":2,"name":"Nos produits","item":"https:\/\/www.peterjonesilg.co.uk\/fr\/product-ranges\/"},{"@type":"ListItem","position":3,"name":"TechReady"}]},{"@type":"WebSite","@id":"https:\/\/www.peterjonesilg.co.uk\/fr\/#website","url":"https:\/\/www.peterjonesilg.co.uk\/fr\/","name":"Peter Jones (ILG)","description":"","potentialAction":[{"@type":"SearchAction","target":{"@type":"EntryPoint","urlTemplate":"https:\/\/www.peterjonesilg.co.uk\/fr\/?s={search_term_string}"},"query-input":{"@type":"PropertyValueSpecification","valueRequired":true,"valueName":"search_term_string"}}],"inLanguage":"fr-FR"}]}},"_links":{"self":[{"href":"https:\/\/www.peterjonesilg.co.uk\/fr\/wp-json\/wp\/v2\/pages\/1970","targetHints":{"allow":["GET"]}}],"collection":[{"href":"https:\/\/www.peterjonesilg.co.uk\/fr\/wp-json\/wp\/v2\/pages"}],"about":[{"href":"https:\/\/www.peterjonesilg.co.uk\/fr\/wp-json\/wp\/v2\/types\/page"}],"author":[{"embeddable":true,"href":"https:\/\/www.peterjonesilg.co.uk\/fr\/wp-json\/wp\/v2\/users\/8"}],"replies":[{"embeddable":true,"href":"https:\/\/www.peterjonesilg.co.uk\/fr\/wp-json\/wp\/v2\/comments?post=1970"}],"version-history":[{"count":2,"href":"https:\/\/www.peterjonesilg.co.uk\/fr\/wp-json\/wp\/v2\/pages\/1970\/revisions"}],"predecessor-version":[{"id":2244,"href":"https:\/\/www.peterjonesilg.co.uk\/fr\/wp-json\/wp\/v2\/pages\/1970\/revisions\/2244"}],"up":[{"embeddable":true,"href":"https:\/\/www.peterjonesilg.co.uk\/fr\/wp-json\/wp\/v2\/pages\/22"}],"wp:attachment":[{"href":"https:\/\/www.peterjonesilg.co.uk\/fr\/wp-json\/wp\/v2\/media?parent=1970"}],"curies":[{"name":"wp","href":"https:\/\/api.w.org\/{rel}","templated":true}]}}