{"id":1962,"date":"2025-10-07T14:17:46","date_gmt":"2025-10-07T13:17:46","guid":{"rendered":"https:\/\/www.peterjonesilg.co.uk\/fr\/?page_id=1962"},"modified":"2026-01-20T14:06:28","modified_gmt":"2026-01-20T14:06:28","slug":"gamme-delta","status":"publish","type":"page","link":"https:\/\/www.peterjonesilg.co.uk\/fr\/product-ranges\/gamme-delta\/","title":{"rendered":"Gamme Delta"},"content":{"rendered":"\n<p><strong>La gamme Delta a \u00e9t\u00e9 con\u00e7ue pour r\u00e9pondre aux besoins des professionnels d\u2019aujourd\u2019hui<\/strong>, en proposant des <strong>solutions de port d\u2019\u00e9quipement<\/strong> \u00e0 la fois l\u00e9g\u00e8res, durables et \u00e9conomiques pour les dispositifs et \u00e9quipements qui contribuent \u00e0 la s\u00e9curit\u00e9 des travailleurs.<br>Qu\u2019ils soient utilis\u00e9s par les services d\u2019urgence, les agents de s\u00e9curit\u00e9, les \u00e9quipes industrielles ou les employ\u00e9s en contact avec le public, les produits de la gamme Delta allient robustesse et responsabilit\u00e9 environnementale, refl\u00e9tant l\u2019engagement de l\u2019entreprise en faveur de l\u2019innovation et de l\u2019impact social.<\/p>\n\n\n\n<p><strong>Support Klick Fast Quad MOLLE<\/strong><br>Le support Klick Fast Quad MOLLE se fixe solidement \u00e0 tout syst\u00e8me MOLLE et offre un montage stable, l\u00e9ger et robuste \u2014 id\u00e9al pour une utilisation mains libres de cam\u00e9ras corporelles, radios et appareils mobiles.<\/p>\n\n\n\n<figure class=\"wp-block-image aligncenter size-large is-resized\"><img loading=\"lazy\" decoding=\"async\" width=\"1024\" height=\"683\" src=\"https:\/\/www.peterjonesilg.co.uk\/app\/uploads\/sites\/2\/2025\/10\/DSC4267-1024x683.jpg\" alt=\"\" class=\"wp-image-1964\" style=\"width:611px\" srcset=\"https:\/\/www.peterjonesilg.co.uk\/app\/uploads\/sites\/2\/2025\/10\/DSC4267-1024x683.jpg 1024w, https:\/\/www.peterjonesilg.co.uk\/app\/uploads\/sites\/2\/2025\/10\/DSC4267-300x200.jpg 300w, https:\/\/www.peterjonesilg.co.uk\/app\/uploads\/sites\/2\/2025\/10\/DSC4267-768x512.jpg 768w, https:\/\/www.peterjonesilg.co.uk\/app\/uploads\/sites\/2\/2025\/10\/DSC4267-1536x1025.jpg 1536w, https:\/\/www.peterjonesilg.co.uk\/app\/uploads\/sites\/2\/2025\/10\/DSC4267-80x53.jpg 80w, https:\/\/www.peterjonesilg.co.uk\/app\/uploads\/sites\/2\/2025\/10\/DSC4267-160x107.jpg 160w, https:\/\/www.peterjonesilg.co.uk\/app\/uploads\/sites\/2\/2025\/10\/DSC4267.jpg 2048w\" sizes=\"auto, (max-width: 1024px) 100vw, 1024px\" \/><\/figure>\n\n\n\n<p><strong>Caract\u00e9ristiques du produit<\/strong><\/p>\n\n\n\n<ul class=\"wp-block-list\">\n<li>Conception l\u00e9g\u00e8re en une seule pi\u00e8ce pour r\u00e9duire la charge port\u00e9e<\/li>\n\n\n\n<li>Compatible avec tous les dispositifs \u00e9quip\u00e9s du connecteur Klick Fast<\/li>\n\n\n\n<li>Rentable gr\u00e2ce \u00e0 des mat\u00e9riaux et une production optimis\u00e9e<\/li>\n\n\n\n<li>Ouvertures frontales permettant l\u2019attache d\u2019une dragonne<\/li>\n\n\n\n<li>Compatibilit\u00e9 universelle avec les syst\u00e8mes MOLLE pour une flexibilit\u00e9 maximale<\/li>\n\n\n\n<li>Recyclable via le programme de retour Peter Jones<\/li>\n<\/ul>\n\n\n\n<p><strong>D\u00e9tails du produit<\/strong><\/p>\n\n\n\n<ul class=\"wp-block-list\">\n<li><strong>Poids<\/strong> : 0,018 kg<\/li>\n\n\n\n<li><strong>Dimensions<\/strong> : L 92,5 mm \u00d7 l 54,17 mm \u00d7 P 11,4 mm<\/li>\n\n\n\n<li><strong>Couleur<\/strong> : Noir<\/li>\n\n\n\n<li><strong>Mat\u00e9riau<\/strong> : Nylon Peter Jones<\/li>\n<\/ul>\n\n\n\n<p class=\"has-h-4-font-size\"><strong>Delta Clamp<\/strong><\/p>\n\n\n\n<p><br>La Delta Clamp offre une solution de fixation l\u00e9g\u00e8re et \u00e9conomique, sans avoir recours \u00e0 des aimants, des sangles ou des fixations permanentes. Elle assure un maintien confortable et s\u00e9curis\u00e9, sans endommager les v\u00eatements. La plaque arri\u00e8re se place \u00e0 l\u2019int\u00e9rieur du v\u00eatement, la plaque avant se clipse \u00e0 travers le tissu dans la plaque arri\u00e8re, et la bague de verrouillage se serre pour garantir une fixation fiable.<\/p>\n\n\n\n<p>La Delta Clamp constitue une plateforme de montage stable et fiable, adapt\u00e9e \u00e0 tous les v\u00eatements, \u00e0 l\u2019exception des plus \u00e9pais.<\/p>\n\n\n\n<p>En tant que produit de la gamme Delta, la Delta Clamp est l\u00e9g\u00e8re \u00e0 porter, robuste, \u00e9conomique et peut \u00eatre retourn\u00e9e \u00e0 Peter Jones en fin de vie pour \u00eatre recycl\u00e9e.<\/p>\n\n\n\n<figure class=\"wp-block-image aligncenter size-large is-resized\"><img loading=\"lazy\" decoding=\"async\" width=\"1024\" height=\"683\" src=\"https:\/\/www.peterjonesilg.co.uk\/app\/uploads\/sites\/2\/2025\/10\/DSC4277-1024x683.jpg\" alt=\"\" class=\"wp-image-1966\" style=\"width:611px\" srcset=\"https:\/\/www.peterjonesilg.co.uk\/app\/uploads\/sites\/2\/2025\/10\/DSC4277-1024x683.jpg 1024w, https:\/\/www.peterjonesilg.co.uk\/app\/uploads\/sites\/2\/2025\/10\/DSC4277-300x200.jpg 300w, https:\/\/www.peterjonesilg.co.uk\/app\/uploads\/sites\/2\/2025\/10\/DSC4277-768x512.jpg 768w, https:\/\/www.peterjonesilg.co.uk\/app\/uploads\/sites\/2\/2025\/10\/DSC4277-1536x1025.jpg 1536w, https:\/\/www.peterjonesilg.co.uk\/app\/uploads\/sites\/2\/2025\/10\/DSC4277-80x53.jpg 80w, https:\/\/www.peterjonesilg.co.uk\/app\/uploads\/sites\/2\/2025\/10\/DSC4277-160x107.jpg 160w, https:\/\/www.peterjonesilg.co.uk\/app\/uploads\/sites\/2\/2025\/10\/DSC4277.jpg 2048w\" sizes=\"auto, (max-width: 1024px) 100vw, 1024px\" \/><\/figure>\n\n\n\n<p><strong>Caract\u00e9ristiques du produit<\/strong><\/p>\n\n\n\n<ul class=\"wp-block-list\">\n<li>Aucun aimant requis<\/li>\n\n\n\n<li>Aucun composant m\u00e9tallique<\/li>\n\n\n\n<li>Conception l\u00e9g\u00e8re<\/li>\n\n\n\n<li>Solution \u00e9conomique<\/li>\n\n\n\n<li>Recyclable via le programme de retour Peter Jones<\/li>\n<\/ul>\n\n\n\n<p><strong>D\u00e9tails du produit<\/strong><\/p>\n\n\n\n<ul class=\"wp-block-list\">\n<li><strong>Poids<\/strong> : 0,56 kg<\/li>\n\n\n\n<li><strong>Dimensions<\/strong> : L 100,1 mm \u00d7 l 85,3 mm \u00d7 P 15,3 mm<\/li>\n\n\n\n<li><strong>Couleurs<\/strong> : Diverses<\/li>\n\n\n\n<li><strong>Mat\u00e9riau<\/strong> : Nylon (Peter Jones)<\/li>\n<\/ul>\n\n\n\n<p class=\"has-h-4-font-size\"><strong>Klick Fast Delta MOLLE Dock<\/strong><\/p>\n\n\n\n<p><br>Un support s\u00e9curis\u00e9 et stable pour les sangles MOLLE. Il se fixe, s\u2019ajuste et se repositionne facilement pour offrir une flexibilit\u00e9 maximale. Aucun ressort ni goupille n\u2019est utilis\u00e9, ce qui \u00e9limine les pi\u00e8ces m\u00e9talliques susceptibles de se d\u00e9t\u00e9riorer, de rouiller ou d\u2019accumuler salet\u00e9s et d\u00e9bris.<\/p>\n\n\n\n<figure class=\"wp-block-image aligncenter size-full is-resized\"><img loading=\"lazy\" decoding=\"async\" width=\"1024\" height=\"683\" src=\"https:\/\/www.peterjonesilg.co.uk\/app\/uploads\/sites\/2\/2025\/10\/Delta-MOLLE-Dock-1024x683-1.jpg\" alt=\"\" class=\"wp-image-1967\" style=\"width:611px\" srcset=\"https:\/\/www.peterjonesilg.co.uk\/app\/uploads\/sites\/2\/2025\/10\/Delta-MOLLE-Dock-1024x683-1.jpg 1024w, https:\/\/www.peterjonesilg.co.uk\/app\/uploads\/sites\/2\/2025\/10\/Delta-MOLLE-Dock-1024x683-1-300x200.jpg 300w, https:\/\/www.peterjonesilg.co.uk\/app\/uploads\/sites\/2\/2025\/10\/Delta-MOLLE-Dock-1024x683-1-768x512.jpg 768w, https:\/\/www.peterjonesilg.co.uk\/app\/uploads\/sites\/2\/2025\/10\/Delta-MOLLE-Dock-1024x683-1-80x53.jpg 80w, https:\/\/www.peterjonesilg.co.uk\/app\/uploads\/sites\/2\/2025\/10\/Delta-MOLLE-Dock-1024x683-1-160x107.jpg 160w\" sizes=\"auto, (max-width: 1024px) 100vw, 1024px\" \/><\/figure>\n\n\n\n<p><strong>Caract\u00e9ristiques du produit<\/strong><\/p>\n\n\n\n<ul class=\"wp-block-list\">\n<li>Aucun aimant ni m\u00e9tal requis<\/li>\n\n\n\n<li>Facile \u00e0 utiliser<\/li>\n\n\n\n<li>Robuste tout en restant l\u00e9ger<\/li>\n\n\n\n<li>Compatibilit\u00e9 universelle avec les syst\u00e8mes MOLLE pour une flexibilit\u00e9 maximale<\/li>\n\n\n\n<li>Mat\u00e9riaux durables pour une longue dur\u00e9e de vie et une r\u00e9duction des co\u00fbts de remplacement<\/li>\n\n\n\n<li>Peut \u00eatre adapt\u00e9 pour accueillir des unit\u00e9s de spray PAVA<\/li>\n\n\n\n<li>Recyclable via le programme de retour Peter Jones<\/li>\n\n\n\n<li>Ouvertures frontales permettant l\u2019attache d\u2019une dragonne pour plus de s\u00e9curit\u00e9<\/li>\n<\/ul>\n\n\n\n<p><strong>D\u00e9tails du produit<\/strong><\/p>\n\n\n\n<ul class=\"wp-block-list\">\n<li><strong>Poids<\/strong> : 0,038 kg<\/li>\n\n\n\n<li><strong>Dimensions<\/strong> : L 112,1 mm \u00d7 l 61,2 mm \u00d7 P 16 mm<\/li>\n\n\n\n<li><strong>Couleur<\/strong> : Noir<\/li>\n\n\n\n<li><strong>Mat\u00e9riau<\/strong> : Nylon Peter Jones<\/li>\n<\/ul>\n\n\n\n<p class=\"has-h-4-font-size\"><strong>Harnais Delta<\/strong><\/p>\n\n\n\n<p>Le harnais Delta de Peter Jones est une solution durable, l\u00e9g\u00e8re et \u00e9conomique, int\u00e9grant une base Klick Fast pour fixer des appareils tels que les cam\u00e9ras-pi\u00e9tons.<br>Le harnais Delta est disponible en version quatre points ou trois points (pour port \u00e0 droite ou \u00e0 gauche).<\/p>\n\n\n\n<figure class=\"wp-block-image aligncenter size-full is-resized\"><img loading=\"lazy\" decoding=\"async\" width=\"1024\" height=\"683\" src=\"https:\/\/www.peterjonesilg.co.uk\/app\/uploads\/sites\/2\/2025\/10\/Delta-Harness-1024x683-1.jpg\" alt=\"\" class=\"wp-image-1968\" style=\"width:611px\" srcset=\"https:\/\/www.peterjonesilg.co.uk\/app\/uploads\/sites\/2\/2025\/10\/Delta-Harness-1024x683-1.jpg 1024w, https:\/\/www.peterjonesilg.co.uk\/app\/uploads\/sites\/2\/2025\/10\/Delta-Harness-1024x683-1-300x200.jpg 300w, https:\/\/www.peterjonesilg.co.uk\/app\/uploads\/sites\/2\/2025\/10\/Delta-Harness-1024x683-1-768x512.jpg 768w, https:\/\/www.peterjonesilg.co.uk\/app\/uploads\/sites\/2\/2025\/10\/Delta-Harness-1024x683-1-80x53.jpg 80w, https:\/\/www.peterjonesilg.co.uk\/app\/uploads\/sites\/2\/2025\/10\/Delta-Harness-1024x683-1-160x107.jpg 160w\" sizes=\"auto, (max-width: 1024px) 100vw, 1024px\" \/><\/figure>\n\n\n\n<p><strong>Caract\u00e9ristiques du produit :<\/strong><\/p>\n\n\n\n<ul class=\"wp-block-list\">\n<li>Conception ergonomique, solide et l\u00e9g\u00e8re, assurant un confort optimal pour tous les gabarits<\/li>\n\n\n\n<li>Int\u00e8gre le syst\u00e8me Klick Fast, garanti pour plus de 50 000 utilisations gr\u00e2ce \u00e0 la formule polym\u00e8re exclusive de Peter Jones<\/li>\n\n\n\n<li>Compatible avec tous les appareils ou supports \u00e9quip\u00e9s de connecteurs Klick Fast Peter Jones<\/li>\n\n\n\n<li>Recyclable en fin de vie via retour \u00e0 Peter Jones<\/li>\n\n\n\n<li>Solution \u00e9conomique gr\u00e2ce \u00e0 une fabrication optimis\u00e9e et des mat\u00e9riaux rationalis\u00e9s<\/li>\n\n\n\n<li>Boucles cin\u00e9tiques permettant une flexibilit\u00e9 des sangles pour un confort accru<\/li>\n\n\n\n<li>Sangles \u00e9lastiques autour du torse et reli\u00e9es \u00e0 la glissi\u00e8re arri\u00e8re pour un ajustement souple et s\u00e9curis\u00e9<\/li>\n\n\n\n<li>Sangles d\u2019\u00e9paule et de taille r\u00e9glables en longueur<\/li>\n\n\n\n<li>Boucle \u00e0 d\u00e9gagement rapide pour une ouverture et fermeture faciles<\/li>\n\n\n\n<li>Fente pour attache secondaire via cordon, offrant une s\u00e9curit\u00e9 suppl\u00e9mentaire pour les appareils<\/li>\n<\/ul>\n\n\n\n<p><strong>D\u00e9tails du produit<\/strong><\/p>\n\n\n\n<p><strong>Poids<\/strong><\/p>\n\n\n\n<p>0,142 kg<\/p>\n\n\n\n<p><strong>Couleurs<\/strong><\/p>\n\n\n\n<p>Noir<\/p>\n\n\n\n<p><strong>Mat\u00e9riaux<\/strong><\/p>\n\n\n\n<p>Nylon Peter Jones ; sangle en nylon ; \u00e9lastique en polyester ; nylon<\/p>\n\n\n\n<p class=\"has-h-4-font-size\"><strong>Clip M\u00e9canique Klick Fast<\/strong><\/p>\n\n\n\n<figure class=\"wp-block-image aligncenter size-large is-resized\"><img loading=\"lazy\" decoding=\"async\" width=\"1024\" height=\"683\" src=\"https:\/\/www.peterjonesilg.co.uk\/app\/uploads\/sites\/2\/2025\/10\/Mechanical-Clip-1024x683.jpg\" alt=\"\" class=\"wp-image-2291\" style=\"width:611px\" srcset=\"https:\/\/www.peterjonesilg.co.uk\/app\/uploads\/sites\/2\/2025\/10\/Mechanical-Clip-1024x683.jpg 1024w, https:\/\/www.peterjonesilg.co.uk\/app\/uploads\/sites\/2\/2025\/10\/Mechanical-Clip-300x200.jpg 300w, https:\/\/www.peterjonesilg.co.uk\/app\/uploads\/sites\/2\/2025\/10\/Mechanical-Clip-768x512.jpg 768w, https:\/\/www.peterjonesilg.co.uk\/app\/uploads\/sites\/2\/2025\/10\/Mechanical-Clip-1536x1024.jpg 1536w, https:\/\/www.peterjonesilg.co.uk\/app\/uploads\/sites\/2\/2025\/10\/Mechanical-Clip-80x53.jpg 80w, https:\/\/www.peterjonesilg.co.uk\/app\/uploads\/sites\/2\/2025\/10\/Mechanical-Clip-160x107.jpg 160w, https:\/\/www.peterjonesilg.co.uk\/app\/uploads\/sites\/2\/2025\/10\/Mechanical-Clip.jpg 1650w\" sizes=\"auto, (max-width: 1024px) 100vw, 1024px\" \/><\/figure>\n\n\n\n<p><br>Le Clip M\u00e9canique Klick Fast est con\u00e7u pour offrir une fixation fiable et polyvalente. Gr\u00e2ce \u00e0 ses puissantes dents de type crocodile, ce clip assure une prise ferme sur les v\u00eatements, garantissant que vos cam\u00e9ras corporelles, radios, dispositifs pour travailleurs isol\u00e9s et autres \u00e9quipements restent bien en place. Ne comportant ni pi\u00e8ces m\u00e9talliques ni aimants, il constitue une solution s\u00fbre, l\u00e9g\u00e8re et \u00e9conomique. Faisant partie de la gamme durable Delta, le Delta Clip est un choix respectueux de l\u2019environnement, con\u00e7u pour durer. Une version anti-basculement est \u00e9galement disponible pour offrir une stabilit\u00e9 renforc\u00e9e \u00e0 votre \u00e9quipement.<\/p>\n\n\n\n<p><strong>Caract\u00e9ristiques du produit<\/strong><\/p>\n\n\n\n<ul class=\"wp-block-list\">\n<li>Aucun aimant requis<\/li>\n\n\n\n<li>Aucun composant m\u00e9tallique<\/li>\n\n\n\n<li>Conception l\u00e9g\u00e8re<\/li>\n\n\n\n<li>Solution \u00e9conomique<\/li>\n\n\n\n<li>Adapt\u00e9 \u00e0 une utilisation l\u00e9g\u00e8re \u00e0 mod\u00e9r\u00e9e<\/li>\n\n\n\n<li>Recyclable via le programme de retour Peter Jones<\/li>\n<\/ul>\n\n\n\n<p><strong>D\u00e9tails du produit<\/strong><\/p>\n\n\n\n<ul class=\"wp-block-list\">\n<li><strong>Poids<\/strong> : 0,19 kg<\/li>\n\n\n\n<li><strong>Dimensions<\/strong> : l 39,3 mm \u00d7 p 16,1 mm \u00d7 h 66,9 mm<\/li>\n\n\n\n<li><strong>Couleurs<\/strong> : Diverses<\/li>\n\n\n\n<li><strong>Mat\u00e9riau<\/strong> : Nylon<\/li>\n<\/ul>\n\n\n\n<p><\/p>\n","protected":false},"excerpt":{"rendered":"<p>La gamme Delta a \u00e9t\u00e9 con\u00e7ue pour r\u00e9pondre aux besoins des professionnels d\u2019aujourd\u2019hui, en proposant des solutions de port d\u2019\u00e9quipement \u00e0 la fois l\u00e9g\u00e8res, durables et \u00e9conomiques pour les dispositifs et \u00e9quipements qui contribuent \u00e0 la s\u00e9curit\u00e9 des travailleurs.Qu\u2019ils soient utilis\u00e9s par les services d\u2019urgence, les agents de s\u00e9curit\u00e9, les \u00e9quipes industrielles ou les employ\u00e9s &hellip; <a href=\"https:\/\/www.peterjonesilg.co.uk\/fr\/product-ranges\/gamme-delta\/\">A continu\u00e9<\/a><\/p>\n","protected":false},"author":8,"featured_media":0,"parent":22,"menu_order":0,"comment_status":"closed","ping_status":"closed","template":"","meta":{"_acf_changed":false,"footnotes":""},"class_list":["post-1962","page","type-page","status-publish","hentry"],"acf":[],"yoast_head":"<!-- This site is optimized with the Yoast SEO plugin v27.2 - https:\/\/yoast.com\/product\/yoast-seo-wordpress\/ -->\n<title>Gamme Delta - Peter Jones (ILG)<\/title>\n<meta name=\"robots\" content=\"index, follow, max-snippet:-1, max-image-preview:large, max-video-preview:-1\" \/>\n<link rel=\"canonical\" href=\"https:\/\/www.peterjonesilg.co.uk\/fr\/product-ranges\/gamme-delta\/\" \/>\n<meta property=\"og:locale\" content=\"fr_FR\" \/>\n<meta property=\"og:type\" content=\"article\" \/>\n<meta property=\"og:title\" content=\"Gamme Delta - Peter Jones (ILG)\" \/>\n<meta property=\"og:description\" content=\"La gamme Delta a \u00e9t\u00e9 con\u00e7ue pour r\u00e9pondre aux besoins des professionnels d\u2019aujourd\u2019hui, en proposant des solutions de port d\u2019\u00e9quipement \u00e0 la fois l\u00e9g\u00e8res, durables et \u00e9conomiques pour les dispositifs et \u00e9quipements qui contribuent \u00e0 la s\u00e9curit\u00e9 des travailleurs.Qu\u2019ils soient utilis\u00e9s par les services d\u2019urgence, les agents de s\u00e9curit\u00e9, les \u00e9quipes industrielles ou les employ\u00e9s &hellip; A continu\u00e9\" \/>\n<meta property=\"og:url\" content=\"https:\/\/www.peterjonesilg.co.uk\/fr\/product-ranges\/gamme-delta\/\" \/>\n<meta property=\"og:site_name\" content=\"Peter Jones (ILG)\" \/>\n<meta property=\"article:modified_time\" content=\"2026-01-20T14:06:28+00:00\" \/>\n<meta property=\"og:image\" content=\"https:\/\/www.peterjonesilg.co.uk\/app\/uploads\/sites\/2\/2025\/10\/DSC4267.jpg\" \/>\n\t<meta property=\"og:image:width\" content=\"2048\" \/>\n\t<meta property=\"og:image:height\" content=\"1366\" \/>\n\t<meta property=\"og:image:type\" content=\"image\/jpeg\" \/>\n<meta name=\"twitter:card\" content=\"summary_large_image\" \/>\n<meta name=\"twitter:label1\" content=\"Est. reading time\" \/>\n\t<meta name=\"twitter:data1\" content=\"6 minutes\" \/>\n<script type=\"application\/ld+json\" class=\"yoast-schema-graph\">{\"@context\":\"https:\/\/schema.org\",\"@graph\":[{\"@type\":\"WebPage\",\"@id\":\"https:\/\/www.peterjonesilg.co.uk\/fr\/product-ranges\/gamme-delta\/\",\"url\":\"https:\/\/www.peterjonesilg.co.uk\/fr\/product-ranges\/gamme-delta\/\",\"name\":\"Gamme Delta - Peter Jones (ILG)\",\"isPartOf\":{\"@id\":\"https:\/\/www.peterjonesilg.co.uk\/fr\/#website\"},\"primaryImageOfPage\":{\"@id\":\"https:\/\/www.peterjonesilg.co.uk\/fr\/product-ranges\/gamme-delta\/#primaryimage\"},\"image\":{\"@id\":\"https:\/\/www.peterjonesilg.co.uk\/fr\/product-ranges\/gamme-delta\/#primaryimage\"},\"thumbnailUrl\":\"https:\/\/www.peterjonesilg.co.uk\/app\/uploads\/sites\/2\/2025\/10\/DSC4267-1024x683.jpg\",\"datePublished\":\"2025-10-07T13:17:46+00:00\",\"dateModified\":\"2026-01-20T14:06:28+00:00\",\"breadcrumb\":{\"@id\":\"https:\/\/www.peterjonesilg.co.uk\/fr\/product-ranges\/gamme-delta\/#breadcrumb\"},\"inLanguage\":\"fr-FR\",\"potentialAction\":[{\"@type\":\"ReadAction\",\"target\":[\"https:\/\/www.peterjonesilg.co.uk\/fr\/product-ranges\/gamme-delta\/\"]}]},{\"@type\":\"ImageObject\",\"inLanguage\":\"fr-FR\",\"@id\":\"https:\/\/www.peterjonesilg.co.uk\/fr\/product-ranges\/gamme-delta\/#primaryimage\",\"url\":\"https:\/\/www.peterjonesilg.co.uk\/app\/uploads\/sites\/2\/2025\/10\/DSC4267-1024x683.jpg\",\"contentUrl\":\"https:\/\/www.peterjonesilg.co.uk\/app\/uploads\/sites\/2\/2025\/10\/DSC4267-1024x683.jpg\"},{\"@type\":\"BreadcrumbList\",\"@id\":\"https:\/\/www.peterjonesilg.co.uk\/fr\/product-ranges\/gamme-delta\/#breadcrumb\",\"itemListElement\":[{\"@type\":\"ListItem\",\"position\":1,\"name\":\"Accueil\",\"item\":\"https:\/\/www.peterjonesilg.co.uk\/fr\/\"},{\"@type\":\"ListItem\",\"position\":2,\"name\":\"Nos produits\",\"item\":\"https:\/\/www.peterjonesilg.co.uk\/fr\/product-ranges\/\"},{\"@type\":\"ListItem\",\"position\":3,\"name\":\"Gamme Delta\"}]},{\"@type\":\"WebSite\",\"@id\":\"https:\/\/www.peterjonesilg.co.uk\/fr\/#website\",\"url\":\"https:\/\/www.peterjonesilg.co.uk\/fr\/\",\"name\":\"Peter Jones (ILG)\",\"description\":\"\",\"potentialAction\":[{\"@type\":\"SearchAction\",\"target\":{\"@type\":\"EntryPoint\",\"urlTemplate\":\"https:\/\/www.peterjonesilg.co.uk\/fr\/?s={search_term_string}\"},\"query-input\":{\"@type\":\"PropertyValueSpecification\",\"valueRequired\":true,\"valueName\":\"search_term_string\"}}],\"inLanguage\":\"fr-FR\"}]}<\/script>\n<!-- \/ Yoast SEO plugin. -->","yoast_head_json":{"title":"Gamme Delta - Peter Jones (ILG)","robots":{"index":"index","follow":"follow","max-snippet":"max-snippet:-1","max-image-preview":"max-image-preview:large","max-video-preview":"max-video-preview:-1"},"canonical":"https:\/\/www.peterjonesilg.co.uk\/fr\/product-ranges\/gamme-delta\/","og_locale":"fr_FR","og_type":"article","og_title":"Gamme Delta - Peter Jones (ILG)","og_description":"La gamme Delta a \u00e9t\u00e9 con\u00e7ue pour r\u00e9pondre aux besoins des professionnels d\u2019aujourd\u2019hui, en proposant des solutions de port d\u2019\u00e9quipement \u00e0 la fois l\u00e9g\u00e8res, durables et \u00e9conomiques pour les dispositifs et \u00e9quipements qui contribuent \u00e0 la s\u00e9curit\u00e9 des travailleurs.Qu\u2019ils soient utilis\u00e9s par les services d\u2019urgence, les agents de s\u00e9curit\u00e9, les \u00e9quipes industrielles ou les employ\u00e9s &hellip; A continu\u00e9","og_url":"https:\/\/www.peterjonesilg.co.uk\/fr\/product-ranges\/gamme-delta\/","og_site_name":"Peter Jones (ILG)","article_modified_time":"2026-01-20T14:06:28+00:00","og_image":[{"width":2048,"height":1366,"url":"https:\/\/www.peterjonesilg.co.uk\/app\/uploads\/sites\/2\/2025\/10\/DSC4267.jpg","type":"image\/jpeg"}],"twitter_card":"summary_large_image","twitter_misc":{"Est. reading time":"6 minutes"},"schema":{"@context":"https:\/\/schema.org","@graph":[{"@type":"WebPage","@id":"https:\/\/www.peterjonesilg.co.uk\/fr\/product-ranges\/gamme-delta\/","url":"https:\/\/www.peterjonesilg.co.uk\/fr\/product-ranges\/gamme-delta\/","name":"Gamme Delta - Peter Jones (ILG)","isPartOf":{"@id":"https:\/\/www.peterjonesilg.co.uk\/fr\/#website"},"primaryImageOfPage":{"@id":"https:\/\/www.peterjonesilg.co.uk\/fr\/product-ranges\/gamme-delta\/#primaryimage"},"image":{"@id":"https:\/\/www.peterjonesilg.co.uk\/fr\/product-ranges\/gamme-delta\/#primaryimage"},"thumbnailUrl":"https:\/\/www.peterjonesilg.co.uk\/app\/uploads\/sites\/2\/2025\/10\/DSC4267-1024x683.jpg","datePublished":"2025-10-07T13:17:46+00:00","dateModified":"2026-01-20T14:06:28+00:00","breadcrumb":{"@id":"https:\/\/www.peterjonesilg.co.uk\/fr\/product-ranges\/gamme-delta\/#breadcrumb"},"inLanguage":"fr-FR","potentialAction":[{"@type":"ReadAction","target":["https:\/\/www.peterjonesilg.co.uk\/fr\/product-ranges\/gamme-delta\/"]}]},{"@type":"ImageObject","inLanguage":"fr-FR","@id":"https:\/\/www.peterjonesilg.co.uk\/fr\/product-ranges\/gamme-delta\/#primaryimage","url":"https:\/\/www.peterjonesilg.co.uk\/app\/uploads\/sites\/2\/2025\/10\/DSC4267-1024x683.jpg","contentUrl":"https:\/\/www.peterjonesilg.co.uk\/app\/uploads\/sites\/2\/2025\/10\/DSC4267-1024x683.jpg"},{"@type":"BreadcrumbList","@id":"https:\/\/www.peterjonesilg.co.uk\/fr\/product-ranges\/gamme-delta\/#breadcrumb","itemListElement":[{"@type":"ListItem","position":1,"name":"Accueil","item":"https:\/\/www.peterjonesilg.co.uk\/fr\/"},{"@type":"ListItem","position":2,"name":"Nos produits","item":"https:\/\/www.peterjonesilg.co.uk\/fr\/product-ranges\/"},{"@type":"ListItem","position":3,"name":"Gamme Delta"}]},{"@type":"WebSite","@id":"https:\/\/www.peterjonesilg.co.uk\/fr\/#website","url":"https:\/\/www.peterjonesilg.co.uk\/fr\/","name":"Peter Jones (ILG)","description":"","potentialAction":[{"@type":"SearchAction","target":{"@type":"EntryPoint","urlTemplate":"https:\/\/www.peterjonesilg.co.uk\/fr\/?s={search_term_string}"},"query-input":{"@type":"PropertyValueSpecification","valueRequired":true,"valueName":"search_term_string"}}],"inLanguage":"fr-FR"}]}},"_links":{"self":[{"href":"https:\/\/www.peterjonesilg.co.uk\/fr\/wp-json\/wp\/v2\/pages\/1962","targetHints":{"allow":["GET"]}}],"collection":[{"href":"https:\/\/www.peterjonesilg.co.uk\/fr\/wp-json\/wp\/v2\/pages"}],"about":[{"href":"https:\/\/www.peterjonesilg.co.uk\/fr\/wp-json\/wp\/v2\/types\/page"}],"author":[{"embeddable":true,"href":"https:\/\/www.peterjonesilg.co.uk\/fr\/wp-json\/wp\/v2\/users\/8"}],"replies":[{"embeddable":true,"href":"https:\/\/www.peterjonesilg.co.uk\/fr\/wp-json\/wp\/v2\/comments?post=1962"}],"version-history":[{"count":5,"href":"https:\/\/www.peterjonesilg.co.uk\/fr\/wp-json\/wp\/v2\/pages\/1962\/revisions"}],"predecessor-version":[{"id":2328,"href":"https:\/\/www.peterjonesilg.co.uk\/fr\/wp-json\/wp\/v2\/pages\/1962\/revisions\/2328"}],"up":[{"embeddable":true,"href":"https:\/\/www.peterjonesilg.co.uk\/fr\/wp-json\/wp\/v2\/pages\/22"}],"wp:attachment":[{"href":"https:\/\/www.peterjonesilg.co.uk\/fr\/wp-json\/wp\/v2\/media?parent=1962"}],"curies":[{"name":"wp","href":"https:\/\/api.w.org\/{rel}","templated":true}]}}