{"id":1288,"date":"2023-04-18T08:51:59","date_gmt":"2023-04-18T07:51:59","guid":{"rendered":"https:\/\/staging.peterjonesilg.co.uk\/fr\/?page_id=1288"},"modified":"2025-10-07T12:05:04","modified_gmt":"2025-10-07T11:05:04","slug":"handcuff-holders","status":"publish","type":"page","link":"https:\/\/www.peterjonesilg.co.uk\/fr\/product-ranges\/handcuff-holders\/","title":{"rendered":"\u00c9tui pour menottes"},"content":{"rendered":"\n\n\n<p>Les <strong>\u00e9tuis pour menottes Peter Jones<\/strong> sont fabriqu\u00e9s au Royaume-Uni \u00e0 partir de <strong>cuir de qualit\u00e9 sup\u00e9rieure<\/strong> et de <strong>composants robustes<\/strong>, con\u00e7us pour durer et r\u00e9sister aux environnements les plus exigeants.<br>La gamme assure une <strong>fixation s\u00e9curis\u00e9e<\/strong> des menottes tout en permettant un <strong>acc\u00e8s rapide<\/strong> lorsque la situation l\u2019exige. Fiables et efficaces, ils ne vous laisseront jamais tomber.<\/p>\n\n\n\n<p>Notre <strong>\u00e9tui rotatif pour menottes rigides<\/strong> permet un <strong>port mains libres<\/strong> pour la plupart des marques, notamment <strong>Hiatt<\/strong> et <strong>TCH<\/strong>.<\/p>\n\n\n\n<p>Nous proposons \u00e9galement des <strong>\u00e9tuis ouverts en cuir<\/strong> pour menottes rigides, pouvant \u00eatre fix\u00e9s \u00e0 la ceinture gr\u00e2ce \u00e0 un <strong>passant en cuir<\/strong> positionn\u00e9 <strong>au centre<\/strong> ou <strong>en haut de l\u2019\u00e9tui<\/strong>, selon que vous pr\u00e9f\u00e9riez un <strong>port haut ou bas<\/strong> des menottes.<\/p>\n\n\n<section class=\"gallery-grid even\"\n           aria-label=\"\u00c9tui pour menottes image gallery\">\n          <div>\n        <img loading=\"lazy\" decoding=\"async\" width=\"1650\" height=\"1100\" src=\"https:\/\/www.peterjonesilg.co.uk\/app\/uploads\/sites\/2\/2023\/04\/P200_FRONT.jpg\" class=\"attachment-image_4_3_medium size-image_4_3_medium\" alt=\"\" srcset=\"https:\/\/www.peterjonesilg.co.uk\/app\/uploads\/sites\/2\/2023\/04\/P200_FRONT.jpg 1650w, https:\/\/www.peterjonesilg.co.uk\/app\/uploads\/sites\/2\/2023\/04\/P200_FRONT-300x200.jpg 300w, https:\/\/www.peterjonesilg.co.uk\/app\/uploads\/sites\/2\/2023\/04\/P200_FRONT-1024x683.jpg 1024w, https:\/\/www.peterjonesilg.co.uk\/app\/uploads\/sites\/2\/2023\/04\/P200_FRONT-768x512.jpg 768w, https:\/\/www.peterjonesilg.co.uk\/app\/uploads\/sites\/2\/2023\/04\/P200_FRONT-1536x1024.jpg 1536w, https:\/\/www.peterjonesilg.co.uk\/app\/uploads\/sites\/2\/2023\/04\/P200_FRONT-80x53.jpg 80w, https:\/\/www.peterjonesilg.co.uk\/app\/uploads\/sites\/2\/2023\/04\/P200_FRONT-160x107.jpg 160w\" sizes=\"auto, (max-width: 1650px) 100vw, 1650px\" \/>\n      <\/div>\n          <div>\n        <img loading=\"lazy\" decoding=\"async\" width=\"1650\" height=\"1100\" src=\"https:\/\/www.peterjonesilg.co.uk\/app\/uploads\/sites\/2\/2023\/04\/P200_SIDE.jpg\" class=\"attachment-image_4_3_medium size-image_4_3_medium\" alt=\"\" srcset=\"https:\/\/www.peterjonesilg.co.uk\/app\/uploads\/sites\/2\/2023\/04\/P200_SIDE.jpg 1650w, https:\/\/www.peterjonesilg.co.uk\/app\/uploads\/sites\/2\/2023\/04\/P200_SIDE-300x200.jpg 300w, https:\/\/www.peterjonesilg.co.uk\/app\/uploads\/sites\/2\/2023\/04\/P200_SIDE-1024x683.jpg 1024w, https:\/\/www.peterjonesilg.co.uk\/app\/uploads\/sites\/2\/2023\/04\/P200_SIDE-768x512.jpg 768w, https:\/\/www.peterjonesilg.co.uk\/app\/uploads\/sites\/2\/2023\/04\/P200_SIDE-1536x1024.jpg 1536w, https:\/\/www.peterjonesilg.co.uk\/app\/uploads\/sites\/2\/2023\/04\/P200_SIDE-80x53.jpg 80w, https:\/\/www.peterjonesilg.co.uk\/app\/uploads\/sites\/2\/2023\/04\/P200_SIDE-160x107.jpg 160w\" sizes=\"auto, (max-width: 1650px) 100vw, 1650px\" \/>\n      <\/div>\n      <\/section>\n\n\n<section class=\"content-panel-block\" aria-label=Product features>\n  <div class=\"content-panel pad bg-mono-800\">\n    \n\n<h2 class=\"wp-block-heading has-text-align-center has-h-4-font-size\"><strong>Caract\u00e9ristiques du produit<\/strong><\/h2>\n\n\n\n<div class=\"wp-block-columns is-layout-flex wp-container-core-columns-is-layout-9d6595d7 wp-block-columns-is-layout-flex\">\n<div class=\"wp-block-column is-layout-flow wp-block-column-is-layout-flow\">\n<ul class=\"wp-block-list\">\n<li>Le <strong>positionnement ajustable<\/strong> des \u00e9tuis pour menottes rigides (Speed Cuff) est assur\u00e9 par un <strong>cliquet en nylon durable \u00e0 12 positions<\/strong>, rotatif \u00e0 <strong>360\u00ba<\/strong>.<\/li>\n\n\n\n<li>Une <strong>sangle de retenue en cuir<\/strong> s\u00e9curise les menottes rigides dans l\u2019\u00e9tui, avec des <strong>boutons-pression<\/strong> faciles \u00e0 ouvrir et \u00e0 fermer.<\/li>\n\n\n\n<li>L\u2019<strong>\u00e9tui rotatif pour menottes rigides<\/strong> int\u00e8gre un <strong>moulage int\u00e9rieur en nylon haute r\u00e9sistance<\/strong> qui maintient les menottes en place m\u00eame apr\u00e8s ouverture de la sangle de retenue.<\/li>\n\n\n\n<li>Les mod\u00e8les standards sont \u00e9quip\u00e9s d\u2019un <strong>passant arri\u00e8re en cuir<\/strong> pour une fixation sur des ceintures jusqu\u2019\u00e0 <strong>50 mm<\/strong> de largeur.<br>Une version est \u00e9galement disponible pour des ceintures jusqu\u2019\u00e0 <strong>55 mm<\/strong>.<\/li>\n<\/ul>\n<\/div>\n\n\n\n<div class=\"wp-block-column is-layout-flow wp-block-column-is-layout-flow\">\n<ul class=\"wp-block-list\">\n<li>Des <strong>options de montage alternatives<\/strong> incluent une <strong>attache syst\u00e8me MOLLE<\/strong> pour fixation sur gilets MOLLE.\u00a0 Les mod\u00e8les avec <strong>connecteur Klick Fast<\/strong> peuvent aussi \u00eatre fournis avec des <strong>docks Klick Fast pour ceinture<\/strong>, compatibles avec des largeurs de <strong>32 mm, 38 mm, 50 mm ou 60 mm<\/strong>, offrant une <strong>flexibilit\u00e9 maximale<\/strong> pour un port sur le corps ou sur la ceinture.<\/li>\n\n\n\n<li>Une <strong>s\u00e9lection d\u2019\u00e9tuis en cuir<\/strong>, ouverts ou ferm\u00e9s, est \u00e9galement disponible pour les <strong>menottes standards non rigides<\/strong>, avec <strong>passants pour ceinture<\/strong> int\u00e9gr\u00e9s.<\/li>\n<\/ul>\n<\/div>\n<\/div>\n\n\n  <\/div>\n<\/section>\n\n\n<div class=\"content-banner\" aria-label=\"Contactez-nous pour plus d&#039;informations\">\n  <div class=\"inner bg-green-400 text-white\">\n    <p class=\"h2\">Contactez-nous pour plus d&#039;informations<\/p>\n          <a href=\"http:\/\/www.peterjonesilg.co.uk\/fr\/contact\/\" class=\"button green\">Contactez-nous<\/a>\n      <\/div>\n<\/div>\n","protected":false},"excerpt":{"rendered":"<p>Les \u00e9tuis pour menottes Peter Jones sont fabriqu\u00e9s au Royaume-Uni \u00e0 partir de cuir de qualit\u00e9 sup\u00e9rieure et de composants robustes, con\u00e7us pour durer et r\u00e9sister aux environnements les plus exigeants.La gamme assure une fixation s\u00e9curis\u00e9e des menottes tout en permettant un acc\u00e8s rapide lorsque la situation l\u2019exige. Fiables et efficaces, ils ne vous laisseront &hellip; <a href=\"https:\/\/www.peterjonesilg.co.uk\/fr\/product-ranges\/handcuff-holders\/\">A continu\u00e9<\/a><\/p>\n","protected":false},"author":5,"featured_media":1297,"parent":22,"menu_order":6,"comment_status":"closed","ping_status":"closed","template":"","meta":{"_acf_changed":false,"footnotes":""},"class_list":["post-1288","page","type-page","status-publish","has-post-thumbnail","hentry"],"acf":[],"yoast_head":"<!-- This site is optimized with the Yoast SEO plugin v27.2 - https:\/\/yoast.com\/product\/yoast-seo-wordpress\/ -->\n<title>\u00c9tui pour menottes - Peter Jones (ILG)<\/title>\n<meta name=\"robots\" content=\"index, follow, max-snippet:-1, max-image-preview:large, max-video-preview:-1\" \/>\n<link rel=\"canonical\" href=\"https:\/\/www.peterjonesilg.co.uk\/fr\/product-ranges\/handcuff-holders\/\" \/>\n<meta property=\"og:locale\" content=\"fr_FR\" \/>\n<meta property=\"og:type\" content=\"article\" \/>\n<meta property=\"og:title\" content=\"\u00c9tui pour menottes - Peter Jones (ILG)\" \/>\n<meta property=\"og:description\" content=\"Les \u00e9tuis pour menottes Peter Jones sont fabriqu\u00e9s au Royaume-Uni \u00e0 partir de cuir de qualit\u00e9 sup\u00e9rieure et de composants robustes, con\u00e7us pour durer et r\u00e9sister aux environnements les plus exigeants.La gamme assure une fixation s\u00e9curis\u00e9e des menottes tout en permettant un acc\u00e8s rapide lorsque la situation l\u2019exige. Fiables et efficaces, ils ne vous laisseront &hellip; A continu\u00e9\" \/>\n<meta property=\"og:url\" content=\"https:\/\/www.peterjonesilg.co.uk\/fr\/product-ranges\/handcuff-holders\/\" \/>\n<meta property=\"og:site_name\" content=\"Peter Jones (ILG)\" \/>\n<meta property=\"article:modified_time\" content=\"2025-10-07T11:05:04+00:00\" \/>\n<meta property=\"og:image\" content=\"https:\/\/www.peterjonesilg.co.uk\/app\/uploads\/sites\/2\/2023\/04\/P200_MODEL-1.jpg\" \/>\n\t<meta property=\"og:image:width\" content=\"1650\" \/>\n\t<meta property=\"og:image:height\" content=\"1100\" \/>\n\t<meta property=\"og:image:type\" content=\"image\/jpeg\" \/>\n<meta name=\"twitter:card\" content=\"summary_large_image\" \/>\n<meta name=\"twitter:label1\" content=\"Est. reading time\" \/>\n\t<meta name=\"twitter:data1\" content=\"2 minutes\" \/>\n<script type=\"application\/ld+json\" class=\"yoast-schema-graph\">{\"@context\":\"https:\/\/schema.org\",\"@graph\":[{\"@type\":\"WebPage\",\"@id\":\"https:\/\/www.peterjonesilg.co.uk\/fr\/product-ranges\/handcuff-holders\/\",\"url\":\"https:\/\/www.peterjonesilg.co.uk\/fr\/product-ranges\/handcuff-holders\/\",\"name\":\"\u00c9tui pour menottes - Peter Jones (ILG)\",\"isPartOf\":{\"@id\":\"https:\/\/www.peterjonesilg.co.uk\/fr\/#website\"},\"primaryImageOfPage\":{\"@id\":\"https:\/\/www.peterjonesilg.co.uk\/fr\/product-ranges\/handcuff-holders\/#primaryimage\"},\"image\":{\"@id\":\"https:\/\/www.peterjonesilg.co.uk\/fr\/product-ranges\/handcuff-holders\/#primaryimage\"},\"thumbnailUrl\":\"https:\/\/www.peterjonesilg.co.uk\/app\/uploads\/sites\/2\/2023\/04\/P200_MODEL-1.jpg\",\"datePublished\":\"2023-04-18T07:51:59+00:00\",\"dateModified\":\"2025-10-07T11:05:04+00:00\",\"breadcrumb\":{\"@id\":\"https:\/\/www.peterjonesilg.co.uk\/fr\/product-ranges\/handcuff-holders\/#breadcrumb\"},\"inLanguage\":\"fr-FR\",\"potentialAction\":[{\"@type\":\"ReadAction\",\"target\":[\"https:\/\/www.peterjonesilg.co.uk\/fr\/product-ranges\/handcuff-holders\/\"]}]},{\"@type\":\"ImageObject\",\"inLanguage\":\"fr-FR\",\"@id\":\"https:\/\/www.peterjonesilg.co.uk\/fr\/product-ranges\/handcuff-holders\/#primaryimage\",\"url\":\"https:\/\/www.peterjonesilg.co.uk\/app\/uploads\/sites\/2\/2023\/04\/P200_MODEL-1.jpg\",\"contentUrl\":\"https:\/\/www.peterjonesilg.co.uk\/app\/uploads\/sites\/2\/2023\/04\/P200_MODEL-1.jpg\",\"width\":1650,\"height\":1100},{\"@type\":\"BreadcrumbList\",\"@id\":\"https:\/\/www.peterjonesilg.co.uk\/fr\/product-ranges\/handcuff-holders\/#breadcrumb\",\"itemListElement\":[{\"@type\":\"ListItem\",\"position\":1,\"name\":\"Accueil\",\"item\":\"https:\/\/www.peterjonesilg.co.uk\/fr\/\"},{\"@type\":\"ListItem\",\"position\":2,\"name\":\"Nos produits\",\"item\":\"https:\/\/www.peterjonesilg.co.uk\/fr\/product-ranges\/\"},{\"@type\":\"ListItem\",\"position\":3,\"name\":\"\u00c9tui pour menottes\"}]},{\"@type\":\"WebSite\",\"@id\":\"https:\/\/www.peterjonesilg.co.uk\/fr\/#website\",\"url\":\"https:\/\/www.peterjonesilg.co.uk\/fr\/\",\"name\":\"Peter Jones (ILG)\",\"description\":\"\",\"potentialAction\":[{\"@type\":\"SearchAction\",\"target\":{\"@type\":\"EntryPoint\",\"urlTemplate\":\"https:\/\/www.peterjonesilg.co.uk\/fr\/?s={search_term_string}\"},\"query-input\":{\"@type\":\"PropertyValueSpecification\",\"valueRequired\":true,\"valueName\":\"search_term_string\"}}],\"inLanguage\":\"fr-FR\"}]}<\/script>\n<!-- \/ Yoast SEO plugin. -->","yoast_head_json":{"title":"\u00c9tui pour menottes - Peter Jones (ILG)","robots":{"index":"index","follow":"follow","max-snippet":"max-snippet:-1","max-image-preview":"max-image-preview:large","max-video-preview":"max-video-preview:-1"},"canonical":"https:\/\/www.peterjonesilg.co.uk\/fr\/product-ranges\/handcuff-holders\/","og_locale":"fr_FR","og_type":"article","og_title":"\u00c9tui pour menottes - Peter Jones (ILG)","og_description":"Les \u00e9tuis pour menottes Peter Jones sont fabriqu\u00e9s au Royaume-Uni \u00e0 partir de cuir de qualit\u00e9 sup\u00e9rieure et de composants robustes, con\u00e7us pour durer et r\u00e9sister aux environnements les plus exigeants.La gamme assure une fixation s\u00e9curis\u00e9e des menottes tout en permettant un acc\u00e8s rapide lorsque la situation l\u2019exige. Fiables et efficaces, ils ne vous laisseront &hellip; A continu\u00e9","og_url":"https:\/\/www.peterjonesilg.co.uk\/fr\/product-ranges\/handcuff-holders\/","og_site_name":"Peter Jones (ILG)","article_modified_time":"2025-10-07T11:05:04+00:00","og_image":[{"width":1650,"height":1100,"url":"https:\/\/www.peterjonesilg.co.uk\/app\/uploads\/sites\/2\/2023\/04\/P200_MODEL-1.jpg","type":"image\/jpeg"}],"twitter_card":"summary_large_image","twitter_misc":{"Est. reading time":"2 minutes"},"schema":{"@context":"https:\/\/schema.org","@graph":[{"@type":"WebPage","@id":"https:\/\/www.peterjonesilg.co.uk\/fr\/product-ranges\/handcuff-holders\/","url":"https:\/\/www.peterjonesilg.co.uk\/fr\/product-ranges\/handcuff-holders\/","name":"\u00c9tui pour menottes - Peter Jones (ILG)","isPartOf":{"@id":"https:\/\/www.peterjonesilg.co.uk\/fr\/#website"},"primaryImageOfPage":{"@id":"https:\/\/www.peterjonesilg.co.uk\/fr\/product-ranges\/handcuff-holders\/#primaryimage"},"image":{"@id":"https:\/\/www.peterjonesilg.co.uk\/fr\/product-ranges\/handcuff-holders\/#primaryimage"},"thumbnailUrl":"https:\/\/www.peterjonesilg.co.uk\/app\/uploads\/sites\/2\/2023\/04\/P200_MODEL-1.jpg","datePublished":"2023-04-18T07:51:59+00:00","dateModified":"2025-10-07T11:05:04+00:00","breadcrumb":{"@id":"https:\/\/www.peterjonesilg.co.uk\/fr\/product-ranges\/handcuff-holders\/#breadcrumb"},"inLanguage":"fr-FR","potentialAction":[{"@type":"ReadAction","target":["https:\/\/www.peterjonesilg.co.uk\/fr\/product-ranges\/handcuff-holders\/"]}]},{"@type":"ImageObject","inLanguage":"fr-FR","@id":"https:\/\/www.peterjonesilg.co.uk\/fr\/product-ranges\/handcuff-holders\/#primaryimage","url":"https:\/\/www.peterjonesilg.co.uk\/app\/uploads\/sites\/2\/2023\/04\/P200_MODEL-1.jpg","contentUrl":"https:\/\/www.peterjonesilg.co.uk\/app\/uploads\/sites\/2\/2023\/04\/P200_MODEL-1.jpg","width":1650,"height":1100},{"@type":"BreadcrumbList","@id":"https:\/\/www.peterjonesilg.co.uk\/fr\/product-ranges\/handcuff-holders\/#breadcrumb","itemListElement":[{"@type":"ListItem","position":1,"name":"Accueil","item":"https:\/\/www.peterjonesilg.co.uk\/fr\/"},{"@type":"ListItem","position":2,"name":"Nos produits","item":"https:\/\/www.peterjonesilg.co.uk\/fr\/product-ranges\/"},{"@type":"ListItem","position":3,"name":"\u00c9tui pour menottes"}]},{"@type":"WebSite","@id":"https:\/\/www.peterjonesilg.co.uk\/fr\/#website","url":"https:\/\/www.peterjonesilg.co.uk\/fr\/","name":"Peter Jones (ILG)","description":"","potentialAction":[{"@type":"SearchAction","target":{"@type":"EntryPoint","urlTemplate":"https:\/\/www.peterjonesilg.co.uk\/fr\/?s={search_term_string}"},"query-input":{"@type":"PropertyValueSpecification","valueRequired":true,"valueName":"search_term_string"}}],"inLanguage":"fr-FR"}]}},"_links":{"self":[{"href":"https:\/\/www.peterjonesilg.co.uk\/fr\/wp-json\/wp\/v2\/pages\/1288","targetHints":{"allow":["GET"]}}],"collection":[{"href":"https:\/\/www.peterjonesilg.co.uk\/fr\/wp-json\/wp\/v2\/pages"}],"about":[{"href":"https:\/\/www.peterjonesilg.co.uk\/fr\/wp-json\/wp\/v2\/types\/page"}],"author":[{"embeddable":true,"href":"https:\/\/www.peterjonesilg.co.uk\/fr\/wp-json\/wp\/v2\/users\/5"}],"replies":[{"embeddable":true,"href":"https:\/\/www.peterjonesilg.co.uk\/fr\/wp-json\/wp\/v2\/comments?post=1288"}],"version-history":[{"count":27,"href":"https:\/\/www.peterjonesilg.co.uk\/fr\/wp-json\/wp\/v2\/pages\/1288\/revisions"}],"predecessor-version":[{"id":1941,"href":"https:\/\/www.peterjonesilg.co.uk\/fr\/wp-json\/wp\/v2\/pages\/1288\/revisions\/1941"}],"up":[{"embeddable":true,"href":"https:\/\/www.peterjonesilg.co.uk\/fr\/wp-json\/wp\/v2\/pages\/22"}],"wp:featuredmedia":[{"embeddable":true,"href":"https:\/\/www.peterjonesilg.co.uk\/fr\/wp-json\/wp\/v2\/media\/1297"}],"wp:attachment":[{"href":"https:\/\/www.peterjonesilg.co.uk\/fr\/wp-json\/wp\/v2\/media?parent=1288"}],"curies":[{"name":"wp","href":"https:\/\/api.w.org\/{rel}","templated":true}]}}